{"id":178292,"date":"2022-11-20T10:26:28","date_gmt":"2020-11-26T10:46:28","guid":{"rendered":"https:\/\/www.tomhemps.com\/product\/hash-set\/"},"modified":"2025-12-24T23:00:05","modified_gmt":"2025-12-24T22:00:05","slug":"hash-set","status":"publish","type":"product","link":"https:\/\/www.tomhemps.com\/pt-pt\/prp\/hash-set\/","title":{"rendered":"Hash Set"},"content":{"rendered":"","protected":false},"excerpt":{"rendered":"<p>Uma sensa\u00e7\u00e3o de fragr\u00e2ncia de classe superior dispon\u00edvel em duas varia\u00e7\u00f5es: O haxixe doce &#8220;Gelato 361&#8221; CBD e o excitante &#8220;Amn\u00e9sia&#8221; com 22% de CBD cada um ou o &#8220;Bubble Ice&#8221; com um poderoso conte\u00fado de CBD de 40% em combina\u00e7\u00e3o com o nosso haxixe preferido &#8220;Super Dry&#8221; com 20% de CBD. Uma combina\u00e7\u00e3o \u00fanica de dois polinizadores cada um, criados exclusivamente pela Tom Hemp&#8217;s. Prontas a embalar, estas duas granadas de aroma chegam \u00e0 tua casa e s\u00e3o o presente ideal para verdadeiros conhecedores. Os produtos arom\u00e1ticos s\u00e3o polinizados de variedades comerciais de cannabis certificadas pela UE que est\u00e3o listadas no cat\u00e1logo oficial de variedades da UE.<\/p>\n","protected":false},"featured_media":596201,"comment_status":"open","ping_status":"closed","template":"","meta":{"_acf_changed":false},"product_cat":[5117,1153],"product_tag":[],"acf":[],"yoast_head":"<!-- This site is optimized with the Yoast SEO Premium plugin v22.8 (Yoast SEO v22.8) - https:\/\/yoast.com\/wordpress\/plugins\/seo\/ -->\n<title>Hash Set<\/title>\n<meta name=\"description\" content=\"Hash Set - Your CBD Shop | Your CBD Brand | born in Berlin\" \/>\n<meta name=\"robots\" content=\"index, follow, max-snippet:-1, max-image-preview:large, max-video-preview:-1\" \/>\n<link rel=\"canonical\" href=\"https:\/\/www.tomhemps.com\/pt-pt\/prp\/hash-set\/\" \/>\n<meta property=\"og:locale\" content=\"pt_PT\" \/>\n<meta property=\"og:type\" content=\"article\" \/>\n<meta property=\"og:title\" content=\"Hash Set\" \/>\n<meta property=\"og:description\" content=\"Hash Set - Your CBD Shop | Your CBD Brand | born in Berlin\" \/>\n<meta property=\"og:url\" content=\"https:\/\/www.tomhemps.com\/pt-pt\/prp\/hash-set\/\" \/>\n<meta property=\"og:site_name\" content=\"Your CBD Shop | Your CBD Brand | born in Berlin\" \/>\n<meta property=\"article:publisher\" content=\"https:\/\/www.facebook.com\/tomhempsberlin\/\" \/>\n<meta property=\"article:modified_time\" content=\"2025-12-24T22:00:05+00:00\" \/>\n<meta property=\"og:image\" content=\"https:\/\/www.tomhemps.com\/wp-content\/uploads\/2022\/09\/TH-products-680x850-giftset-hash-brown.png\" \/>\n\t<meta property=\"og:image:width\" content=\"680\" \/>\n\t<meta property=\"og:image:height\" content=\"850\" \/>\n\t<meta property=\"og:image:type\" content=\"image\/png\" \/>\n<meta name=\"twitter:card\" content=\"summary_large_image\" \/>\n<script type=\"application\/ld+json\" class=\"yoast-schema-graph\">{\"@context\":\"https:\/\/schema.org\",\"@graph\":[{\"@type\":\"WebPage\",\"@id\":\"https:\/\/www.tomhemps.com\/pt-pt\/prp\/hash-set\/\",\"url\":\"https:\/\/www.tomhemps.com\/pt-pt\/prp\/hash-set\/\",\"name\":\"Hash Set\",\"isPartOf\":{\"@id\":\"https:\/\/www.tomhemps.com\/pt-pt\/#website\"},\"primaryImageOfPage\":{\"@id\":\"https:\/\/www.tomhemps.com\/pt-pt\/prp\/hash-set\/#primaryimage\"},\"image\":{\"@id\":\"https:\/\/www.tomhemps.com\/pt-pt\/prp\/hash-set\/#primaryimage\"},\"thumbnailUrl\":\"https:\/\/www.tomhemps.com\/wp-content\/uploads\/2022\/09\/TH-products-680x850-giftset-hash-brown.png\",\"datePublished\":\"2020-11-26T10:46:28+00:00\",\"dateModified\":\"2025-12-24T22:00:05+00:00\",\"description\":\"Hash Set - Your CBD Shop | Your CBD Brand | born in Berlin\",\"breadcrumb\":{\"@id\":\"https:\/\/www.tomhemps.com\/pt-pt\/prp\/hash-set\/#breadcrumb\"},\"inLanguage\":\"pt-PT\",\"potentialAction\":[{\"@type\":\"ReadAction\",\"target\":[\"https:\/\/www.tomhemps.com\/pt-pt\/prp\/hash-set\/\"]}]},{\"@type\":\"ImageObject\",\"inLanguage\":\"pt-PT\",\"@id\":\"https:\/\/www.tomhemps.com\/pt-pt\/prp\/hash-set\/#primaryimage\",\"url\":\"https:\/\/www.tomhemps.com\/wp-content\/uploads\/2022\/09\/TH-products-680x850-giftset-hash-brown.png\",\"contentUrl\":\"https:\/\/www.tomhemps.com\/wp-content\/uploads\/2022\/09\/TH-products-680x850-giftset-hash-brown.png\",\"width\":680,\"height\":850,\"caption\":\"CBD Hash Geschenkset Amnesia - Gelato\"},{\"@type\":\"BreadcrumbList\",\"@id\":\"https:\/\/www.tomhemps.com\/pt-pt\/prp\/hash-set\/#breadcrumb\",\"itemListElement\":[{\"@type\":\"ListItem\",\"position\":1,\"name\":\"Startseite\",\"item\":\"https:\/\/www.tomhemps.com\/pt-pt\/\"},{\"@type\":\"ListItem\",\"position\":2,\"name\":\"Shop\",\"item\":\"https:\/\/www.tomhemps.com\/pt-pt\/shop\/\"},{\"@type\":\"ListItem\",\"position\":3,\"name\":\"Hash Set\"}]},{\"@type\":\"WebSite\",\"@id\":\"https:\/\/www.tomhemps.com\/pt-pt\/#website\",\"url\":\"https:\/\/www.tomhemps.com\/pt-pt\/\",\"name\":\"Your CBD Shop | Your CBD Brand | born in Berlin\",\"description\":\"CBD Shop Berlin\",\"publisher\":{\"@id\":\"https:\/\/www.tomhemps.com\/pt-pt\/#organization\"},\"potentialAction\":[{\"@type\":\"SearchAction\",\"target\":{\"@type\":\"EntryPoint\",\"urlTemplate\":\"https:\/\/www.tomhemps.com\/pt-pt\/?s={search_term_string}\"},\"query-input\":\"required name=search_term_string\"}],\"inLanguage\":\"pt-PT\"},{\"@type\":\"Organization\",\"@id\":\"https:\/\/www.tomhemps.com\/pt-pt\/#organization\",\"name\":\"Tom Hemp's CBD Shop\",\"alternateName\":\"Tom Hemp's Berlin\",\"url\":\"https:\/\/www.tomhemps.com\/pt-pt\/\",\"logo\":{\"@type\":\"ImageObject\",\"inLanguage\":\"pt-PT\",\"@id\":\"https:\/\/www.tomhemps.com\/pt-pt\/#\/schema\/logo\/image\/\",\"url\":\"https:\/\/www.tomhemps.com\/wp-content\/uploads\/2019\/04\/Logo-2019-e1581413011332.jpg\",\"contentUrl\":\"https:\/\/www.tomhemps.com\/wp-content\/uploads\/2019\/04\/Logo-2019-e1581413011332.jpg\",\"width\":460,\"height\":153,\"caption\":\"Tom Hemp's CBD Shop\"},\"image\":{\"@id\":\"https:\/\/www.tomhemps.com\/pt-pt\/#\/schema\/logo\/image\/\"},\"sameAs\":[\"https:\/\/www.facebook.com\/tomhempsberlin\/\",\"https:\/\/www.instagram.com\/tomhemps_cbd\/\",\"https:\/\/www.youtube.com\/channel\/UCbGxDacLx_DRKyder_zVoNw\"]}]}<\/script>\n<!-- \/ Yoast SEO Premium plugin. -->","yoast_head_json":{"title":"Hash Set","description":"Hash Set - Your CBD Shop | Your CBD Brand | born in Berlin","robots":{"index":"index","follow":"follow","max-snippet":"max-snippet:-1","max-image-preview":"max-image-preview:large","max-video-preview":"max-video-preview:-1"},"canonical":"https:\/\/www.tomhemps.com\/pt-pt\/prp\/hash-set\/","og_locale":"pt_PT","og_type":"article","og_title":"Hash Set","og_description":"Hash Set - Your CBD Shop | Your CBD Brand | born in Berlin","og_url":"https:\/\/www.tomhemps.com\/pt-pt\/prp\/hash-set\/","og_site_name":"Your CBD Shop | Your CBD Brand | born in Berlin","article_publisher":"https:\/\/www.facebook.com\/tomhempsberlin\/","article_modified_time":"2025-12-24T22:00:05+00:00","og_image":[{"width":680,"height":850,"url":"https:\/\/www.tomhemps.com\/wp-content\/uploads\/2022\/09\/TH-products-680x850-giftset-hash-brown.png","type":"image\/png"}],"twitter_card":"summary_large_image","schema":{"@context":"https:\/\/schema.org","@graph":[{"@type":"WebPage","@id":"https:\/\/www.tomhemps.com\/pt-pt\/prp\/hash-set\/","url":"https:\/\/www.tomhemps.com\/pt-pt\/prp\/hash-set\/","name":"Hash Set","isPartOf":{"@id":"https:\/\/www.tomhemps.com\/pt-pt\/#website"},"primaryImageOfPage":{"@id":"https:\/\/www.tomhemps.com\/pt-pt\/prp\/hash-set\/#primaryimage"},"image":{"@id":"https:\/\/www.tomhemps.com\/pt-pt\/prp\/hash-set\/#primaryimage"},"thumbnailUrl":"https:\/\/www.tomhemps.com\/wp-content\/uploads\/2022\/09\/TH-products-680x850-giftset-hash-brown.png","datePublished":"2020-11-26T10:46:28+00:00","dateModified":"2025-12-24T22:00:05+00:00","description":"Hash Set - Your CBD Shop | Your CBD Brand | born in Berlin","breadcrumb":{"@id":"https:\/\/www.tomhemps.com\/pt-pt\/prp\/hash-set\/#breadcrumb"},"inLanguage":"pt-PT","potentialAction":[{"@type":"ReadAction","target":["https:\/\/www.tomhemps.com\/pt-pt\/prp\/hash-set\/"]}]},{"@type":"ImageObject","inLanguage":"pt-PT","@id":"https:\/\/www.tomhemps.com\/pt-pt\/prp\/hash-set\/#primaryimage","url":"https:\/\/www.tomhemps.com\/wp-content\/uploads\/2022\/09\/TH-products-680x850-giftset-hash-brown.png","contentUrl":"https:\/\/www.tomhemps.com\/wp-content\/uploads\/2022\/09\/TH-products-680x850-giftset-hash-brown.png","width":680,"height":850,"caption":"CBD Hash Geschenkset Amnesia - Gelato"},{"@type":"BreadcrumbList","@id":"https:\/\/www.tomhemps.com\/pt-pt\/prp\/hash-set\/#breadcrumb","itemListElement":[{"@type":"ListItem","position":1,"name":"Startseite","item":"https:\/\/www.tomhemps.com\/pt-pt\/"},{"@type":"ListItem","position":2,"name":"Shop","item":"https:\/\/www.tomhemps.com\/pt-pt\/shop\/"},{"@type":"ListItem","position":3,"name":"Hash Set"}]},{"@type":"WebSite","@id":"https:\/\/www.tomhemps.com\/pt-pt\/#website","url":"https:\/\/www.tomhemps.com\/pt-pt\/","name":"Your CBD Shop | Your CBD Brand | born in Berlin","description":"CBD Shop Berlin","publisher":{"@id":"https:\/\/www.tomhemps.com\/pt-pt\/#organization"},"potentialAction":[{"@type":"SearchAction","target":{"@type":"EntryPoint","urlTemplate":"https:\/\/www.tomhemps.com\/pt-pt\/?s={search_term_string}"},"query-input":"required name=search_term_string"}],"inLanguage":"pt-PT"},{"@type":"Organization","@id":"https:\/\/www.tomhemps.com\/pt-pt\/#organization","name":"Tom Hemp's CBD Shop","alternateName":"Tom Hemp's Berlin","url":"https:\/\/www.tomhemps.com\/pt-pt\/","logo":{"@type":"ImageObject","inLanguage":"pt-PT","@id":"https:\/\/www.tomhemps.com\/pt-pt\/#\/schema\/logo\/image\/","url":"https:\/\/www.tomhemps.com\/wp-content\/uploads\/2019\/04\/Logo-2019-e1581413011332.jpg","contentUrl":"https:\/\/www.tomhemps.com\/wp-content\/uploads\/2019\/04\/Logo-2019-e1581413011332.jpg","width":460,"height":153,"caption":"Tom Hemp's CBD Shop"},"image":{"@id":"https:\/\/www.tomhemps.com\/pt-pt\/#\/schema\/logo\/image\/"},"sameAs":["https:\/\/www.facebook.com\/tomhempsberlin\/","https:\/\/www.instagram.com\/tomhemps_cbd\/","https:\/\/www.youtube.com\/channel\/UCbGxDacLx_DRKyder_zVoNw"]}]}},"fields":{"pi_t":171592,"pi_tot":"Conte\u00fado","pi_to":"<p><strong>2 Gramm Gelato 361 Hash, 2 Gramm Amnesia Hash<\/strong><br \/>\nGelato 361<br \/>\nCBD: 22%<br \/>\nTHC: &lt; 0,2%<\/p>\n<p>Amnesia<br \/>\nCBD: 22%<br \/>\nTHC: &lt; 0,2%<\/p>\n<p><strong>2 Gramm Bubble Ice Hash, 2 Gramm Super Dry Hash<\/strong><br \/>\nBubble Ice<br \/>\nCBD 40%<br \/>\nTHC: &lt; 0,2%<\/p>\n<p>Super Dry<br \/>\nCBD 20%<br \/>\nTHC: &lt; 0,2%<\/p>\n<p>Ingredients: EU industrial hemp pollinate, terpenes<\/p>\n","pi_tst":"Aviso","pi_ts":"<p>O produto foi desenhado exclusivamente para uso comercial, t\u00e9cnico e cient\u00edfico. Guarda fore do alcance das crian\u00e7as. Este produto n\u00e3o pode ser transportado al\u00e9m-fronteiras. Ingerir ou fumar este produto \u00e9 estritamente proibido. Estas flores de cannabis industriais europeias cont\u00eam menos de 0,2% THC. O nome deste produto n\u00e3o \u00e9 uma refer\u00eancia a nenhum outro produto e o seu uso \u00e9 exclusivamente para fins de marketing.<\/p>\n","pi_hd":false,"pi_hm":false,"smoking_product":true,"pi_dd":false},"_links":{"self":[{"href":"https:\/\/www.tomhemps.com\/pt-pt\/wp-json\/wp\/v2\/product\/178292"}],"collection":[{"href":"https:\/\/www.tomhemps.com\/pt-pt\/wp-json\/wp\/v2\/product"}],"about":[{"href":"https:\/\/www.tomhemps.com\/pt-pt\/wp-json\/wp\/v2\/types\/product"}],"replies":[{"embeddable":true,"href":"https:\/\/www.tomhemps.com\/pt-pt\/wp-json\/wp\/v2\/comments?post=178292"}],"wp:featuredmedia":[{"embeddable":true,"href":"https:\/\/www.tomhemps.com\/pt-pt\/wp-json\/wp\/v2\/media\/596201"}],"wp:attachment":[{"href":"https:\/\/www.tomhemps.com\/pt-pt\/wp-json\/wp\/v2\/media?parent=178292"}],"wp:term":[{"taxonomy":"product_cat","embeddable":true,"href":"https:\/\/www.tomhemps.com\/pt-pt\/wp-json\/wp\/v2\/product_cat?post=178292"},{"taxonomy":"product_tag","embeddable":true,"href":"https:\/\/www.tomhemps.com\/pt-pt\/wp-json\/wp\/v2\/product_tag?post=178292"}],"curies":[{"name":"wp","href":"https:\/\/api.w.org\/{rel}","templated":true}]}}