{"id":178300,"date":"2022-11-20T10:28:01","date_gmt":"2020-11-26T10:52:01","guid":{"rendered":"https:\/\/www.tomhemps.com\/product\/full-spectrum-set\/"},"modified":"2025-12-24T23:00:03","modified_gmt":"2025-12-24T22:00:03","slug":"regalo_xmas_cbd_night_day_xmas","status":"publish","type":"product","link":"https:\/\/www.tomhemps.com\/pt-pt\/prp\/regalo_xmas_cbd_night_day_xmas\/","title":{"rendered":"THE CBD DAY NIGHT XMAS SET"},"content":{"rendered":"","protected":false},"excerpt":{"rendered":"<p><span style=\"font-weight: 400;\">Ofere\u00e7a os nossos \u00f3leos CBD exclusivos e deixe que o conjunto &#8220;Day &amp; Night&#8221; se torne um companheiro di\u00e1rio no caminho para um estilo de vida equilibrado. O \u00f3leo Full Spectrum 7% extrai o melhor da planta de c\u00e2nhamo para lhe dar o derradeiro impulso para um dia cheio de produtividade e boas vibra\u00e7\u00f5es. O \u00f3leo Broad Spectrum 5% CBD \u00e9 como um abra\u00e7o suave para a sua alma. Desfrute das propriedades calmantes sem THC, o complemento perfeito para a sua rotina nocturna para se livrar do stress e preparar-se para uma noite tranquila.<\/span><\/p>\n","protected":false},"featured_media":643922,"comment_status":"open","ping_status":"closed","template":"","meta":{"_acf_changed":false},"product_cat":[5117,1152],"product_tag":[],"acf":[],"yoast_head":"<!-- This site is optimized with the Yoast SEO Premium plugin v22.8 (Yoast SEO v22.8) - https:\/\/yoast.com\/wordpress\/plugins\/seo\/ -->\n<title>THE CBD DAY NIGHT XMAS SET<\/title>\n<meta name=\"description\" content=\"THE CBD DAY NIGHT XMAS SET - Your CBD Shop | Your CBD Brand | born in Berlin\" \/>\n<meta name=\"robots\" content=\"index, follow, max-snippet:-1, max-image-preview:large, max-video-preview:-1\" \/>\n<link rel=\"canonical\" href=\"https:\/\/www.tomhemps.com\/pt-pt\/prp\/regalo_xmas_cbd_night_day_xmas\/\" \/>\n<meta property=\"og:locale\" content=\"pt_PT\" \/>\n<meta property=\"og:type\" content=\"article\" \/>\n<meta property=\"og:title\" content=\"THE CBD DAY NIGHT XMAS SET\" \/>\n<meta property=\"og:description\" content=\"THE CBD DAY NIGHT XMAS SET - Your CBD Shop | Your CBD Brand | born in Berlin\" \/>\n<meta property=\"og:url\" content=\"https:\/\/www.tomhemps.com\/pt-pt\/prp\/regalo_xmas_cbd_night_day_xmas\/\" \/>\n<meta property=\"og:site_name\" content=\"Your CBD Shop | Your CBD Brand | born in Berlin\" \/>\n<meta property=\"article:publisher\" content=\"https:\/\/www.facebook.com\/tomhempsberlin\/\" \/>\n<meta property=\"article:modified_time\" content=\"2025-12-24T22:00:03+00:00\" \/>\n<meta property=\"og:image\" content=\"https:\/\/www.tomhemps.com\/wp-content\/uploads\/2022\/11\/day-and-night-set.png\" \/>\n\t<meta property=\"og:image:width\" content=\"680\" \/>\n\t<meta property=\"og:image:height\" content=\"850\" \/>\n\t<meta property=\"og:image:type\" content=\"image\/png\" \/>\n<meta name=\"twitter:card\" content=\"summary_large_image\" \/>\n<script type=\"application\/ld+json\" class=\"yoast-schema-graph\">{\"@context\":\"https:\/\/schema.org\",\"@graph\":[{\"@type\":\"WebPage\",\"@id\":\"https:\/\/www.tomhemps.com\/pt-pt\/prp\/regalo_xmas_cbd_night_day_xmas\/\",\"url\":\"https:\/\/www.tomhemps.com\/pt-pt\/prp\/regalo_xmas_cbd_night_day_xmas\/\",\"name\":\"THE CBD DAY NIGHT XMAS SET\",\"isPartOf\":{\"@id\":\"https:\/\/www.tomhemps.com\/pt-pt\/#website\"},\"primaryImageOfPage\":{\"@id\":\"https:\/\/www.tomhemps.com\/pt-pt\/prp\/regalo_xmas_cbd_night_day_xmas\/#primaryimage\"},\"image\":{\"@id\":\"https:\/\/www.tomhemps.com\/pt-pt\/prp\/regalo_xmas_cbd_night_day_xmas\/#primaryimage\"},\"thumbnailUrl\":\"https:\/\/www.tomhemps.com\/wp-content\/uploads\/2022\/11\/Untitled-design9-Photoroom.png\",\"datePublished\":\"2020-11-26T10:52:01+00:00\",\"dateModified\":\"2025-12-24T22:00:03+00:00\",\"description\":\"THE CBD DAY NIGHT XMAS SET - Your CBD Shop | Your CBD Brand | born in Berlin\",\"breadcrumb\":{\"@id\":\"https:\/\/www.tomhemps.com\/pt-pt\/prp\/regalo_xmas_cbd_night_day_xmas\/#breadcrumb\"},\"inLanguage\":\"pt-PT\",\"potentialAction\":[{\"@type\":\"ReadAction\",\"target\":[\"https:\/\/www.tomhemps.com\/pt-pt\/prp\/regalo_xmas_cbd_night_day_xmas\/\"]}]},{\"@type\":\"ImageObject\",\"inLanguage\":\"pt-PT\",\"@id\":\"https:\/\/www.tomhemps.com\/pt-pt\/prp\/regalo_xmas_cbd_night_day_xmas\/#primaryimage\",\"url\":\"https:\/\/www.tomhemps.com\/wp-content\/uploads\/2022\/11\/Untitled-design9-Photoroom.png\",\"contentUrl\":\"https:\/\/www.tomhemps.com\/wp-content\/uploads\/2022\/11\/Untitled-design9-Photoroom.png\",\"width\":680,\"height\":850,\"caption\":\"CBD \u00d6l Geschenkset DAy Night\"},{\"@type\":\"BreadcrumbList\",\"@id\":\"https:\/\/www.tomhemps.com\/pt-pt\/prp\/regalo_xmas_cbd_night_day_xmas\/#breadcrumb\",\"itemListElement\":[{\"@type\":\"ListItem\",\"position\":1,\"name\":\"Startseite\",\"item\":\"https:\/\/www.tomhemps.com\/pt-pt\/\"},{\"@type\":\"ListItem\",\"position\":2,\"name\":\"Shop\",\"item\":\"https:\/\/www.tomhemps.com\/pt-pt\/shop\/\"},{\"@type\":\"ListItem\",\"position\":3,\"name\":\"THE CBD DAY NIGHT XMAS SET\"}]},{\"@type\":\"WebSite\",\"@id\":\"https:\/\/www.tomhemps.com\/pt-pt\/#website\",\"url\":\"https:\/\/www.tomhemps.com\/pt-pt\/\",\"name\":\"Your CBD Shop | Your CBD Brand | born in Berlin\",\"description\":\"CBD Shop Berlin\",\"publisher\":{\"@id\":\"https:\/\/www.tomhemps.com\/pt-pt\/#organization\"},\"potentialAction\":[{\"@type\":\"SearchAction\",\"target\":{\"@type\":\"EntryPoint\",\"urlTemplate\":\"https:\/\/www.tomhemps.com\/pt-pt\/?s={search_term_string}\"},\"query-input\":\"required name=search_term_string\"}],\"inLanguage\":\"pt-PT\"},{\"@type\":\"Organization\",\"@id\":\"https:\/\/www.tomhemps.com\/pt-pt\/#organization\",\"name\":\"Tom Hemp's CBD Shop\",\"alternateName\":\"Tom Hemp's Berlin\",\"url\":\"https:\/\/www.tomhemps.com\/pt-pt\/\",\"logo\":{\"@type\":\"ImageObject\",\"inLanguage\":\"pt-PT\",\"@id\":\"https:\/\/www.tomhemps.com\/pt-pt\/#\/schema\/logo\/image\/\",\"url\":\"https:\/\/www.tomhemps.com\/wp-content\/uploads\/2019\/04\/Logo-2019-e1581413011332.jpg\",\"contentUrl\":\"https:\/\/www.tomhemps.com\/wp-content\/uploads\/2019\/04\/Logo-2019-e1581413011332.jpg\",\"width\":460,\"height\":153,\"caption\":\"Tom Hemp's CBD Shop\"},\"image\":{\"@id\":\"https:\/\/www.tomhemps.com\/pt-pt\/#\/schema\/logo\/image\/\"},\"sameAs\":[\"https:\/\/www.facebook.com\/tomhempsberlin\/\",\"https:\/\/www.instagram.com\/tomhemps_cbd\/\",\"https:\/\/www.youtube.com\/channel\/UCbGxDacLx_DRKyder_zVoNw\"]}]}<\/script>\n<!-- \/ Yoast SEO Premium plugin. -->","yoast_head_json":{"title":"THE CBD DAY NIGHT XMAS SET","description":"THE CBD DAY NIGHT XMAS SET - Your CBD Shop | Your CBD Brand | born in Berlin","robots":{"index":"index","follow":"follow","max-snippet":"max-snippet:-1","max-image-preview":"max-image-preview:large","max-video-preview":"max-video-preview:-1"},"canonical":"https:\/\/www.tomhemps.com\/pt-pt\/prp\/regalo_xmas_cbd_night_day_xmas\/","og_locale":"pt_PT","og_type":"article","og_title":"THE CBD DAY NIGHT XMAS SET","og_description":"THE CBD DAY NIGHT XMAS SET - Your CBD Shop | Your CBD Brand | born in Berlin","og_url":"https:\/\/www.tomhemps.com\/pt-pt\/prp\/regalo_xmas_cbd_night_day_xmas\/","og_site_name":"Your CBD Shop | Your CBD Brand | born in Berlin","article_publisher":"https:\/\/www.facebook.com\/tomhempsberlin\/","article_modified_time":"2025-12-24T22:00:03+00:00","og_image":[{"width":680,"height":850,"url":"https:\/\/www.tomhemps.com\/wp-content\/uploads\/2022\/11\/day-and-night-set.png","type":"image\/png"}],"twitter_card":"summary_large_image","schema":{"@context":"https:\/\/schema.org","@graph":[{"@type":"WebPage","@id":"https:\/\/www.tomhemps.com\/pt-pt\/prp\/regalo_xmas_cbd_night_day_xmas\/","url":"https:\/\/www.tomhemps.com\/pt-pt\/prp\/regalo_xmas_cbd_night_day_xmas\/","name":"THE CBD DAY NIGHT XMAS SET","isPartOf":{"@id":"https:\/\/www.tomhemps.com\/pt-pt\/#website"},"primaryImageOfPage":{"@id":"https:\/\/www.tomhemps.com\/pt-pt\/prp\/regalo_xmas_cbd_night_day_xmas\/#primaryimage"},"image":{"@id":"https:\/\/www.tomhemps.com\/pt-pt\/prp\/regalo_xmas_cbd_night_day_xmas\/#primaryimage"},"thumbnailUrl":"https:\/\/www.tomhemps.com\/wp-content\/uploads\/2022\/11\/Untitled-design9-Photoroom.png","datePublished":"2020-11-26T10:52:01+00:00","dateModified":"2025-12-24T22:00:03+00:00","description":"THE CBD DAY NIGHT XMAS SET - Your CBD Shop | Your CBD Brand | born in Berlin","breadcrumb":{"@id":"https:\/\/www.tomhemps.com\/pt-pt\/prp\/regalo_xmas_cbd_night_day_xmas\/#breadcrumb"},"inLanguage":"pt-PT","potentialAction":[{"@type":"ReadAction","target":["https:\/\/www.tomhemps.com\/pt-pt\/prp\/regalo_xmas_cbd_night_day_xmas\/"]}]},{"@type":"ImageObject","inLanguage":"pt-PT","@id":"https:\/\/www.tomhemps.com\/pt-pt\/prp\/regalo_xmas_cbd_night_day_xmas\/#primaryimage","url":"https:\/\/www.tomhemps.com\/wp-content\/uploads\/2022\/11\/Untitled-design9-Photoroom.png","contentUrl":"https:\/\/www.tomhemps.com\/wp-content\/uploads\/2022\/11\/Untitled-design9-Photoroom.png","width":680,"height":850,"caption":"CBD \u00d6l Geschenkset DAy Night"},{"@type":"BreadcrumbList","@id":"https:\/\/www.tomhemps.com\/pt-pt\/prp\/regalo_xmas_cbd_night_day_xmas\/#breadcrumb","itemListElement":[{"@type":"ListItem","position":1,"name":"Startseite","item":"https:\/\/www.tomhemps.com\/pt-pt\/"},{"@type":"ListItem","position":2,"name":"Shop","item":"https:\/\/www.tomhemps.com\/pt-pt\/shop\/"},{"@type":"ListItem","position":3,"name":"THE CBD DAY NIGHT XMAS SET"}]},{"@type":"WebSite","@id":"https:\/\/www.tomhemps.com\/pt-pt\/#website","url":"https:\/\/www.tomhemps.com\/pt-pt\/","name":"Your CBD Shop | Your CBD Brand | born in Berlin","description":"CBD Shop Berlin","publisher":{"@id":"https:\/\/www.tomhemps.com\/pt-pt\/#organization"},"potentialAction":[{"@type":"SearchAction","target":{"@type":"EntryPoint","urlTemplate":"https:\/\/www.tomhemps.com\/pt-pt\/?s={search_term_string}"},"query-input":"required name=search_term_string"}],"inLanguage":"pt-PT"},{"@type":"Organization","@id":"https:\/\/www.tomhemps.com\/pt-pt\/#organization","name":"Tom Hemp's CBD Shop","alternateName":"Tom Hemp's Berlin","url":"https:\/\/www.tomhemps.com\/pt-pt\/","logo":{"@type":"ImageObject","inLanguage":"pt-PT","@id":"https:\/\/www.tomhemps.com\/pt-pt\/#\/schema\/logo\/image\/","url":"https:\/\/www.tomhemps.com\/wp-content\/uploads\/2019\/04\/Logo-2019-e1581413011332.jpg","contentUrl":"https:\/\/www.tomhemps.com\/wp-content\/uploads\/2019\/04\/Logo-2019-e1581413011332.jpg","width":460,"height":153,"caption":"Tom Hemp's CBD Shop"},"image":{"@id":"https:\/\/www.tomhemps.com\/pt-pt\/#\/schema\/logo\/image\/"},"sameAs":["https:\/\/www.facebook.com\/tomhempsberlin\/","https:\/\/www.instagram.com\/tomhemps_cbd\/","https:\/\/www.youtube.com\/channel\/UCbGxDacLx_DRKyder_zVoNw"]}]}},"fields":{"pi_t":171592,"pi_tot":"Conte\u00fado","pi_to":"<p><strong>1x CBD OIL FULL SPECTRUM 7%<\/strong><br \/>\nIngredientes: Partes de folhas de c\u00e2nhamo industrial da UE, \u00f3leo de sementes de Cannabis Sativa<br \/>\nConte\u00fado: 10ml<\/p>\n<p><strong>1 x \u00d3LEO DE CBD ESPECTRO LARGO 5%<\/strong><br \/>\nIngredientes: \u00d3leo de Semente de Cannabis Sativa, Extrato de Folha de Cannabis Sativa, Tocoferol<br \/>\nConte\u00fado: 10 ml<\/p>\n<p>Ingredientes: Flores de c\u00e2nhamo europeias, secas<\/p>\n","pi_tst":"Aviso","pi_ts":"<p><strong>\u00d3leo CBD de espetro total 7%<\/strong><\/p>\n<p>Nota: Produto aromatizante, n\u00e3o recomendado para ingest\u00e3o. Manter fora do alcance das crian\u00e7as.<\/p>\n<p><strong>\u00d3leo CBD de largo espetro 5%<\/strong><\/p>\n<p>Nota: Produto aromatizante, n\u00e3o recomendado para ingest\u00e3o. Manter fora do alcance das crian\u00e7as.<\/p>\n","pi_hd":false,"pi_hm":false,"smoking_product":false,"pi_dd":false,"gs_contents":"1x CBD OIL FULL SPECTRUM 7%\r\nInhalt: 10ml\r\n\r\n1 x CBD OIL BROAD SPECTRUM 5%\r\nInhalt: 10 ml"},"_links":{"self":[{"href":"https:\/\/www.tomhemps.com\/pt-pt\/wp-json\/wp\/v2\/product\/178300"}],"collection":[{"href":"https:\/\/www.tomhemps.com\/pt-pt\/wp-json\/wp\/v2\/product"}],"about":[{"href":"https:\/\/www.tomhemps.com\/pt-pt\/wp-json\/wp\/v2\/types\/product"}],"replies":[{"embeddable":true,"href":"https:\/\/www.tomhemps.com\/pt-pt\/wp-json\/wp\/v2\/comments?post=178300"}],"wp:featuredmedia":[{"embeddable":true,"href":"https:\/\/www.tomhemps.com\/pt-pt\/wp-json\/wp\/v2\/media\/643922"}],"wp:attachment":[{"href":"https:\/\/www.tomhemps.com\/pt-pt\/wp-json\/wp\/v2\/media?parent=178300"}],"wp:term":[{"taxonomy":"product_cat","embeddable":true,"href":"https:\/\/www.tomhemps.com\/pt-pt\/wp-json\/wp\/v2\/product_cat?post=178300"},{"taxonomy":"product_tag","embeddable":true,"href":"https:\/\/www.tomhemps.com\/pt-pt\/wp-json\/wp\/v2\/product_tag?post=178300"}],"curies":[{"name":"wp","href":"https:\/\/api.w.org\/{rel}","templated":true}]}}