{"id":178313,"date":"2017-11-26T12:00:09","date_gmt":"2020-11-26T11:07:09","guid":{"rendered":"https:\/\/www.tomhemps.com\/product\/flower-discovery-set-2\/"},"modified":"2026-05-07T10:49:52","modified_gmt":"2026-05-07T08:49:52","slug":"flower-discovery-set-2","status":"publish","type":"product","link":"https:\/\/www.tomhemps.com\/pt-pt\/prp\/flower-discovery-set-2\/","title":{"rendered":"Conjunto de descoberta de flores CBD"},"content":{"rendered":"","protected":false},"excerpt":{"rendered":"<p>Mais do que uma caixa de presente, uma viagem pelos sabores das flores CBD, embaladas com o maior cuidado. Perfeito para trazer bem-estar \u00e0 vida dos seus entes queridos ou simplesmente para surpreender algu\u00e9m com um sorriso. Descubra <strong>G\u00f6rlitzer Punch<\/strong> ou vibre com a energia da capital alem\u00e3 com a <strong>Berlin Kush 36<\/strong>. A <b>Northern Lights <\/b>cativa quase toda a gente com a sua variedade poderosa e a <strong>Purple Berry<\/strong> \u00e9 a cereja no topo do bolo e quem consegue resistir a isso? Descoberta em.<\/p>\n<p><span style=\"font-weight: 400\">\u00a0<\/span><\/p>\n","protected":false},"featured_media":645057,"comment_status":"open","ping_status":"closed","template":"","meta":{"_acf_changed":false},"product_cat":[5004,5117,1151],"product_tag":[],"acf":[],"yoast_head":"<!-- This site is optimized with the Yoast SEO Premium plugin v22.8 (Yoast SEO v22.8) - https:\/\/yoast.com\/wordpress\/plugins\/seo\/ -->\n<title>Conjunto de descoberta de flores CBD<\/title>\n<meta name=\"description\" content=\"Descubra o nosso conjunto de oferta de flores CBD com uma variedade de sele\u00e7\u00e3o. Partilhe o equil\u00edbrio com os seus entes queridos da forma mais bonita.\" \/>\n<meta name=\"robots\" content=\"index, follow, max-snippet:-1, max-image-preview:large, max-video-preview:-1\" \/>\n<link rel=\"canonical\" href=\"https:\/\/www.tomhemps.com\/pt-pt\/prp\/flower-discovery-set-2\/\" \/>\n<meta property=\"og:locale\" content=\"pt_PT\" \/>\n<meta property=\"og:type\" content=\"article\" \/>\n<meta property=\"og:title\" content=\"Conjunto de descoberta de flores CBD\" \/>\n<meta property=\"og:description\" content=\"Descubra o nosso conjunto de oferta de flores CBD com uma variedade de sele\u00e7\u00e3o. Partilhe o equil\u00edbrio com os seus entes queridos da forma mais bonita.\" \/>\n<meta property=\"og:url\" content=\"https:\/\/www.tomhemps.com\/pt-pt\/prp\/flower-discovery-set-2\/\" \/>\n<meta property=\"og:site_name\" content=\"Your CBD Shop | Your CBD Brand | born in Berlin\" \/>\n<meta property=\"article:publisher\" content=\"https:\/\/www.facebook.com\/tomhempsberlin\/\" \/>\n<meta property=\"article:modified_time\" content=\"2026-05-07T08:49:52+00:00\" \/>\n<meta property=\"og:image\" content=\"https:\/\/www.tomhemps.com\/wp-content\/uploads\/2017\/11\/th-buds-discovery-set-2-1024x1024.png\" \/>\n\t<meta property=\"og:image:width\" content=\"1024\" \/>\n\t<meta property=\"og:image:height\" content=\"1024\" \/>\n\t<meta property=\"og:image:type\" content=\"image\/png\" \/>\n<meta name=\"twitter:card\" content=\"summary_large_image\" \/>\n<meta name=\"twitter:label1\" content=\"Tempo estimado de leitura\" \/>\n\t<meta name=\"twitter:data1\" content=\"2 minutos\" \/>\n<script type=\"application\/ld+json\" class=\"yoast-schema-graph\">{\"@context\":\"https:\/\/schema.org\",\"@graph\":[{\"@type\":\"WebPage\",\"@id\":\"https:\/\/www.tomhemps.com\/pt-pt\/prp\/flower-discovery-set-2\/\",\"url\":\"https:\/\/www.tomhemps.com\/pt-pt\/prp\/flower-discovery-set-2\/\",\"name\":\"Conjunto de descoberta de flores CBD\",\"isPartOf\":{\"@id\":\"https:\/\/www.tomhemps.com\/pt-pt\/#website\"},\"primaryImageOfPage\":{\"@id\":\"https:\/\/www.tomhemps.com\/pt-pt\/prp\/flower-discovery-set-2\/#primaryimage\"},\"image\":{\"@id\":\"https:\/\/www.tomhemps.com\/pt-pt\/prp\/flower-discovery-set-2\/#primaryimage\"},\"thumbnailUrl\":\"https:\/\/www.tomhemps.com\/wp-content\/uploads\/2017\/11\/th-buds-discovery-set-2.png\",\"datePublished\":\"2020-11-26T11:07:09+00:00\",\"dateModified\":\"2026-05-07T08:49:52+00:00\",\"description\":\"Descubra o nosso conjunto de oferta de flores CBD com uma variedade de sele\u00e7\u00e3o. Partilhe o equil\u00edbrio com os seus entes queridos da forma mais bonita.\",\"breadcrumb\":{\"@id\":\"https:\/\/www.tomhemps.com\/pt-pt\/prp\/flower-discovery-set-2\/#breadcrumb\"},\"inLanguage\":\"pt-PT\",\"potentialAction\":[{\"@type\":\"ReadAction\",\"target\":[\"https:\/\/www.tomhemps.com\/pt-pt\/prp\/flower-discovery-set-2\/\"]}]},{\"@type\":\"ImageObject\",\"inLanguage\":\"pt-PT\",\"@id\":\"https:\/\/www.tomhemps.com\/pt-pt\/prp\/flower-discovery-set-2\/#primaryimage\",\"url\":\"https:\/\/www.tomhemps.com\/wp-content\/uploads\/2017\/11\/th-buds-discovery-set-2.png\",\"contentUrl\":\"https:\/\/www.tomhemps.com\/wp-content\/uploads\/2017\/11\/th-buds-discovery-set-2.png\",\"width\":1704,\"height\":1704,\"caption\":\"CBD Flowers Discovery Set 2\"},{\"@type\":\"BreadcrumbList\",\"@id\":\"https:\/\/www.tomhemps.com\/pt-pt\/prp\/flower-discovery-set-2\/#breadcrumb\",\"itemListElement\":[{\"@type\":\"ListItem\",\"position\":1,\"name\":\"Startseite\",\"item\":\"https:\/\/www.tomhemps.com\/pt-pt\/\"},{\"@type\":\"ListItem\",\"position\":2,\"name\":\"Shop\",\"item\":\"https:\/\/www.tomhemps.com\/pt-pt\/shop\/\"},{\"@type\":\"ListItem\",\"position\":3,\"name\":\"Conjunto de descoberta de flores CBD\"}]},{\"@type\":\"WebSite\",\"@id\":\"https:\/\/www.tomhemps.com\/pt-pt\/#website\",\"url\":\"https:\/\/www.tomhemps.com\/pt-pt\/\",\"name\":\"Your CBD Shop | Your CBD Brand | born in Berlin\",\"description\":\"CBD Shop Berlin\",\"publisher\":{\"@id\":\"https:\/\/www.tomhemps.com\/pt-pt\/#organization\"},\"potentialAction\":[{\"@type\":\"SearchAction\",\"target\":{\"@type\":\"EntryPoint\",\"urlTemplate\":\"https:\/\/www.tomhemps.com\/pt-pt\/?s={search_term_string}\"},\"query-input\":\"required name=search_term_string\"}],\"inLanguage\":\"pt-PT\"},{\"@type\":\"Organization\",\"@id\":\"https:\/\/www.tomhemps.com\/pt-pt\/#organization\",\"name\":\"Tom Hemp's CBD Shop\",\"alternateName\":\"Tom Hemp's Berlin\",\"url\":\"https:\/\/www.tomhemps.com\/pt-pt\/\",\"logo\":{\"@type\":\"ImageObject\",\"inLanguage\":\"pt-PT\",\"@id\":\"https:\/\/www.tomhemps.com\/pt-pt\/#\/schema\/logo\/image\/\",\"url\":\"https:\/\/www.tomhemps.com\/wp-content\/uploads\/2019\/04\/Logo-2019-e1581413011332.jpg\",\"contentUrl\":\"https:\/\/www.tomhemps.com\/wp-content\/uploads\/2019\/04\/Logo-2019-e1581413011332.jpg\",\"width\":460,\"height\":153,\"caption\":\"Tom Hemp's CBD Shop\"},\"image\":{\"@id\":\"https:\/\/www.tomhemps.com\/pt-pt\/#\/schema\/logo\/image\/\"},\"sameAs\":[\"https:\/\/www.facebook.com\/tomhempsberlin\/\",\"https:\/\/www.instagram.com\/tomhemps_cbd\/\",\"https:\/\/www.youtube.com\/channel\/UCbGxDacLx_DRKyder_zVoNw\"]}]}<\/script>\n<!-- \/ Yoast SEO Premium plugin. -->","yoast_head_json":{"title":"Conjunto de descoberta de flores CBD","description":"Descubra o nosso conjunto de oferta de flores CBD com uma variedade de sele\u00e7\u00e3o. Partilhe o equil\u00edbrio com os seus entes queridos da forma mais bonita.","robots":{"index":"index","follow":"follow","max-snippet":"max-snippet:-1","max-image-preview":"max-image-preview:large","max-video-preview":"max-video-preview:-1"},"canonical":"https:\/\/www.tomhemps.com\/pt-pt\/prp\/flower-discovery-set-2\/","og_locale":"pt_PT","og_type":"article","og_title":"Conjunto de descoberta de flores CBD","og_description":"Descubra o nosso conjunto de oferta de flores CBD com uma variedade de sele\u00e7\u00e3o. Partilhe o equil\u00edbrio com os seus entes queridos da forma mais bonita.","og_url":"https:\/\/www.tomhemps.com\/pt-pt\/prp\/flower-discovery-set-2\/","og_site_name":"Your CBD Shop | Your CBD Brand | born in Berlin","article_publisher":"https:\/\/www.facebook.com\/tomhempsberlin\/","article_modified_time":"2026-05-07T08:49:52+00:00","og_image":[{"width":1024,"height":1024,"url":"https:\/\/www.tomhemps.com\/wp-content\/uploads\/2017\/11\/th-buds-discovery-set-2-1024x1024.png","type":"image\/png"}],"twitter_card":"summary_large_image","twitter_misc":{"Tempo estimado de leitura":"2 minutos"},"schema":{"@context":"https:\/\/schema.org","@graph":[{"@type":"WebPage","@id":"https:\/\/www.tomhemps.com\/pt-pt\/prp\/flower-discovery-set-2\/","url":"https:\/\/www.tomhemps.com\/pt-pt\/prp\/flower-discovery-set-2\/","name":"Conjunto de descoberta de flores CBD","isPartOf":{"@id":"https:\/\/www.tomhemps.com\/pt-pt\/#website"},"primaryImageOfPage":{"@id":"https:\/\/www.tomhemps.com\/pt-pt\/prp\/flower-discovery-set-2\/#primaryimage"},"image":{"@id":"https:\/\/www.tomhemps.com\/pt-pt\/prp\/flower-discovery-set-2\/#primaryimage"},"thumbnailUrl":"https:\/\/www.tomhemps.com\/wp-content\/uploads\/2017\/11\/th-buds-discovery-set-2.png","datePublished":"2020-11-26T11:07:09+00:00","dateModified":"2026-05-07T08:49:52+00:00","description":"Descubra o nosso conjunto de oferta de flores CBD com uma variedade de sele\u00e7\u00e3o. Partilhe o equil\u00edbrio com os seus entes queridos da forma mais bonita.","breadcrumb":{"@id":"https:\/\/www.tomhemps.com\/pt-pt\/prp\/flower-discovery-set-2\/#breadcrumb"},"inLanguage":"pt-PT","potentialAction":[{"@type":"ReadAction","target":["https:\/\/www.tomhemps.com\/pt-pt\/prp\/flower-discovery-set-2\/"]}]},{"@type":"ImageObject","inLanguage":"pt-PT","@id":"https:\/\/www.tomhemps.com\/pt-pt\/prp\/flower-discovery-set-2\/#primaryimage","url":"https:\/\/www.tomhemps.com\/wp-content\/uploads\/2017\/11\/th-buds-discovery-set-2.png","contentUrl":"https:\/\/www.tomhemps.com\/wp-content\/uploads\/2017\/11\/th-buds-discovery-set-2.png","width":1704,"height":1704,"caption":"CBD Flowers Discovery Set 2"},{"@type":"BreadcrumbList","@id":"https:\/\/www.tomhemps.com\/pt-pt\/prp\/flower-discovery-set-2\/#breadcrumb","itemListElement":[{"@type":"ListItem","position":1,"name":"Startseite","item":"https:\/\/www.tomhemps.com\/pt-pt\/"},{"@type":"ListItem","position":2,"name":"Shop","item":"https:\/\/www.tomhemps.com\/pt-pt\/shop\/"},{"@type":"ListItem","position":3,"name":"Conjunto de descoberta de flores CBD"}]},{"@type":"WebSite","@id":"https:\/\/www.tomhemps.com\/pt-pt\/#website","url":"https:\/\/www.tomhemps.com\/pt-pt\/","name":"Your CBD Shop | Your CBD Brand | born in Berlin","description":"CBD Shop Berlin","publisher":{"@id":"https:\/\/www.tomhemps.com\/pt-pt\/#organization"},"potentialAction":[{"@type":"SearchAction","target":{"@type":"EntryPoint","urlTemplate":"https:\/\/www.tomhemps.com\/pt-pt\/?s={search_term_string}"},"query-input":"required name=search_term_string"}],"inLanguage":"pt-PT"},{"@type":"Organization","@id":"https:\/\/www.tomhemps.com\/pt-pt\/#organization","name":"Tom Hemp's CBD Shop","alternateName":"Tom Hemp's Berlin","url":"https:\/\/www.tomhemps.com\/pt-pt\/","logo":{"@type":"ImageObject","inLanguage":"pt-PT","@id":"https:\/\/www.tomhemps.com\/pt-pt\/#\/schema\/logo\/image\/","url":"https:\/\/www.tomhemps.com\/wp-content\/uploads\/2019\/04\/Logo-2019-e1581413011332.jpg","contentUrl":"https:\/\/www.tomhemps.com\/wp-content\/uploads\/2019\/04\/Logo-2019-e1581413011332.jpg","width":460,"height":153,"caption":"Tom Hemp's CBD Shop"},"image":{"@id":"https:\/\/www.tomhemps.com\/pt-pt\/#\/schema\/logo\/image\/"},"sameAs":["https:\/\/www.facebook.com\/tomhempsberlin\/","https:\/\/www.instagram.com\/tomhemps_cbd\/","https:\/\/www.youtube.com\/channel\/UCbGxDacLx_DRKyder_zVoNw"]}]}},"fields":{"pi_tot":"Conte\u00fado","pi_to":"<p><strong>1G G\u00f6rlitzer Punch<br \/>\n<\/strong>CBD 15 %<br \/>\nTHC &lt; 0,2%<\/p>\n<p><strong>1G Berlin Kush 36\u00a0<\/strong><br \/>\nCBD 14 %<br \/>\nTHC &lt; 0,2%<\/p>\n<p><strong>1G Purple Berry<\/strong><br \/>\nCBD\u00a0 16\u00a0 %<br \/>\nTHC &lt; 0,2%<\/p>\n<p><strong>1G Northern Lights<\/strong><br \/>\nCBD: 12 %<br \/>\nTHC: &lt; 0,2%<\/p>\n<p>Ingredientes Activos: flores de c\u00e2nhamo Industrial Europeu<\/p>\n","pi_tst":"Aviso","pi_ts":"<p>O produto foi desenhado exclusivamente para uso comercial, t\u00e9cnico e cient\u00edfico. Guarde fore do alcance das crian\u00e7as. Este produto n\u00e3o pode ser transportado al\u00e9m-fronteiras. Ingerir ou fumar este produto \u00e9 estritamente proibido. Estas flores de c\u00e2nhamo industriais europeias cont\u00eam menos de 0,2% THC. O nome deste produto n\u00e3o \u00e9 uma refer\u00eancia a nenhum outro produto e o seu uso \u00e9 exclusivamente para fins de marketing.<\/p>\n","pi_hd":false,"pi_hm":false,"smoking_product":true,"pi_dd":false,"pi_t":171592,"gs_contents":"1G G\u00d6RLITZER PUNCH\r\n1G BERLIN KUSH 36\r\n1G NORTHERN LIGHTS\r\n1g PURPLE BERRY","hl":false,"pi_dt":"Produktbeschreibung","info_pills":false,"faq_items":false,"pi_m":false,"pi_b":false},"_links":{"self":[{"href":"https:\/\/www.tomhemps.com\/pt-pt\/wp-json\/wp\/v2\/product\/178313"}],"collection":[{"href":"https:\/\/www.tomhemps.com\/pt-pt\/wp-json\/wp\/v2\/product"}],"about":[{"href":"https:\/\/www.tomhemps.com\/pt-pt\/wp-json\/wp\/v2\/types\/product"}],"replies":[{"embeddable":true,"href":"https:\/\/www.tomhemps.com\/pt-pt\/wp-json\/wp\/v2\/comments?post=178313"}],"wp:featuredmedia":[{"embeddable":true,"href":"https:\/\/www.tomhemps.com\/pt-pt\/wp-json\/wp\/v2\/media\/645057"}],"wp:attachment":[{"href":"https:\/\/www.tomhemps.com\/pt-pt\/wp-json\/wp\/v2\/media?parent=178313"}],"wp:term":[{"taxonomy":"product_cat","embeddable":true,"href":"https:\/\/www.tomhemps.com\/pt-pt\/wp-json\/wp\/v2\/product_cat?post=178313"},{"taxonomy":"product_tag","embeddable":true,"href":"https:\/\/www.tomhemps.com\/pt-pt\/wp-json\/wp\/v2\/product_tag?post=178313"}],"curies":[{"name":"wp","href":"https:\/\/api.w.org\/{rel}","templated":true}]}}