{"id":181617,"date":"2021-02-01T11:42:29","date_gmt":"2020-12-29T10:42:31","guid":{"rendered":"https:\/\/www.tomhemps.com\/?post_type=product&#038;p=181617"},"modified":"2022-06-23T13:13:50","modified_gmt":"2022-06-23T11:13:50","slug":"wax-filled-liquid-x-pen","status":"publish","type":"product","link":"https:\/\/www.tomhemps.com\/pt-pt\/prp\/wax-filled-liquid-x-pen\/","title":{"rendered":"Wax Filled Liquid X Pen"},"content":{"rendered":"","protected":false},"excerpt":{"rendered":"<p>Multifuncional: A caneta vaporizadora descart\u00e1vel da Jupiter com cera de CBD natural ou cera de CBD de blueberry \u00e9 feita para todos: Com bocal aparafusado em vers\u00e3o c\u00f4nica ou esf\u00e9rica e pr\u00e1tico cartucho de vidro. Simples assim!<\/p>\n","protected":false},"featured_media":262799,"comment_status":"open","ping_status":"closed","template":"","meta":{"_acf_changed":false},"product_cat":[2541,1090],"product_tag":[],"acf":[],"yoast_head":"<!-- This site is optimized with the Yoast SEO Premium plugin v22.8 (Yoast SEO v22.8) - https:\/\/yoast.com\/wordpress\/plugins\/seo\/ -->\n<title>Wax Filled Liquid X Pen<\/title>\n<meta name=\"description\" content=\"Wax Filled Liquid X Pen - Your CBD Shop | Your CBD Brand | born in Berlin\" \/>\n<meta name=\"robots\" content=\"index, follow, max-snippet:-1, max-image-preview:large, max-video-preview:-1\" \/>\n<link rel=\"canonical\" href=\"https:\/\/www.tomhemps.com\/pt-pt\/prp\/wax-filled-liquid-x-pen\/\" \/>\n<meta property=\"og:locale\" content=\"pt_PT\" \/>\n<meta property=\"og:type\" content=\"article\" \/>\n<meta property=\"og:title\" content=\"Wax Filled Liquid X Pen\" \/>\n<meta property=\"og:description\" content=\"Wax Filled Liquid X Pen - Your CBD Shop | Your CBD Brand | born in Berlin\" \/>\n<meta property=\"og:url\" content=\"https:\/\/www.tomhemps.com\/pt-pt\/prp\/wax-filled-liquid-x-pen\/\" \/>\n<meta property=\"og:site_name\" content=\"Your CBD Shop | Your CBD Brand | born in Berlin\" \/>\n<meta property=\"article:publisher\" content=\"https:\/\/www.facebook.com\/tomhempsberlin\/\" \/>\n<meta property=\"article:modified_time\" content=\"2022-06-23T11:13:50+00:00\" \/>\n<meta property=\"og:image\" content=\"https:\/\/www.tomhemps.com\/wp-content\/uploads\/2020\/12\/Tom_Hemps_product_jupiterpen_wax.png\" \/>\n\t<meta property=\"og:image:width\" content=\"1780\" \/>\n\t<meta property=\"og:image:height\" content=\"1600\" \/>\n\t<meta property=\"og:image:type\" content=\"image\/png\" \/>\n<meta name=\"twitter:card\" content=\"summary_large_image\" \/>\n<script type=\"application\/ld+json\" class=\"yoast-schema-graph\">{\"@context\":\"https:\/\/schema.org\",\"@graph\":[{\"@type\":\"WebPage\",\"@id\":\"https:\/\/www.tomhemps.com\/pt-pt\/prp\/wax-filled-liquid-x-pen\/\",\"url\":\"https:\/\/www.tomhemps.com\/pt-pt\/prp\/wax-filled-liquid-x-pen\/\",\"name\":\"Wax Filled Liquid X Pen\",\"isPartOf\":{\"@id\":\"https:\/\/www.tomhemps.com\/pt-pt\/#website\"},\"primaryImageOfPage\":{\"@id\":\"https:\/\/www.tomhemps.com\/pt-pt\/prp\/wax-filled-liquid-x-pen\/#primaryimage\"},\"image\":{\"@id\":\"https:\/\/www.tomhemps.com\/pt-pt\/prp\/wax-filled-liquid-x-pen\/#primaryimage\"},\"thumbnailUrl\":\"https:\/\/www.tomhemps.com\/wp-content\/uploads\/2020\/12\/Tom_Hemps_product_jupiterpen_wax.png\",\"datePublished\":\"2020-12-29T10:42:31+00:00\",\"dateModified\":\"2022-06-23T11:13:50+00:00\",\"description\":\"Wax Filled Liquid X Pen - Your CBD Shop | Your CBD Brand | born in Berlin\",\"breadcrumb\":{\"@id\":\"https:\/\/www.tomhemps.com\/pt-pt\/prp\/wax-filled-liquid-x-pen\/#breadcrumb\"},\"inLanguage\":\"pt-PT\",\"potentialAction\":[{\"@type\":\"ReadAction\",\"target\":[\"https:\/\/www.tomhemps.com\/pt-pt\/prp\/wax-filled-liquid-x-pen\/\"]}]},{\"@type\":\"ImageObject\",\"inLanguage\":\"pt-PT\",\"@id\":\"https:\/\/www.tomhemps.com\/pt-pt\/prp\/wax-filled-liquid-x-pen\/#primaryimage\",\"url\":\"https:\/\/www.tomhemps.com\/wp-content\/uploads\/2020\/12\/Tom_Hemps_product_jupiterpen_wax.png\",\"contentUrl\":\"https:\/\/www.tomhemps.com\/wp-content\/uploads\/2020\/12\/Tom_Hemps_product_jupiterpen_wax.png\",\"width\":1780,\"height\":1600,\"caption\":\"Tom Hemps Product CBD WAX 70 Vape Pen AH\"},{\"@type\":\"BreadcrumbList\",\"@id\":\"https:\/\/www.tomhemps.com\/pt-pt\/prp\/wax-filled-liquid-x-pen\/#breadcrumb\",\"itemListElement\":[{\"@type\":\"ListItem\",\"position\":1,\"name\":\"Startseite\",\"item\":\"https:\/\/www.tomhemps.com\/pt-pt\/\"},{\"@type\":\"ListItem\",\"position\":2,\"name\":\"Shop\",\"item\":\"https:\/\/www.tomhemps.com\/pt-pt\/shop\/\"},{\"@type\":\"ListItem\",\"position\":3,\"name\":\"Wax Filled Liquid X Pen\"}]},{\"@type\":\"WebSite\",\"@id\":\"https:\/\/www.tomhemps.com\/pt-pt\/#website\",\"url\":\"https:\/\/www.tomhemps.com\/pt-pt\/\",\"name\":\"Your CBD Shop | Your CBD Brand | born in Berlin\",\"description\":\"CBD Shop Berlin\",\"publisher\":{\"@id\":\"https:\/\/www.tomhemps.com\/pt-pt\/#organization\"},\"potentialAction\":[{\"@type\":\"SearchAction\",\"target\":{\"@type\":\"EntryPoint\",\"urlTemplate\":\"https:\/\/www.tomhemps.com\/pt-pt\/?s={search_term_string}\"},\"query-input\":\"required name=search_term_string\"}],\"inLanguage\":\"pt-PT\"},{\"@type\":\"Organization\",\"@id\":\"https:\/\/www.tomhemps.com\/pt-pt\/#organization\",\"name\":\"Tom Hemp's CBD Shop\",\"alternateName\":\"Tom Hemp's Berlin\",\"url\":\"https:\/\/www.tomhemps.com\/pt-pt\/\",\"logo\":{\"@type\":\"ImageObject\",\"inLanguage\":\"pt-PT\",\"@id\":\"https:\/\/www.tomhemps.com\/pt-pt\/#\/schema\/logo\/image\/\",\"url\":\"https:\/\/www.tomhemps.com\/wp-content\/uploads\/2019\/04\/Logo-2019-e1581413011332.jpg\",\"contentUrl\":\"https:\/\/www.tomhemps.com\/wp-content\/uploads\/2019\/04\/Logo-2019-e1581413011332.jpg\",\"width\":460,\"height\":153,\"caption\":\"Tom Hemp's CBD Shop\"},\"image\":{\"@id\":\"https:\/\/www.tomhemps.com\/pt-pt\/#\/schema\/logo\/image\/\"},\"sameAs\":[\"https:\/\/www.facebook.com\/tomhempsberlin\/\",\"https:\/\/www.instagram.com\/tomhemps_cbd\/\",\"https:\/\/www.youtube.com\/channel\/UCbGxDacLx_DRKyder_zVoNw\"]}]}<\/script>\n<!-- \/ Yoast SEO Premium plugin. -->","yoast_head_json":{"title":"Wax Filled Liquid X Pen","description":"Wax Filled Liquid X Pen - Your CBD Shop | Your CBD Brand | born in Berlin","robots":{"index":"index","follow":"follow","max-snippet":"max-snippet:-1","max-image-preview":"max-image-preview:large","max-video-preview":"max-video-preview:-1"},"canonical":"https:\/\/www.tomhemps.com\/pt-pt\/prp\/wax-filled-liquid-x-pen\/","og_locale":"pt_PT","og_type":"article","og_title":"Wax Filled Liquid X Pen","og_description":"Wax Filled Liquid X Pen - Your CBD Shop | Your CBD Brand | born in Berlin","og_url":"https:\/\/www.tomhemps.com\/pt-pt\/prp\/wax-filled-liquid-x-pen\/","og_site_name":"Your CBD Shop | Your CBD Brand | born in Berlin","article_publisher":"https:\/\/www.facebook.com\/tomhempsberlin\/","article_modified_time":"2022-06-23T11:13:50+00:00","og_image":[{"width":1780,"height":1600,"url":"https:\/\/www.tomhemps.com\/wp-content\/uploads\/2020\/12\/Tom_Hemps_product_jupiterpen_wax.png","type":"image\/png"}],"twitter_card":"summary_large_image","schema":{"@context":"https:\/\/schema.org","@graph":[{"@type":"WebPage","@id":"https:\/\/www.tomhemps.com\/pt-pt\/prp\/wax-filled-liquid-x-pen\/","url":"https:\/\/www.tomhemps.com\/pt-pt\/prp\/wax-filled-liquid-x-pen\/","name":"Wax Filled Liquid X Pen","isPartOf":{"@id":"https:\/\/www.tomhemps.com\/pt-pt\/#website"},"primaryImageOfPage":{"@id":"https:\/\/www.tomhemps.com\/pt-pt\/prp\/wax-filled-liquid-x-pen\/#primaryimage"},"image":{"@id":"https:\/\/www.tomhemps.com\/pt-pt\/prp\/wax-filled-liquid-x-pen\/#primaryimage"},"thumbnailUrl":"https:\/\/www.tomhemps.com\/wp-content\/uploads\/2020\/12\/Tom_Hemps_product_jupiterpen_wax.png","datePublished":"2020-12-29T10:42:31+00:00","dateModified":"2022-06-23T11:13:50+00:00","description":"Wax Filled Liquid X Pen - Your CBD Shop | Your CBD Brand | born in Berlin","breadcrumb":{"@id":"https:\/\/www.tomhemps.com\/pt-pt\/prp\/wax-filled-liquid-x-pen\/#breadcrumb"},"inLanguage":"pt-PT","potentialAction":[{"@type":"ReadAction","target":["https:\/\/www.tomhemps.com\/pt-pt\/prp\/wax-filled-liquid-x-pen\/"]}]},{"@type":"ImageObject","inLanguage":"pt-PT","@id":"https:\/\/www.tomhemps.com\/pt-pt\/prp\/wax-filled-liquid-x-pen\/#primaryimage","url":"https:\/\/www.tomhemps.com\/wp-content\/uploads\/2020\/12\/Tom_Hemps_product_jupiterpen_wax.png","contentUrl":"https:\/\/www.tomhemps.com\/wp-content\/uploads\/2020\/12\/Tom_Hemps_product_jupiterpen_wax.png","width":1780,"height":1600,"caption":"Tom Hemps Product CBD WAX 70 Vape Pen AH"},{"@type":"BreadcrumbList","@id":"https:\/\/www.tomhemps.com\/pt-pt\/prp\/wax-filled-liquid-x-pen\/#breadcrumb","itemListElement":[{"@type":"ListItem","position":1,"name":"Startseite","item":"https:\/\/www.tomhemps.com\/pt-pt\/"},{"@type":"ListItem","position":2,"name":"Shop","item":"https:\/\/www.tomhemps.com\/pt-pt\/shop\/"},{"@type":"ListItem","position":3,"name":"Wax Filled Liquid X Pen"}]},{"@type":"WebSite","@id":"https:\/\/www.tomhemps.com\/pt-pt\/#website","url":"https:\/\/www.tomhemps.com\/pt-pt\/","name":"Your CBD Shop | Your CBD Brand | born in Berlin","description":"CBD Shop Berlin","publisher":{"@id":"https:\/\/www.tomhemps.com\/pt-pt\/#organization"},"potentialAction":[{"@type":"SearchAction","target":{"@type":"EntryPoint","urlTemplate":"https:\/\/www.tomhemps.com\/pt-pt\/?s={search_term_string}"},"query-input":"required name=search_term_string"}],"inLanguage":"pt-PT"},{"@type":"Organization","@id":"https:\/\/www.tomhemps.com\/pt-pt\/#organization","name":"Tom Hemp's CBD Shop","alternateName":"Tom Hemp's Berlin","url":"https:\/\/www.tomhemps.com\/pt-pt\/","logo":{"@type":"ImageObject","inLanguage":"pt-PT","@id":"https:\/\/www.tomhemps.com\/pt-pt\/#\/schema\/logo\/image\/","url":"https:\/\/www.tomhemps.com\/wp-content\/uploads\/2019\/04\/Logo-2019-e1581413011332.jpg","contentUrl":"https:\/\/www.tomhemps.com\/wp-content\/uploads\/2019\/04\/Logo-2019-e1581413011332.jpg","width":460,"height":153,"caption":"Tom Hemp's CBD Shop"},"image":{"@id":"https:\/\/www.tomhemps.com\/pt-pt\/#\/schema\/logo\/image\/"},"sameAs":["https:\/\/www.facebook.com\/tomhempsberlin\/","https:\/\/www.instagram.com\/tomhemps_cbd\/","https:\/\/www.youtube.com\/channel\/UCbGxDacLx_DRKyder_zVoNw"]}]}},"fields":{"pi_t":164649,"pi_tot":"Mais detalhes","pi_to":"<p>1x Jupiter Liquid x Pen (uso \u00fanico)<\/p>\n<ul>\n<li>Dimens\u00f5es: 132 * 17 * 10mm Capacidade da Bateria<\/li>\n<li>500mAh Capacidade do flu\u00eddo: 1ml Resist\u00eancia: 1,3Ohm (Voltagem 3,3V)<\/li>\n<li>Vaporizador com tecnologia CCELL &#8211; o elemento de aquecimento est\u00e1 aplicado em cer\u00e2mica porosa.<\/li>\n<li>Inalador autom\u00e1tico<\/li>\n<li>Bateria Li-Ion de 200mHa<\/li>\n<li>Cartucho de vidro \u2022 Boquilha de enroscar com duas posi\u00e7\u00f5es<\/li>\n<li>\u00c1rea de viscosidade para funcionamento: at\u00e9 110.000 cPs<\/li>\n<\/ul>\n<p>&nbsp;<\/p>\n<p>1x cartucho CBD Wax:<\/p>\n<p>CBD: 70%<br \/>\nTHC: &lt; 0,2%<br \/>\nIngredientes: extracto de c\u00e2nhamo cultivado organicamente. Armazene num local fresco e use durante o m\u00eas seguinte \u00e0 sua abertura.<\/p>\n","pi_tst":"Uso","pi_ts":"<p>O vaporizador \u00e9 usado para vaporizar diferentes subst\u00e2ncias, como e-l\u00edquidos. A caneta vaporizadora n\u00e3o pode ser recarregada!<\/p>\n<p>Esta j\u00e1 vem preenchida com cera de CBD natural ou cera de CBD blueberry.<\/p>\n<p>Instru\u00e7\u00f5es de uso: Ligue o vaporizador e, se poss\u00edvel, defina a configura\u00e7\u00e3o t\u00e9rmica de sua prefer\u00eancia. Espere at\u00e9 que a temperatura correta seja atingida, que muitos vaporizadores sinalizam via LED, vibra\u00e7\u00e3o ou simplesmente indicando no aplicativo. Na primeira inala\u00e7\u00e3o, inspire uniformemente no bocal por entre 5 e 8 segundos, inalando o vapor.<\/p>\n","pi_hd":false,"pi_hm":false,"pi_dd":402598,"smoking_product":true},"_links":{"self":[{"href":"https:\/\/www.tomhemps.com\/pt-pt\/wp-json\/wp\/v2\/product\/181617"}],"collection":[{"href":"https:\/\/www.tomhemps.com\/pt-pt\/wp-json\/wp\/v2\/product"}],"about":[{"href":"https:\/\/www.tomhemps.com\/pt-pt\/wp-json\/wp\/v2\/types\/product"}],"replies":[{"embeddable":true,"href":"https:\/\/www.tomhemps.com\/pt-pt\/wp-json\/wp\/v2\/comments?post=181617"}],"wp:featuredmedia":[{"embeddable":true,"href":"https:\/\/www.tomhemps.com\/pt-pt\/wp-json\/wp\/v2\/media\/262799"}],"wp:attachment":[{"href":"https:\/\/www.tomhemps.com\/pt-pt\/wp-json\/wp\/v2\/media?parent=181617"}],"wp:term":[{"taxonomy":"product_cat","embeddable":true,"href":"https:\/\/www.tomhemps.com\/pt-pt\/wp-json\/wp\/v2\/product_cat?post=181617"},{"taxonomy":"product_tag","embeddable":true,"href":"https:\/\/www.tomhemps.com\/pt-pt\/wp-json\/wp\/v2\/product_tag?post=181617"}],"curies":[{"name":"wp","href":"https:\/\/api.w.org\/{rel}","templated":true}]}}