{"id":460220,"date":"2021-08-12T14:43:18","date_gmt":"2021-08-12T12:43:19","guid":{"rendered":"https:\/\/www.tomhemps.com\/?post_type=product&#038;p=460220"},"modified":"2025-02-06T18:36:00","modified_gmt":"2025-02-06T17:36:00","slug":"cbd-wax-cartucho","status":"publish","type":"product","link":"https:\/\/www.tomhemps.com\/pt-pt\/prp\/cbd-wax-cartucho\/","title":{"rendered":"CBD Wax Cartucho"},"content":{"rendered":"","protected":false},"excerpt":{"rendered":"<p><strong>O Cartucho de Cera de CBD Natural da Tom Hemp&#8217;s<\/strong> \u00e9 a escolha modesta, mas impressionante, para aqueles que valorizam a qualidade. Feito com c\u00e2nhamo industrial europeu premium, nosso cartucho de vidro cont\u00e9m <strong>70% de CBD puro<\/strong> e utiliza a avan\u00e7ada <strong>Tecnologia de Aquecimento Cer\u00e2mico CCELL<\/strong>. Essa tecnologia garante a reten\u00e7\u00e3o do espectro completo de <strong>canabinoides e terpenos<\/strong>, proporcionando uma experi\u00eancia de vaporiza\u00e7\u00e3o suave. Acreditamos que a qualidade est\u00e1 na simplicidade \u2013 assim como o <strong>Cartucho de Cera de CBD<\/strong>, que representa um prazer sutil sem compromissos. \u00c0s vezes, s\u00e3o os pequenos detalhes que fazem a diferen\u00e7a&#8230; <strong>Compat\u00edvel com CBD Wax Vape Pen<\/strong>. Tamb\u00e9m dispon\u00edvel nos sabores <strong>Purpleberry<\/strong> e <strong>Alien Haze<\/strong>.<\/p>\n","protected":false},"featured_media":461127,"comment_status":"open","ping_status":"closed","template":"","meta":{"_acf_changed":false},"product_cat":[2541,5004,1090],"product_tag":[],"acf":[],"yoast_head":"<!-- This site is optimized with the Yoast SEO Premium plugin v22.8 (Yoast SEO v22.8) - https:\/\/yoast.com\/wordpress\/plugins\/seo\/ -->\n<title>CBD Wax Cartucho<\/title>\n<meta name=\"description\" content=\"Os cartuchos de cera CBD s\u00e3o um m\u00e9todo popular de consumo de canabidiol (CBD) devido \u00e0 sua pot\u00eancia e ao r\u00e1pido in\u00edcio dos efeitos.\" \/>\n<meta name=\"robots\" content=\"index, follow, max-snippet:-1, max-image-preview:large, max-video-preview:-1\" \/>\n<link rel=\"canonical\" href=\"https:\/\/www.tomhemps.com\/pt-pt\/prp\/cbd-wax-cartucho\/\" \/>\n<meta property=\"og:locale\" content=\"pt_PT\" \/>\n<meta property=\"og:type\" content=\"article\" \/>\n<meta property=\"og:title\" content=\"CBD Wax Cartucho\" \/>\n<meta property=\"og:description\" content=\"Os cartuchos de cera CBD s\u00e3o um m\u00e9todo popular de consumo de canabidiol (CBD) devido \u00e0 sua pot\u00eancia e ao r\u00e1pido in\u00edcio dos efeitos.\" \/>\n<meta property=\"og:url\" content=\"https:\/\/www.tomhemps.com\/pt-pt\/prp\/cbd-wax-cartucho\/\" \/>\n<meta property=\"og:site_name\" content=\"Your CBD Shop | Your CBD Brand | born in Berlin\" \/>\n<meta property=\"article:publisher\" content=\"https:\/\/www.facebook.com\/tomhempsberlin\/\" \/>\n<meta property=\"article:modified_time\" content=\"2025-02-06T17:36:00+00:00\" \/>\n<meta property=\"og:image\" content=\"https:\/\/www.tomhemps.com\/wp-content\/uploads\/2021\/08\/Tom_Hemps_product_wax_cartridge_natural_wax_small_box_product-1.png\" \/>\n\t<meta property=\"og:image:width\" content=\"1780\" \/>\n\t<meta property=\"og:image:height\" content=\"1600\" \/>\n\t<meta property=\"og:image:type\" content=\"image\/png\" \/>\n<meta name=\"twitter:card\" content=\"summary_large_image\" \/>\n<meta name=\"twitter:label1\" content=\"Tempo estimado de leitura\" \/>\n\t<meta name=\"twitter:data1\" content=\"2 minutos\" \/>\n<script type=\"application\/ld+json\" class=\"yoast-schema-graph\">{\"@context\":\"https:\/\/schema.org\",\"@graph\":[{\"@type\":\"WebPage\",\"@id\":\"https:\/\/www.tomhemps.com\/pt-pt\/prp\/cbd-wax-cartucho\/\",\"url\":\"https:\/\/www.tomhemps.com\/pt-pt\/prp\/cbd-wax-cartucho\/\",\"name\":\"CBD Wax Cartucho\",\"isPartOf\":{\"@id\":\"https:\/\/www.tomhemps.com\/pt-pt\/#website\"},\"primaryImageOfPage\":{\"@id\":\"https:\/\/www.tomhemps.com\/pt-pt\/prp\/cbd-wax-cartucho\/#primaryimage\"},\"image\":{\"@id\":\"https:\/\/www.tomhemps.com\/pt-pt\/prp\/cbd-wax-cartucho\/#primaryimage\"},\"thumbnailUrl\":\"https:\/\/www.tomhemps.com\/wp-content\/uploads\/2021\/08\/Tom_Hemps_product_wax_cartridge_natural_wax_small_box_product-1.png\",\"datePublished\":\"2021-08-12T12:43:19+00:00\",\"dateModified\":\"2025-02-06T17:36:00+00:00\",\"description\":\"Os cartuchos de cera CBD s\u00e3o um m\u00e9todo popular de consumo de canabidiol (CBD) devido \u00e0 sua pot\u00eancia e ao r\u00e1pido in\u00edcio dos efeitos.\",\"breadcrumb\":{\"@id\":\"https:\/\/www.tomhemps.com\/pt-pt\/prp\/cbd-wax-cartucho\/#breadcrumb\"},\"inLanguage\":\"pt-PT\",\"potentialAction\":[{\"@type\":\"ReadAction\",\"target\":[\"https:\/\/www.tomhemps.com\/pt-pt\/prp\/cbd-wax-cartucho\/\"]}]},{\"@type\":\"ImageObject\",\"inLanguage\":\"pt-PT\",\"@id\":\"https:\/\/www.tomhemps.com\/pt-pt\/prp\/cbd-wax-cartucho\/#primaryimage\",\"url\":\"https:\/\/www.tomhemps.com\/wp-content\/uploads\/2021\/08\/Tom_Hemps_product_wax_cartridge_natural_wax_small_box_product-1.png\",\"contentUrl\":\"https:\/\/www.tomhemps.com\/wp-content\/uploads\/2021\/08\/Tom_Hemps_product_wax_cartridge_natural_wax_small_box_product-1.png\",\"width\":1780,\"height\":1600},{\"@type\":\"BreadcrumbList\",\"@id\":\"https:\/\/www.tomhemps.com\/pt-pt\/prp\/cbd-wax-cartucho\/#breadcrumb\",\"itemListElement\":[{\"@type\":\"ListItem\",\"position\":1,\"name\":\"Startseite\",\"item\":\"https:\/\/www.tomhemps.com\/pt-pt\/\"},{\"@type\":\"ListItem\",\"position\":2,\"name\":\"Shop\",\"item\":\"https:\/\/www.tomhemps.com\/pt-pt\/shop\/\"},{\"@type\":\"ListItem\",\"position\":3,\"name\":\"CBD Wax Cartucho\"}]},{\"@type\":\"WebSite\",\"@id\":\"https:\/\/www.tomhemps.com\/pt-pt\/#website\",\"url\":\"https:\/\/www.tomhemps.com\/pt-pt\/\",\"name\":\"Your CBD Shop | Your CBD Brand | born in Berlin\",\"description\":\"CBD Shop Berlin\",\"publisher\":{\"@id\":\"https:\/\/www.tomhemps.com\/pt-pt\/#organization\"},\"potentialAction\":[{\"@type\":\"SearchAction\",\"target\":{\"@type\":\"EntryPoint\",\"urlTemplate\":\"https:\/\/www.tomhemps.com\/pt-pt\/?s={search_term_string}\"},\"query-input\":\"required name=search_term_string\"}],\"inLanguage\":\"pt-PT\"},{\"@type\":\"Organization\",\"@id\":\"https:\/\/www.tomhemps.com\/pt-pt\/#organization\",\"name\":\"Tom Hemp's CBD Shop\",\"alternateName\":\"Tom Hemp's Berlin\",\"url\":\"https:\/\/www.tomhemps.com\/pt-pt\/\",\"logo\":{\"@type\":\"ImageObject\",\"inLanguage\":\"pt-PT\",\"@id\":\"https:\/\/www.tomhemps.com\/pt-pt\/#\/schema\/logo\/image\/\",\"url\":\"https:\/\/www.tomhemps.com\/wp-content\/uploads\/2019\/04\/Logo-2019-e1581413011332.jpg\",\"contentUrl\":\"https:\/\/www.tomhemps.com\/wp-content\/uploads\/2019\/04\/Logo-2019-e1581413011332.jpg\",\"width\":460,\"height\":153,\"caption\":\"Tom Hemp's CBD Shop\"},\"image\":{\"@id\":\"https:\/\/www.tomhemps.com\/pt-pt\/#\/schema\/logo\/image\/\"},\"sameAs\":[\"https:\/\/www.facebook.com\/tomhempsberlin\/\",\"https:\/\/www.instagram.com\/tomhemps_cbd\/\",\"https:\/\/www.youtube.com\/channel\/UCbGxDacLx_DRKyder_zVoNw\"]}]}<\/script>\n<!-- \/ Yoast SEO Premium plugin. -->","yoast_head_json":{"title":"CBD Wax Cartucho","description":"Os cartuchos de cera CBD s\u00e3o um m\u00e9todo popular de consumo de canabidiol (CBD) devido \u00e0 sua pot\u00eancia e ao r\u00e1pido in\u00edcio dos efeitos.","robots":{"index":"index","follow":"follow","max-snippet":"max-snippet:-1","max-image-preview":"max-image-preview:large","max-video-preview":"max-video-preview:-1"},"canonical":"https:\/\/www.tomhemps.com\/pt-pt\/prp\/cbd-wax-cartucho\/","og_locale":"pt_PT","og_type":"article","og_title":"CBD Wax Cartucho","og_description":"Os cartuchos de cera CBD s\u00e3o um m\u00e9todo popular de consumo de canabidiol (CBD) devido \u00e0 sua pot\u00eancia e ao r\u00e1pido in\u00edcio dos efeitos.","og_url":"https:\/\/www.tomhemps.com\/pt-pt\/prp\/cbd-wax-cartucho\/","og_site_name":"Your CBD Shop | Your CBD Brand | born in Berlin","article_publisher":"https:\/\/www.facebook.com\/tomhempsberlin\/","article_modified_time":"2025-02-06T17:36:00+00:00","og_image":[{"width":1780,"height":1600,"url":"https:\/\/www.tomhemps.com\/wp-content\/uploads\/2021\/08\/Tom_Hemps_product_wax_cartridge_natural_wax_small_box_product-1.png","type":"image\/png"}],"twitter_card":"summary_large_image","twitter_misc":{"Tempo estimado de leitura":"2 minutos"},"schema":{"@context":"https:\/\/schema.org","@graph":[{"@type":"WebPage","@id":"https:\/\/www.tomhemps.com\/pt-pt\/prp\/cbd-wax-cartucho\/","url":"https:\/\/www.tomhemps.com\/pt-pt\/prp\/cbd-wax-cartucho\/","name":"CBD Wax Cartucho","isPartOf":{"@id":"https:\/\/www.tomhemps.com\/pt-pt\/#website"},"primaryImageOfPage":{"@id":"https:\/\/www.tomhemps.com\/pt-pt\/prp\/cbd-wax-cartucho\/#primaryimage"},"image":{"@id":"https:\/\/www.tomhemps.com\/pt-pt\/prp\/cbd-wax-cartucho\/#primaryimage"},"thumbnailUrl":"https:\/\/www.tomhemps.com\/wp-content\/uploads\/2021\/08\/Tom_Hemps_product_wax_cartridge_natural_wax_small_box_product-1.png","datePublished":"2021-08-12T12:43:19+00:00","dateModified":"2025-02-06T17:36:00+00:00","description":"Os cartuchos de cera CBD s\u00e3o um m\u00e9todo popular de consumo de canabidiol (CBD) devido \u00e0 sua pot\u00eancia e ao r\u00e1pido in\u00edcio dos efeitos.","breadcrumb":{"@id":"https:\/\/www.tomhemps.com\/pt-pt\/prp\/cbd-wax-cartucho\/#breadcrumb"},"inLanguage":"pt-PT","potentialAction":[{"@type":"ReadAction","target":["https:\/\/www.tomhemps.com\/pt-pt\/prp\/cbd-wax-cartucho\/"]}]},{"@type":"ImageObject","inLanguage":"pt-PT","@id":"https:\/\/www.tomhemps.com\/pt-pt\/prp\/cbd-wax-cartucho\/#primaryimage","url":"https:\/\/www.tomhemps.com\/wp-content\/uploads\/2021\/08\/Tom_Hemps_product_wax_cartridge_natural_wax_small_box_product-1.png","contentUrl":"https:\/\/www.tomhemps.com\/wp-content\/uploads\/2021\/08\/Tom_Hemps_product_wax_cartridge_natural_wax_small_box_product-1.png","width":1780,"height":1600},{"@type":"BreadcrumbList","@id":"https:\/\/www.tomhemps.com\/pt-pt\/prp\/cbd-wax-cartucho\/#breadcrumb","itemListElement":[{"@type":"ListItem","position":1,"name":"Startseite","item":"https:\/\/www.tomhemps.com\/pt-pt\/"},{"@type":"ListItem","position":2,"name":"Shop","item":"https:\/\/www.tomhemps.com\/pt-pt\/shop\/"},{"@type":"ListItem","position":3,"name":"CBD Wax Cartucho"}]},{"@type":"WebSite","@id":"https:\/\/www.tomhemps.com\/pt-pt\/#website","url":"https:\/\/www.tomhemps.com\/pt-pt\/","name":"Your CBD Shop | Your CBD Brand | born in Berlin","description":"CBD Shop Berlin","publisher":{"@id":"https:\/\/www.tomhemps.com\/pt-pt\/#organization"},"potentialAction":[{"@type":"SearchAction","target":{"@type":"EntryPoint","urlTemplate":"https:\/\/www.tomhemps.com\/pt-pt\/?s={search_term_string}"},"query-input":"required name=search_term_string"}],"inLanguage":"pt-PT"},{"@type":"Organization","@id":"https:\/\/www.tomhemps.com\/pt-pt\/#organization","name":"Tom Hemp's CBD Shop","alternateName":"Tom Hemp's Berlin","url":"https:\/\/www.tomhemps.com\/pt-pt\/","logo":{"@type":"ImageObject","inLanguage":"pt-PT","@id":"https:\/\/www.tomhemps.com\/pt-pt\/#\/schema\/logo\/image\/","url":"https:\/\/www.tomhemps.com\/wp-content\/uploads\/2019\/04\/Logo-2019-e1581413011332.jpg","contentUrl":"https:\/\/www.tomhemps.com\/wp-content\/uploads\/2019\/04\/Logo-2019-e1581413011332.jpg","width":460,"height":153,"caption":"Tom Hemp's CBD Shop"},"image":{"@id":"https:\/\/www.tomhemps.com\/pt-pt\/#\/schema\/logo\/image\/"},"sameAs":["https:\/\/www.facebook.com\/tomhempsberlin\/","https:\/\/www.instagram.com\/tomhemps_cbd\/","https:\/\/www.youtube.com\/channel\/UCbGxDacLx_DRKyder_zVoNw"]}]}},"fields":{"pi_tot":"Conte\u00fado","pi_to":"<h4><strong>Instru\u00e7\u00f5es de Uso:<\/strong><\/h4>\n<ol>\n<li>Rosqueie o <strong>Cartucho de Cera de CBD<\/strong> com a rosca 510 no seu dispositivo de vaporiza\u00e7\u00e3o.<\/li>\n<li>Aperte o cartucho at\u00e9 que fique firme.<\/li>\n<li>Inspire por 3 a 5 segundos.<\/li>\n<\/ol>\n<h4><strong>Armazenamento e Seguran\u00e7a:<\/strong><\/h4>\n<ul>\n<li>Uso \u00fanico.<\/li>\n<li>Armazene na posi\u00e7\u00e3o vertical, em local seco e \u00e0 temperatura ambiente.<\/li>\n<li>Mantenha fora do alcance de crian\u00e7as.<\/li>\n<\/ul>\n<hr \/>\n<h3><strong>O que s\u00e3o os Cartuchos de Cera de CBD?<\/strong><\/h3>\n<p>Os <strong>Cartuchos de Cera de CBD<\/strong> s\u00e3o recipientes pr\u00e9-preenchidos com cera de CBD altamente concentrada, especialmente desenvolvidos para uso com canetas vaporizadoras. Eles permitem uma absor\u00e7\u00e3o r\u00e1pida e eficaz do <strong>canabidiol (CBD)<\/strong> por meio da inala\u00e7\u00e3o.<\/p>\n<ul>\n<li><strong>Alta concentra\u00e7\u00e3o de CBD<\/strong>: geralmente entre 70% e 95%, garantindo um efeito potente.<\/li>\n<li><strong>Sabores variados<\/strong>: dispon\u00edveis nos sabores <strong>Natural, Purpleberry e Alien Haze<\/strong>.<\/li>\n<li><strong>Compatibilidade<\/strong>: adequado para <strong>cigarros eletr\u00f4nicos com rosca 510<\/strong>.<\/li>\n<li><strong>Terpenos naturais<\/strong>: uso de <strong>terpenos 100% naturais<\/strong> para um sabor aut\u00eantico.<\/li>\n<\/ul>\n","pi_tst":"Carater\u00edsticas","pi_ts":"<p><strong>Ingredientes:<\/strong><\/p>\n<p>Extrato de c\u00e2nhamo, terpenos naturais<br \/>\nConte\u00fado de canabin\u00f3ides: 850 mg<br \/>\nCBD: 70%<br \/>\nCBG: 15%<br \/>\nCBDV: 0.2-0.5%<br \/>\nTHC: &lt;0,2%<br \/>\nPerfil de sabor: Aroma natural de c\u00e2nhamo, picante<\/p>\n<p>Design: Bobina de cer\u00e2mica de alta qualidade com cartucho de vidro<br \/>\nCapacidade: 1 ml<br \/>\nRosca: 510<\/p>\n<p>&nbsp;<\/p>\n","pi_hd":false,"pi_hm":false,"smoking_product":true,"pi_dd":false,"pi_t":164649},"_links":{"self":[{"href":"https:\/\/www.tomhemps.com\/pt-pt\/wp-json\/wp\/v2\/product\/460220"}],"collection":[{"href":"https:\/\/www.tomhemps.com\/pt-pt\/wp-json\/wp\/v2\/product"}],"about":[{"href":"https:\/\/www.tomhemps.com\/pt-pt\/wp-json\/wp\/v2\/types\/product"}],"replies":[{"embeddable":true,"href":"https:\/\/www.tomhemps.com\/pt-pt\/wp-json\/wp\/v2\/comments?post=460220"}],"wp:featuredmedia":[{"embeddable":true,"href":"https:\/\/www.tomhemps.com\/pt-pt\/wp-json\/wp\/v2\/media\/461127"}],"wp:attachment":[{"href":"https:\/\/www.tomhemps.com\/pt-pt\/wp-json\/wp\/v2\/media?parent=460220"}],"wp:term":[{"taxonomy":"product_cat","embeddable":true,"href":"https:\/\/www.tomhemps.com\/pt-pt\/wp-json\/wp\/v2\/product_cat?post=460220"},{"taxonomy":"product_tag","embeddable":true,"href":"https:\/\/www.tomhemps.com\/pt-pt\/wp-json\/wp\/v2\/product_tag?post=460220"}],"curies":[{"name":"wp","href":"https:\/\/api.w.org\/{rel}","templated":true}]}}