{"id":473858,"date":"2021-10-15T15:50:17","date_gmt":"2021-10-15T13:50:23","guid":{"rendered":"https:\/\/www.tomhemps.com\/?post_type=product&#038;p=473858"},"modified":"2025-11-24T21:57:58","modified_gmt":"2025-11-24T20:57:58","slug":"cbd-hash-20-super-dry-pollen","status":"publish","type":"product","link":"https:\/\/www.tomhemps.com\/pt-pt\/prp\/cbd-hash-20-super-dry-pollen\/","title":{"rendered":"CBD Hash 20% Super Dry Pollen"},"content":{"rendered":"","protected":false},"excerpt":{"rendered":"<p>O P\u00f3leon Super Dry \u00e9 um hash de CBD de alta qualidade e feito exclusivamente com os melhores buds do mercado. O nosso objectivo era criar um produto particularmente macio e mold\u00e1vel com o m\u00e1ximo efeito de CBD. Para o conseguir, procur\u00e1mos as melhores flores CBD certificadas pela UE da mais alta qualidade e destil\u00e1mo-las num processo de secagem em v\u00e1rias fases para criar o hash de CBD perfeito. O resultado \u00e9 um hash de CBD perfumado com uma estrutura cristalina e um agrad\u00e1vel conte\u00fado de CBD de 20%. O P\u00f3len Super Dry s\u00f3 est\u00e1 dispon\u00edvel num pr\u00e1tico frasco reutiliz\u00e1vel. Desta forma, ficam sempre frescos e ready &#8211; until you are. Dispon\u00edvel em tr\u00eas tamanhos pr\u00e1ticos.<\/p>\n","protected":false},"featured_media":537176,"comment_status":"open","ping_status":"closed","template":"","meta":{"_acf_changed":false},"product_cat":[5004,1090,1153],"product_tag":[],"acf":[],"yoast_head":"<!-- This site is optimized with the Yoast SEO Premium plugin v22.8 (Yoast SEO v22.8) - https:\/\/yoast.com\/wordpress\/plugins\/seo\/ -->\n<title>CBD Hash 20% Super Dry Pollen<\/title>\n<meta name=\"description\" content=\"CBD Hash 20% Super Dry Pollen - Your CBD Shop | Your CBD Brand | born in Berlin\" \/>\n<meta name=\"robots\" content=\"index, follow, max-snippet:-1, max-image-preview:large, max-video-preview:-1\" \/>\n<link rel=\"canonical\" href=\"https:\/\/www.tomhemps.com\/pt-pt\/prp\/cbd-hash-20-super-dry-pollen\/\" \/>\n<meta property=\"og:locale\" content=\"pt_PT\" \/>\n<meta property=\"og:type\" content=\"article\" \/>\n<meta property=\"og:title\" content=\"CBD Hash 20% Super Dry Pollen\" \/>\n<meta property=\"og:description\" content=\"CBD Hash 20% Super Dry Pollen - Your CBD Shop | Your CBD Brand | born in Berlin\" \/>\n<meta property=\"og:url\" content=\"https:\/\/www.tomhemps.com\/pt-pt\/prp\/cbd-hash-20-super-dry-pollen\/\" \/>\n<meta property=\"og:site_name\" content=\"Your CBD Shop | Your CBD Brand | born in Berlin\" \/>\n<meta property=\"article:publisher\" content=\"https:\/\/www.facebook.com\/tomhempsberlin\/\" \/>\n<meta property=\"article:modified_time\" content=\"2025-11-24T20:57:58+00:00\" \/>\n<meta property=\"og:image\" content=\"https:\/\/www.tomhemps.com\/wp-content\/uploads\/2021\/10\/TH-products-webshop-product-680x850-hash-super-dry.png\" \/>\n\t<meta property=\"og:image:width\" content=\"680\" \/>\n\t<meta property=\"og:image:height\" content=\"850\" \/>\n\t<meta property=\"og:image:type\" content=\"image\/png\" \/>\n<meta name=\"twitter:card\" content=\"summary_large_image\" \/>\n<script type=\"application\/ld+json\" class=\"yoast-schema-graph\">{\"@context\":\"https:\/\/schema.org\",\"@graph\":[{\"@type\":\"WebPage\",\"@id\":\"https:\/\/www.tomhemps.com\/pt-pt\/prp\/cbd-hash-20-super-dry-pollen\/\",\"url\":\"https:\/\/www.tomhemps.com\/pt-pt\/prp\/cbd-hash-20-super-dry-pollen\/\",\"name\":\"CBD Hash 20% Super Dry Pollen\",\"isPartOf\":{\"@id\":\"https:\/\/www.tomhemps.com\/pt-pt\/#website\"},\"primaryImageOfPage\":{\"@id\":\"https:\/\/www.tomhemps.com\/pt-pt\/prp\/cbd-hash-20-super-dry-pollen\/#primaryimage\"},\"image\":{\"@id\":\"https:\/\/www.tomhemps.com\/pt-pt\/prp\/cbd-hash-20-super-dry-pollen\/#primaryimage\"},\"thumbnailUrl\":\"https:\/\/www.tomhemps.com\/wp-content\/uploads\/2021\/10\/TH-products-webshop-product-680x850-hash-super-dry.png\",\"datePublished\":\"2021-10-15T13:50:23+00:00\",\"dateModified\":\"2025-11-24T20:57:58+00:00\",\"description\":\"CBD Hash 20% Super Dry Pollen - Your CBD Shop | Your CBD Brand | born in Berlin\",\"breadcrumb\":{\"@id\":\"https:\/\/www.tomhemps.com\/pt-pt\/prp\/cbd-hash-20-super-dry-pollen\/#breadcrumb\"},\"inLanguage\":\"pt-PT\",\"potentialAction\":[{\"@type\":\"ReadAction\",\"target\":[\"https:\/\/www.tomhemps.com\/pt-pt\/prp\/cbd-hash-20-super-dry-pollen\/\"]}]},{\"@type\":\"ImageObject\",\"inLanguage\":\"pt-PT\",\"@id\":\"https:\/\/www.tomhemps.com\/pt-pt\/prp\/cbd-hash-20-super-dry-pollen\/#primaryimage\",\"url\":\"https:\/\/www.tomhemps.com\/wp-content\/uploads\/2021\/10\/TH-products-webshop-product-680x850-hash-super-dry.png\",\"contentUrl\":\"https:\/\/www.tomhemps.com\/wp-content\/uploads\/2021\/10\/TH-products-webshop-product-680x850-hash-super-dry.png\",\"width\":680,\"height\":850,\"caption\":\"CBD HASH 20% SUPER DRY POLLEN Package | Tom Hemps Online CBD Shop\"},{\"@type\":\"BreadcrumbList\",\"@id\":\"https:\/\/www.tomhemps.com\/pt-pt\/prp\/cbd-hash-20-super-dry-pollen\/#breadcrumb\",\"itemListElement\":[{\"@type\":\"ListItem\",\"position\":1,\"name\":\"Startseite\",\"item\":\"https:\/\/www.tomhemps.com\/pt-pt\/\"},{\"@type\":\"ListItem\",\"position\":2,\"name\":\"Shop\",\"item\":\"https:\/\/www.tomhemps.com\/pt-pt\/shop\/\"},{\"@type\":\"ListItem\",\"position\":3,\"name\":\"CBD Hash 20% Super Dry Pollen\"}]},{\"@type\":\"WebSite\",\"@id\":\"https:\/\/www.tomhemps.com\/pt-pt\/#website\",\"url\":\"https:\/\/www.tomhemps.com\/pt-pt\/\",\"name\":\"Your CBD Shop | Your CBD Brand | born in Berlin\",\"description\":\"CBD Shop Berlin\",\"publisher\":{\"@id\":\"https:\/\/www.tomhemps.com\/pt-pt\/#organization\"},\"potentialAction\":[{\"@type\":\"SearchAction\",\"target\":{\"@type\":\"EntryPoint\",\"urlTemplate\":\"https:\/\/www.tomhemps.com\/pt-pt\/?s={search_term_string}\"},\"query-input\":\"required name=search_term_string\"}],\"inLanguage\":\"pt-PT\"},{\"@type\":\"Organization\",\"@id\":\"https:\/\/www.tomhemps.com\/pt-pt\/#organization\",\"name\":\"Tom Hemp's CBD Shop\",\"alternateName\":\"Tom Hemp's Berlin\",\"url\":\"https:\/\/www.tomhemps.com\/pt-pt\/\",\"logo\":{\"@type\":\"ImageObject\",\"inLanguage\":\"pt-PT\",\"@id\":\"https:\/\/www.tomhemps.com\/pt-pt\/#\/schema\/logo\/image\/\",\"url\":\"https:\/\/www.tomhemps.com\/wp-content\/uploads\/2019\/04\/Logo-2019-e1581413011332.jpg\",\"contentUrl\":\"https:\/\/www.tomhemps.com\/wp-content\/uploads\/2019\/04\/Logo-2019-e1581413011332.jpg\",\"width\":460,\"height\":153,\"caption\":\"Tom Hemp's CBD Shop\"},\"image\":{\"@id\":\"https:\/\/www.tomhemps.com\/pt-pt\/#\/schema\/logo\/image\/\"},\"sameAs\":[\"https:\/\/www.facebook.com\/tomhempsberlin\/\",\"https:\/\/www.instagram.com\/tomhemps_cbd\/\",\"https:\/\/www.youtube.com\/channel\/UCbGxDacLx_DRKyder_zVoNw\"]}]}<\/script>\n<!-- \/ Yoast SEO Premium plugin. -->","yoast_head_json":{"title":"CBD Hash 20% Super Dry Pollen","description":"CBD Hash 20% Super Dry Pollen - Your CBD Shop | Your CBD Brand | born in Berlin","robots":{"index":"index","follow":"follow","max-snippet":"max-snippet:-1","max-image-preview":"max-image-preview:large","max-video-preview":"max-video-preview:-1"},"canonical":"https:\/\/www.tomhemps.com\/pt-pt\/prp\/cbd-hash-20-super-dry-pollen\/","og_locale":"pt_PT","og_type":"article","og_title":"CBD Hash 20% Super Dry Pollen","og_description":"CBD Hash 20% Super Dry Pollen - Your CBD Shop | Your CBD Brand | born in Berlin","og_url":"https:\/\/www.tomhemps.com\/pt-pt\/prp\/cbd-hash-20-super-dry-pollen\/","og_site_name":"Your CBD Shop | Your CBD Brand | born in Berlin","article_publisher":"https:\/\/www.facebook.com\/tomhempsberlin\/","article_modified_time":"2025-11-24T20:57:58+00:00","og_image":[{"width":680,"height":850,"url":"https:\/\/www.tomhemps.com\/wp-content\/uploads\/2021\/10\/TH-products-webshop-product-680x850-hash-super-dry.png","type":"image\/png"}],"twitter_card":"summary_large_image","schema":{"@context":"https:\/\/schema.org","@graph":[{"@type":"WebPage","@id":"https:\/\/www.tomhemps.com\/pt-pt\/prp\/cbd-hash-20-super-dry-pollen\/","url":"https:\/\/www.tomhemps.com\/pt-pt\/prp\/cbd-hash-20-super-dry-pollen\/","name":"CBD Hash 20% Super Dry Pollen","isPartOf":{"@id":"https:\/\/www.tomhemps.com\/pt-pt\/#website"},"primaryImageOfPage":{"@id":"https:\/\/www.tomhemps.com\/pt-pt\/prp\/cbd-hash-20-super-dry-pollen\/#primaryimage"},"image":{"@id":"https:\/\/www.tomhemps.com\/pt-pt\/prp\/cbd-hash-20-super-dry-pollen\/#primaryimage"},"thumbnailUrl":"https:\/\/www.tomhemps.com\/wp-content\/uploads\/2021\/10\/TH-products-webshop-product-680x850-hash-super-dry.png","datePublished":"2021-10-15T13:50:23+00:00","dateModified":"2025-11-24T20:57:58+00:00","description":"CBD Hash 20% Super Dry Pollen - Your CBD Shop | Your CBD Brand | born in Berlin","breadcrumb":{"@id":"https:\/\/www.tomhemps.com\/pt-pt\/prp\/cbd-hash-20-super-dry-pollen\/#breadcrumb"},"inLanguage":"pt-PT","potentialAction":[{"@type":"ReadAction","target":["https:\/\/www.tomhemps.com\/pt-pt\/prp\/cbd-hash-20-super-dry-pollen\/"]}]},{"@type":"ImageObject","inLanguage":"pt-PT","@id":"https:\/\/www.tomhemps.com\/pt-pt\/prp\/cbd-hash-20-super-dry-pollen\/#primaryimage","url":"https:\/\/www.tomhemps.com\/wp-content\/uploads\/2021\/10\/TH-products-webshop-product-680x850-hash-super-dry.png","contentUrl":"https:\/\/www.tomhemps.com\/wp-content\/uploads\/2021\/10\/TH-products-webshop-product-680x850-hash-super-dry.png","width":680,"height":850,"caption":"CBD HASH 20% SUPER DRY POLLEN Package | Tom Hemps Online CBD Shop"},{"@type":"BreadcrumbList","@id":"https:\/\/www.tomhemps.com\/pt-pt\/prp\/cbd-hash-20-super-dry-pollen\/#breadcrumb","itemListElement":[{"@type":"ListItem","position":1,"name":"Startseite","item":"https:\/\/www.tomhemps.com\/pt-pt\/"},{"@type":"ListItem","position":2,"name":"Shop","item":"https:\/\/www.tomhemps.com\/pt-pt\/shop\/"},{"@type":"ListItem","position":3,"name":"CBD Hash 20% Super Dry Pollen"}]},{"@type":"WebSite","@id":"https:\/\/www.tomhemps.com\/pt-pt\/#website","url":"https:\/\/www.tomhemps.com\/pt-pt\/","name":"Your CBD Shop | Your CBD Brand | born in Berlin","description":"CBD Shop Berlin","publisher":{"@id":"https:\/\/www.tomhemps.com\/pt-pt\/#organization"},"potentialAction":[{"@type":"SearchAction","target":{"@type":"EntryPoint","urlTemplate":"https:\/\/www.tomhemps.com\/pt-pt\/?s={search_term_string}"},"query-input":"required name=search_term_string"}],"inLanguage":"pt-PT"},{"@type":"Organization","@id":"https:\/\/www.tomhemps.com\/pt-pt\/#organization","name":"Tom Hemp's CBD Shop","alternateName":"Tom Hemp's Berlin","url":"https:\/\/www.tomhemps.com\/pt-pt\/","logo":{"@type":"ImageObject","inLanguage":"pt-PT","@id":"https:\/\/www.tomhemps.com\/pt-pt\/#\/schema\/logo\/image\/","url":"https:\/\/www.tomhemps.com\/wp-content\/uploads\/2019\/04\/Logo-2019-e1581413011332.jpg","contentUrl":"https:\/\/www.tomhemps.com\/wp-content\/uploads\/2019\/04\/Logo-2019-e1581413011332.jpg","width":460,"height":153,"caption":"Tom Hemp's CBD Shop"},"image":{"@id":"https:\/\/www.tomhemps.com\/pt-pt\/#\/schema\/logo\/image\/"},"sameAs":["https:\/\/www.facebook.com\/tomhempsberlin\/","https:\/\/www.instagram.com\/tomhemps_cbd\/","https:\/\/www.youtube.com\/channel\/UCbGxDacLx_DRKyder_zVoNw"]}]}},"fields":{"pi_tot":"Conte\u00fado","pi_to":"<p>CBD: 20%<\/p>\n<p>THC: &lt; 0,2%<\/p>\n<p>Ingredientes: Cannabis Industrial Europeu polinizado, terpenos.<\/p>\n","pi_tst":"Aviso","pi_ts":"<p>Este produto \u00e9 um incenso e n\u00e3o est\u00e1 destinado a ser consumido. Explora\u00e7\u00e3o e p\u00f3s processamento \u00e9 estritamente proibido. Armazena fora do alcance das crian\u00e7as. Este produto \u00e9 designado exclusivamente para uso comercial, t\u00e9cnico, ou para uso cient\u00edfico. As imagens mostradas servem apenas para demonstra\u00e7\u00e3o. O nome do produto n\u00e3o tem significado ou contexto com quaisquer outros produtos e apenas \u00e9 utilizado para efeitos de marketing.<\/p>\n","pi_hd":false,"pi_hm":false,"smoking_product":true,"pi_t":481696,"pi_dd":false},"_links":{"self":[{"href":"https:\/\/www.tomhemps.com\/pt-pt\/wp-json\/wp\/v2\/product\/473858"}],"collection":[{"href":"https:\/\/www.tomhemps.com\/pt-pt\/wp-json\/wp\/v2\/product"}],"about":[{"href":"https:\/\/www.tomhemps.com\/pt-pt\/wp-json\/wp\/v2\/types\/product"}],"replies":[{"embeddable":true,"href":"https:\/\/www.tomhemps.com\/pt-pt\/wp-json\/wp\/v2\/comments?post=473858"}],"wp:featuredmedia":[{"embeddable":true,"href":"https:\/\/www.tomhemps.com\/pt-pt\/wp-json\/wp\/v2\/media\/537176"}],"wp:attachment":[{"href":"https:\/\/www.tomhemps.com\/pt-pt\/wp-json\/wp\/v2\/media?parent=473858"}],"wp:term":[{"taxonomy":"product_cat","embeddable":true,"href":"https:\/\/www.tomhemps.com\/pt-pt\/wp-json\/wp\/v2\/product_cat?post=473858"},{"taxonomy":"product_tag","embeddable":true,"href":"https:\/\/www.tomhemps.com\/pt-pt\/wp-json\/wp\/v2\/product_tag?post=473858"}],"curies":[{"name":"wp","href":"https:\/\/api.w.org\/{rel}","templated":true}]}}