{"id":492659,"date":"2021-11-26T10:00:26","date_gmt":"2022-01-07T10:32:26","guid":{"rendered":"https:\/\/www.tomhemps.com\/?post_type=product&#038;p=492659"},"modified":"2025-09-29T10:07:59","modified_gmt":"2025-09-29T08:07:59","slug":"notch-grinder-4-pecas","status":"publish","type":"product","link":"https:\/\/www.tomhemps.com\/pt-pt\/prp\/notch-grinder-4-pecas\/","title":{"rendered":"Notch Grinder &#8211; 4-pe\u00e7as"},"content":{"rendered":"","protected":false},"excerpt":{"rendered":"<p>O Notch Grinder j\u00e1 \u00e9 mais uma ferramenta multifuncional do que um simples grinder. Com o seu design \u00fanico e c\u00f4ncavo com o log\u00f3tipo da Tom Hemp&#8217;s, n\u00e3o \u00e9 apenas agrad\u00e1vel de se ver, mas tamb\u00e9m um pr\u00e1tico \u201eall-rounder\u201c. Por exemplo, podes facilmente usar a cavidade na tampa para armazenar flores de aroma ou quando necess\u00e1rio, fazer de cinzeiro. O Notch Grinder tamb\u00e9m foi pensado at\u00e9 ao ultimo detalhe noutros aspectos: um anel fino de pl\u00e1stico assegura uma moagem silenciosa e sem esfor\u00e7o. Um fecho magn\u00e9tico evita que os os restos caiam do grinder. O coador e o comportamento do p\u00f3len s\u00e3o um adi\u00e7\u00e3o pr\u00e1tica no design do Notch Grinder que por sua vez est\u00e1 repartido em quatro partes.<\/p>\n<p>&nbsp;<\/p>\n","protected":false},"featured_media":492631,"comment_status":"open","ping_status":"closed","template":"","meta":{"_acf_changed":false},"product_cat":[2518,5004,1163],"product_tag":[],"acf":[],"yoast_head":"<!-- This site is optimized with the Yoast SEO Premium plugin v22.8 (Yoast SEO v22.8) - https:\/\/yoast.com\/wordpress\/plugins\/seo\/ -->\n<title>Notch Grinder - 4-pe\u00e7as<\/title>\n<meta name=\"description\" content=\"Notch Grinder - 4-pe\u00e7as - Your CBD Shop | Your CBD Brand | born in Berlin\" \/>\n<meta name=\"robots\" content=\"index, follow, max-snippet:-1, max-image-preview:large, max-video-preview:-1\" \/>\n<link rel=\"canonical\" href=\"https:\/\/www.tomhemps.com\/pt-pt\/prp\/notch-grinder-4-pecas\/\" \/>\n<meta property=\"og:locale\" content=\"pt_PT\" \/>\n<meta property=\"og:type\" content=\"article\" \/>\n<meta property=\"og:title\" content=\"Notch Grinder - 4-pe\u00e7as\" \/>\n<meta property=\"og:description\" content=\"Notch Grinder - 4-pe\u00e7as - Your CBD Shop | Your CBD Brand | born in Berlin\" \/>\n<meta property=\"og:url\" content=\"https:\/\/www.tomhemps.com\/pt-pt\/prp\/notch-grinder-4-pecas\/\" \/>\n<meta property=\"og:site_name\" content=\"Your CBD Shop | Your CBD Brand | born in Berlin\" \/>\n<meta property=\"article:publisher\" content=\"https:\/\/www.facebook.com\/tomhempsberlin\/\" \/>\n<meta property=\"article:modified_time\" content=\"2025-09-29T08:07:59+00:00\" \/>\n<meta property=\"og:image\" content=\"https:\/\/www.tomhemps.com\/wp-content\/uploads\/2022\/01\/TH_Product_1440px_1620px_product_grindr_grey.png\" \/>\n\t<meta property=\"og:image:width\" content=\"1440\" \/>\n\t<meta property=\"og:image:height\" content=\"1620\" \/>\n\t<meta property=\"og:image:type\" content=\"image\/png\" \/>\n<meta name=\"twitter:card\" content=\"summary_large_image\" \/>\n<script type=\"application\/ld+json\" class=\"yoast-schema-graph\">{\"@context\":\"https:\/\/schema.org\",\"@graph\":[{\"@type\":\"WebPage\",\"@id\":\"https:\/\/www.tomhemps.com\/pt-pt\/prp\/notch-grinder-4-pecas\/\",\"url\":\"https:\/\/www.tomhemps.com\/pt-pt\/prp\/notch-grinder-4-pecas\/\",\"name\":\"Notch Grinder - 4-pe\u00e7as\",\"isPartOf\":{\"@id\":\"https:\/\/www.tomhemps.com\/pt-pt\/#website\"},\"primaryImageOfPage\":{\"@id\":\"https:\/\/www.tomhemps.com\/pt-pt\/prp\/notch-grinder-4-pecas\/#primaryimage\"},\"image\":{\"@id\":\"https:\/\/www.tomhemps.com\/pt-pt\/prp\/notch-grinder-4-pecas\/#primaryimage\"},\"thumbnailUrl\":\"https:\/\/www.tomhemps.com\/wp-content\/uploads\/2022\/01\/TH_Product_1440px_1620px_product_grindr_grey.png\",\"datePublished\":\"2022-01-07T10:32:26+00:00\",\"dateModified\":\"2025-09-29T08:07:59+00:00\",\"description\":\"Notch Grinder - 4-pe\u00e7as - Your CBD Shop | Your CBD Brand | born in Berlin\",\"breadcrumb\":{\"@id\":\"https:\/\/www.tomhemps.com\/pt-pt\/prp\/notch-grinder-4-pecas\/#breadcrumb\"},\"inLanguage\":\"pt-PT\",\"potentialAction\":[{\"@type\":\"ReadAction\",\"target\":[\"https:\/\/www.tomhemps.com\/pt-pt\/prp\/notch-grinder-4-pecas\/\"]}]},{\"@type\":\"ImageObject\",\"inLanguage\":\"pt-PT\",\"@id\":\"https:\/\/www.tomhemps.com\/pt-pt\/prp\/notch-grinder-4-pecas\/#primaryimage\",\"url\":\"https:\/\/www.tomhemps.com\/wp-content\/uploads\/2022\/01\/TH_Product_1440px_1620px_product_grindr_grey.png\",\"contentUrl\":\"https:\/\/www.tomhemps.com\/wp-content\/uploads\/2022\/01\/TH_Product_1440px_1620px_product_grindr_grey.png\",\"width\":1440,\"height\":1620},{\"@type\":\"BreadcrumbList\",\"@id\":\"https:\/\/www.tomhemps.com\/pt-pt\/prp\/notch-grinder-4-pecas\/#breadcrumb\",\"itemListElement\":[{\"@type\":\"ListItem\",\"position\":1,\"name\":\"Startseite\",\"item\":\"https:\/\/www.tomhemps.com\/pt-pt\/\"},{\"@type\":\"ListItem\",\"position\":2,\"name\":\"Shop\",\"item\":\"https:\/\/www.tomhemps.com\/pt-pt\/shop\/\"},{\"@type\":\"ListItem\",\"position\":3,\"name\":\"Notch Grinder &#8211; 4-pe\u00e7as\"}]},{\"@type\":\"WebSite\",\"@id\":\"https:\/\/www.tomhemps.com\/pt-pt\/#website\",\"url\":\"https:\/\/www.tomhemps.com\/pt-pt\/\",\"name\":\"Your CBD Shop | Your CBD Brand | born in Berlin\",\"description\":\"CBD Shop Berlin\",\"publisher\":{\"@id\":\"https:\/\/www.tomhemps.com\/pt-pt\/#organization\"},\"potentialAction\":[{\"@type\":\"SearchAction\",\"target\":{\"@type\":\"EntryPoint\",\"urlTemplate\":\"https:\/\/www.tomhemps.com\/pt-pt\/?s={search_term_string}\"},\"query-input\":\"required name=search_term_string\"}],\"inLanguage\":\"pt-PT\"},{\"@type\":\"Organization\",\"@id\":\"https:\/\/www.tomhemps.com\/pt-pt\/#organization\",\"name\":\"Tom Hemp's CBD Shop\",\"alternateName\":\"Tom Hemp's Berlin\",\"url\":\"https:\/\/www.tomhemps.com\/pt-pt\/\",\"logo\":{\"@type\":\"ImageObject\",\"inLanguage\":\"pt-PT\",\"@id\":\"https:\/\/www.tomhemps.com\/pt-pt\/#\/schema\/logo\/image\/\",\"url\":\"https:\/\/www.tomhemps.com\/wp-content\/uploads\/2019\/04\/Logo-2019-e1581413011332.jpg\",\"contentUrl\":\"https:\/\/www.tomhemps.com\/wp-content\/uploads\/2019\/04\/Logo-2019-e1581413011332.jpg\",\"width\":460,\"height\":153,\"caption\":\"Tom Hemp's CBD Shop\"},\"image\":{\"@id\":\"https:\/\/www.tomhemps.com\/pt-pt\/#\/schema\/logo\/image\/\"},\"sameAs\":[\"https:\/\/www.facebook.com\/tomhempsberlin\/\",\"https:\/\/www.instagram.com\/tomhemps_cbd\/\",\"https:\/\/www.youtube.com\/channel\/UCbGxDacLx_DRKyder_zVoNw\"]}]}<\/script>\n<!-- \/ Yoast SEO Premium plugin. -->","yoast_head_json":{"title":"Notch Grinder - 4-pe\u00e7as","description":"Notch Grinder - 4-pe\u00e7as - Your CBD Shop | Your CBD Brand | born in Berlin","robots":{"index":"index","follow":"follow","max-snippet":"max-snippet:-1","max-image-preview":"max-image-preview:large","max-video-preview":"max-video-preview:-1"},"canonical":"https:\/\/www.tomhemps.com\/pt-pt\/prp\/notch-grinder-4-pecas\/","og_locale":"pt_PT","og_type":"article","og_title":"Notch Grinder - 4-pe\u00e7as","og_description":"Notch Grinder - 4-pe\u00e7as - Your CBD Shop | Your CBD Brand | born in Berlin","og_url":"https:\/\/www.tomhemps.com\/pt-pt\/prp\/notch-grinder-4-pecas\/","og_site_name":"Your CBD Shop | Your CBD Brand | born in Berlin","article_publisher":"https:\/\/www.facebook.com\/tomhempsberlin\/","article_modified_time":"2025-09-29T08:07:59+00:00","og_image":[{"width":1440,"height":1620,"url":"https:\/\/www.tomhemps.com\/wp-content\/uploads\/2022\/01\/TH_Product_1440px_1620px_product_grindr_grey.png","type":"image\/png"}],"twitter_card":"summary_large_image","schema":{"@context":"https:\/\/schema.org","@graph":[{"@type":"WebPage","@id":"https:\/\/www.tomhemps.com\/pt-pt\/prp\/notch-grinder-4-pecas\/","url":"https:\/\/www.tomhemps.com\/pt-pt\/prp\/notch-grinder-4-pecas\/","name":"Notch Grinder - 4-pe\u00e7as","isPartOf":{"@id":"https:\/\/www.tomhemps.com\/pt-pt\/#website"},"primaryImageOfPage":{"@id":"https:\/\/www.tomhemps.com\/pt-pt\/prp\/notch-grinder-4-pecas\/#primaryimage"},"image":{"@id":"https:\/\/www.tomhemps.com\/pt-pt\/prp\/notch-grinder-4-pecas\/#primaryimage"},"thumbnailUrl":"https:\/\/www.tomhemps.com\/wp-content\/uploads\/2022\/01\/TH_Product_1440px_1620px_product_grindr_grey.png","datePublished":"2022-01-07T10:32:26+00:00","dateModified":"2025-09-29T08:07:59+00:00","description":"Notch Grinder - 4-pe\u00e7as - Your CBD Shop | Your CBD Brand | born in Berlin","breadcrumb":{"@id":"https:\/\/www.tomhemps.com\/pt-pt\/prp\/notch-grinder-4-pecas\/#breadcrumb"},"inLanguage":"pt-PT","potentialAction":[{"@type":"ReadAction","target":["https:\/\/www.tomhemps.com\/pt-pt\/prp\/notch-grinder-4-pecas\/"]}]},{"@type":"ImageObject","inLanguage":"pt-PT","@id":"https:\/\/www.tomhemps.com\/pt-pt\/prp\/notch-grinder-4-pecas\/#primaryimage","url":"https:\/\/www.tomhemps.com\/wp-content\/uploads\/2022\/01\/TH_Product_1440px_1620px_product_grindr_grey.png","contentUrl":"https:\/\/www.tomhemps.com\/wp-content\/uploads\/2022\/01\/TH_Product_1440px_1620px_product_grindr_grey.png","width":1440,"height":1620},{"@type":"BreadcrumbList","@id":"https:\/\/www.tomhemps.com\/pt-pt\/prp\/notch-grinder-4-pecas\/#breadcrumb","itemListElement":[{"@type":"ListItem","position":1,"name":"Startseite","item":"https:\/\/www.tomhemps.com\/pt-pt\/"},{"@type":"ListItem","position":2,"name":"Shop","item":"https:\/\/www.tomhemps.com\/pt-pt\/shop\/"},{"@type":"ListItem","position":3,"name":"Notch Grinder &#8211; 4-pe\u00e7as"}]},{"@type":"WebSite","@id":"https:\/\/www.tomhemps.com\/pt-pt\/#website","url":"https:\/\/www.tomhemps.com\/pt-pt\/","name":"Your CBD Shop | Your CBD Brand | born in Berlin","description":"CBD Shop Berlin","publisher":{"@id":"https:\/\/www.tomhemps.com\/pt-pt\/#organization"},"potentialAction":[{"@type":"SearchAction","target":{"@type":"EntryPoint","urlTemplate":"https:\/\/www.tomhemps.com\/pt-pt\/?s={search_term_string}"},"query-input":"required name=search_term_string"}],"inLanguage":"pt-PT"},{"@type":"Organization","@id":"https:\/\/www.tomhemps.com\/pt-pt\/#organization","name":"Tom Hemp's CBD Shop","alternateName":"Tom Hemp's Berlin","url":"https:\/\/www.tomhemps.com\/pt-pt\/","logo":{"@type":"ImageObject","inLanguage":"pt-PT","@id":"https:\/\/www.tomhemps.com\/pt-pt\/#\/schema\/logo\/image\/","url":"https:\/\/www.tomhemps.com\/wp-content\/uploads\/2019\/04\/Logo-2019-e1581413011332.jpg","contentUrl":"https:\/\/www.tomhemps.com\/wp-content\/uploads\/2019\/04\/Logo-2019-e1581413011332.jpg","width":460,"height":153,"caption":"Tom Hemp's CBD Shop"},"image":{"@id":"https:\/\/www.tomhemps.com\/pt-pt\/#\/schema\/logo\/image\/"},"sameAs":["https:\/\/www.facebook.com\/tomhempsberlin\/","https:\/\/www.instagram.com\/tomhemps_cbd\/","https:\/\/www.youtube.com\/channel\/UCbGxDacLx_DRKyder_zVoNw"]}]}},"fields":{"pi_tot":"Conte\u00fado","pi_to":"<ul>\n<li>1x Triturador 4-pe\u00e7as<\/li>\n<\/ul>\n","pi_tst":"Mais detalhes","pi_ts":"<ul>\n<li>Di\u00e2metro 56 mm, Altura 44 mm<\/li>\n<li>Triturador m\u00e9dio<\/li>\n<li>Material: Alum\u00ednio anodizado<\/li>\n<li>Cor: Castanho-prateado<\/li>\n<\/ul>\n","pi_hd":false,"pi_hm":false,"pi_t":177685,"smoking_product":false,"pi_dd":492701},"_links":{"self":[{"href":"https:\/\/www.tomhemps.com\/pt-pt\/wp-json\/wp\/v2\/product\/492659"}],"collection":[{"href":"https:\/\/www.tomhemps.com\/pt-pt\/wp-json\/wp\/v2\/product"}],"about":[{"href":"https:\/\/www.tomhemps.com\/pt-pt\/wp-json\/wp\/v2\/types\/product"}],"replies":[{"embeddable":true,"href":"https:\/\/www.tomhemps.com\/pt-pt\/wp-json\/wp\/v2\/comments?post=492659"}],"wp:featuredmedia":[{"embeddable":true,"href":"https:\/\/www.tomhemps.com\/pt-pt\/wp-json\/wp\/v2\/media\/492631"}],"wp:attachment":[{"href":"https:\/\/www.tomhemps.com\/pt-pt\/wp-json\/wp\/v2\/media?parent=492659"}],"wp:term":[{"taxonomy":"product_cat","embeddable":true,"href":"https:\/\/www.tomhemps.com\/pt-pt\/wp-json\/wp\/v2\/product_cat?post=492659"},{"taxonomy":"product_tag","embeddable":true,"href":"https:\/\/www.tomhemps.com\/pt-pt\/wp-json\/wp\/v2\/product_tag?post=492659"}],"curies":[{"name":"wp","href":"https:\/\/api.w.org\/{rel}","templated":true}]}}