{"id":545828,"date":"2022-12-13T17:20:36","date_gmt":"2022-12-13T16:20:36","guid":{"rendered":"https:\/\/www.tomhemps.com\/product\/berlin-grinder-2-piece\/"},"modified":"2022-12-19T14:49:19","modified_gmt":"2022-12-19T13:49:19","slug":"berlin-grinder-2-pecas","status":"publish","type":"product","link":"https:\/\/www.tomhemps.com\/pt-pt\/prp\/berlin-grinder-2-pecas\/","title":{"rendered":"Berlin Grinder &#8211; 2 Pe\u00e7as"},"content":{"rendered":"","protected":false},"excerpt":{"rendered":"<p>Our beloved Cities Grinder Series<\/p>\n<p>Noites quentes entre Urbanhafen e G\u00f6rli, pedalando durante a noite e tudo \u00e9 agitado &#8211; Com este grinder cl\u00e1ssico de 2 pe\u00e7as, ter\u00e1 sempre contigo o teu lugar preferido. Indestrut\u00edvel e com uma incr\u00edvel rela\u00e7\u00e3o qualidade\/pre\u00e7o: Este \u00e9 um cl\u00e1ssico.<\/p>\n","protected":false},"featured_media":545826,"comment_status":"open","ping_status":"closed","template":"","meta":{"_acf_changed":false},"product_cat":[2518,1163],"product_tag":[],"acf":[],"yoast_head":"<!-- This site is optimized with the Yoast SEO Premium plugin v22.8 (Yoast SEO v22.8) - https:\/\/yoast.com\/wordpress\/plugins\/seo\/ -->\n<title>Berlin Grinder - 2 Pe\u00e7as | Tom Hemp&#039;s Online Shop<\/title>\n<meta name=\"description\" content=\"Warm nights between Urbanhafen and G\u00f6rli, cycling through the night and everything is buzzing - With this classic 2-piece grinder, you&#039;ll always have your favorite place with you.\" \/>\n<meta name=\"robots\" content=\"index, follow, max-snippet:-1, max-image-preview:large, max-video-preview:-1\" \/>\n<link rel=\"canonical\" href=\"https:\/\/www.tomhemps.com\/pt-pt\/prp\/berlin-grinder-2-pecas\/\" \/>\n<meta property=\"og:locale\" content=\"pt_PT\" \/>\n<meta property=\"og:type\" content=\"article\" \/>\n<meta property=\"og:title\" content=\"Berlin Grinder \ud83c\udf31 Tom Hemp&#039;s Online Shop\" \/>\n<meta property=\"og:description\" content=\"Warm nights between Urbanhafen and G\u00f6rli, cycling through the night and everything is buzzing - With this classic 2-piece grinder, you&#039;ll always have your favorite place with you.\" \/>\n<meta property=\"og:url\" content=\"https:\/\/www.tomhemps.com\/pt-pt\/prp\/berlin-grinder-2-pecas\/\" \/>\n<meta property=\"og:site_name\" content=\"Your CBD Shop | Your CBD Brand | born in Berlin\" \/>\n<meta property=\"article:publisher\" content=\"https:\/\/www.facebook.com\/tomhempsberlin\/\" \/>\n<meta property=\"article:modified_time\" content=\"2022-12-19T13:49:19+00:00\" \/>\n<meta property=\"og:image\" content=\"https:\/\/www.tomhemps.com\/wp-content\/uploads\/2022\/12\/TH-products-lifestyle-grindr-berlin-680-850.png\" \/>\n\t<meta property=\"og:image:width\" content=\"680\" \/>\n\t<meta property=\"og:image:height\" content=\"850\" \/>\n\t<meta property=\"og:image:type\" content=\"image\/png\" \/>\n<meta name=\"twitter:card\" content=\"summary_large_image\" \/>\n<meta name=\"twitter:title\" content=\"Berlin Grinder - 2 Pe\u00e7as\" \/>\n<script type=\"application\/ld+json\" class=\"yoast-schema-graph\">{\"@context\":\"https:\/\/schema.org\",\"@graph\":[{\"@type\":\"WebPage\",\"@id\":\"https:\/\/www.tomhemps.com\/pt-pt\/prp\/berlin-grinder-2-pecas\/\",\"url\":\"https:\/\/www.tomhemps.com\/pt-pt\/prp\/berlin-grinder-2-pecas\/\",\"name\":\"Berlin Grinder - 2 Pe\u00e7as | Tom Hemp's Online Shop\",\"isPartOf\":{\"@id\":\"https:\/\/www.tomhemps.com\/pt-pt\/#website\"},\"primaryImageOfPage\":{\"@id\":\"https:\/\/www.tomhemps.com\/pt-pt\/prp\/berlin-grinder-2-pecas\/#primaryimage\"},\"image\":{\"@id\":\"https:\/\/www.tomhemps.com\/pt-pt\/prp\/berlin-grinder-2-pecas\/#primaryimage\"},\"thumbnailUrl\":\"https:\/\/www.tomhemps.com\/wp-content\/uploads\/2022\/12\/TH-products-lifestyle-grindr-berlin-680-850.png\",\"datePublished\":\"2022-12-13T16:20:36+00:00\",\"dateModified\":\"2022-12-19T13:49:19+00:00\",\"description\":\"Warm nights between Urbanhafen and G\u00f6rli, cycling through the night and everything is buzzing - With this classic 2-piece grinder, you'll always have your favorite place with you.\",\"breadcrumb\":{\"@id\":\"https:\/\/www.tomhemps.com\/pt-pt\/prp\/berlin-grinder-2-pecas\/#breadcrumb\"},\"inLanguage\":\"pt-PT\",\"potentialAction\":[{\"@type\":\"ReadAction\",\"target\":[\"https:\/\/www.tomhemps.com\/pt-pt\/prp\/berlin-grinder-2-pecas\/\"]}]},{\"@type\":\"ImageObject\",\"inLanguage\":\"pt-PT\",\"@id\":\"https:\/\/www.tomhemps.com\/pt-pt\/prp\/berlin-grinder-2-pecas\/#primaryimage\",\"url\":\"https:\/\/www.tomhemps.com\/wp-content\/uploads\/2022\/12\/TH-products-lifestyle-grindr-berlin-680-850.png\",\"contentUrl\":\"https:\/\/www.tomhemps.com\/wp-content\/uploads\/2022\/12\/TH-products-lifestyle-grindr-berlin-680-850.png\",\"width\":680,\"height\":850},{\"@type\":\"BreadcrumbList\",\"@id\":\"https:\/\/www.tomhemps.com\/pt-pt\/prp\/berlin-grinder-2-pecas\/#breadcrumb\",\"itemListElement\":[{\"@type\":\"ListItem\",\"position\":1,\"name\":\"Startseite\",\"item\":\"https:\/\/www.tomhemps.com\/pt-pt\/\"},{\"@type\":\"ListItem\",\"position\":2,\"name\":\"Shop\",\"item\":\"https:\/\/www.tomhemps.com\/pt-pt\/shop\/\"},{\"@type\":\"ListItem\",\"position\":3,\"name\":\"Berlin Grinder &#8211; 2 Pe\u00e7as\"}]},{\"@type\":\"WebSite\",\"@id\":\"https:\/\/www.tomhemps.com\/pt-pt\/#website\",\"url\":\"https:\/\/www.tomhemps.com\/pt-pt\/\",\"name\":\"Your CBD Shop | Your CBD Brand | born in Berlin\",\"description\":\"CBD Shop Berlin\",\"publisher\":{\"@id\":\"https:\/\/www.tomhemps.com\/pt-pt\/#organization\"},\"potentialAction\":[{\"@type\":\"SearchAction\",\"target\":{\"@type\":\"EntryPoint\",\"urlTemplate\":\"https:\/\/www.tomhemps.com\/pt-pt\/?s={search_term_string}\"},\"query-input\":\"required name=search_term_string\"}],\"inLanguage\":\"pt-PT\"},{\"@type\":\"Organization\",\"@id\":\"https:\/\/www.tomhemps.com\/pt-pt\/#organization\",\"name\":\"Tom Hemp's CBD Shop\",\"alternateName\":\"Tom Hemp's Berlin\",\"url\":\"https:\/\/www.tomhemps.com\/pt-pt\/\",\"logo\":{\"@type\":\"ImageObject\",\"inLanguage\":\"pt-PT\",\"@id\":\"https:\/\/www.tomhemps.com\/pt-pt\/#\/schema\/logo\/image\/\",\"url\":\"https:\/\/www.tomhemps.com\/wp-content\/uploads\/2019\/04\/Logo-2019-e1581413011332.jpg\",\"contentUrl\":\"https:\/\/www.tomhemps.com\/wp-content\/uploads\/2019\/04\/Logo-2019-e1581413011332.jpg\",\"width\":460,\"height\":153,\"caption\":\"Tom Hemp's CBD Shop\"},\"image\":{\"@id\":\"https:\/\/www.tomhemps.com\/pt-pt\/#\/schema\/logo\/image\/\"},\"sameAs\":[\"https:\/\/www.facebook.com\/tomhempsberlin\/\",\"https:\/\/www.instagram.com\/tomhemps_cbd\/\",\"https:\/\/www.youtube.com\/channel\/UCbGxDacLx_DRKyder_zVoNw\"]}]}<\/script>\n<!-- \/ Yoast SEO Premium plugin. -->","yoast_head_json":{"title":"Berlin Grinder - 2 Pe\u00e7as | Tom Hemp's Online Shop","description":"Warm nights between Urbanhafen and G\u00f6rli, cycling through the night and everything is buzzing - With this classic 2-piece grinder, you'll always have your favorite place with you.","robots":{"index":"index","follow":"follow","max-snippet":"max-snippet:-1","max-image-preview":"max-image-preview:large","max-video-preview":"max-video-preview:-1"},"canonical":"https:\/\/www.tomhemps.com\/pt-pt\/prp\/berlin-grinder-2-pecas\/","og_locale":"pt_PT","og_type":"article","og_title":"Berlin Grinder \ud83c\udf31 Tom Hemp's Online Shop","og_description":"Warm nights between Urbanhafen and G\u00f6rli, cycling through the night and everything is buzzing - With this classic 2-piece grinder, you'll always have your favorite place with you.","og_url":"https:\/\/www.tomhemps.com\/pt-pt\/prp\/berlin-grinder-2-pecas\/","og_site_name":"Your CBD Shop | Your CBD Brand | born in Berlin","article_publisher":"https:\/\/www.facebook.com\/tomhempsberlin\/","article_modified_time":"2022-12-19T13:49:19+00:00","og_image":[{"width":680,"height":850,"url":"https:\/\/www.tomhemps.com\/wp-content\/uploads\/2022\/12\/TH-products-lifestyle-grindr-berlin-680-850.png","type":"image\/png"}],"twitter_card":"summary_large_image","twitter_title":"Berlin Grinder - 2 Pe\u00e7as","schema":{"@context":"https:\/\/schema.org","@graph":[{"@type":"WebPage","@id":"https:\/\/www.tomhemps.com\/pt-pt\/prp\/berlin-grinder-2-pecas\/","url":"https:\/\/www.tomhemps.com\/pt-pt\/prp\/berlin-grinder-2-pecas\/","name":"Berlin Grinder - 2 Pe\u00e7as | Tom Hemp's Online Shop","isPartOf":{"@id":"https:\/\/www.tomhemps.com\/pt-pt\/#website"},"primaryImageOfPage":{"@id":"https:\/\/www.tomhemps.com\/pt-pt\/prp\/berlin-grinder-2-pecas\/#primaryimage"},"image":{"@id":"https:\/\/www.tomhemps.com\/pt-pt\/prp\/berlin-grinder-2-pecas\/#primaryimage"},"thumbnailUrl":"https:\/\/www.tomhemps.com\/wp-content\/uploads\/2022\/12\/TH-products-lifestyle-grindr-berlin-680-850.png","datePublished":"2022-12-13T16:20:36+00:00","dateModified":"2022-12-19T13:49:19+00:00","description":"Warm nights between Urbanhafen and G\u00f6rli, cycling through the night and everything is buzzing - With this classic 2-piece grinder, you'll always have your favorite place with you.","breadcrumb":{"@id":"https:\/\/www.tomhemps.com\/pt-pt\/prp\/berlin-grinder-2-pecas\/#breadcrumb"},"inLanguage":"pt-PT","potentialAction":[{"@type":"ReadAction","target":["https:\/\/www.tomhemps.com\/pt-pt\/prp\/berlin-grinder-2-pecas\/"]}]},{"@type":"ImageObject","inLanguage":"pt-PT","@id":"https:\/\/www.tomhemps.com\/pt-pt\/prp\/berlin-grinder-2-pecas\/#primaryimage","url":"https:\/\/www.tomhemps.com\/wp-content\/uploads\/2022\/12\/TH-products-lifestyle-grindr-berlin-680-850.png","contentUrl":"https:\/\/www.tomhemps.com\/wp-content\/uploads\/2022\/12\/TH-products-lifestyle-grindr-berlin-680-850.png","width":680,"height":850},{"@type":"BreadcrumbList","@id":"https:\/\/www.tomhemps.com\/pt-pt\/prp\/berlin-grinder-2-pecas\/#breadcrumb","itemListElement":[{"@type":"ListItem","position":1,"name":"Startseite","item":"https:\/\/www.tomhemps.com\/pt-pt\/"},{"@type":"ListItem","position":2,"name":"Shop","item":"https:\/\/www.tomhemps.com\/pt-pt\/shop\/"},{"@type":"ListItem","position":3,"name":"Berlin Grinder &#8211; 2 Pe\u00e7as"}]},{"@type":"WebSite","@id":"https:\/\/www.tomhemps.com\/pt-pt\/#website","url":"https:\/\/www.tomhemps.com\/pt-pt\/","name":"Your CBD Shop | Your CBD Brand | born in Berlin","description":"CBD Shop Berlin","publisher":{"@id":"https:\/\/www.tomhemps.com\/pt-pt\/#organization"},"potentialAction":[{"@type":"SearchAction","target":{"@type":"EntryPoint","urlTemplate":"https:\/\/www.tomhemps.com\/pt-pt\/?s={search_term_string}"},"query-input":"required name=search_term_string"}],"inLanguage":"pt-PT"},{"@type":"Organization","@id":"https:\/\/www.tomhemps.com\/pt-pt\/#organization","name":"Tom Hemp's CBD Shop","alternateName":"Tom Hemp's Berlin","url":"https:\/\/www.tomhemps.com\/pt-pt\/","logo":{"@type":"ImageObject","inLanguage":"pt-PT","@id":"https:\/\/www.tomhemps.com\/pt-pt\/#\/schema\/logo\/image\/","url":"https:\/\/www.tomhemps.com\/wp-content\/uploads\/2019\/04\/Logo-2019-e1581413011332.jpg","contentUrl":"https:\/\/www.tomhemps.com\/wp-content\/uploads\/2019\/04\/Logo-2019-e1581413011332.jpg","width":460,"height":153,"caption":"Tom Hemp's CBD Shop"},"image":{"@id":"https:\/\/www.tomhemps.com\/pt-pt\/#\/schema\/logo\/image\/"},"sameAs":["https:\/\/www.facebook.com\/tomhempsberlin\/","https:\/\/www.instagram.com\/tomhemps_cbd\/","https:\/\/www.youtube.com\/channel\/UCbGxDacLx_DRKyder_zVoNw"]}]}},"fields":{"pi_tot":"Conte\u00fado","pi_to":"<ul>\n<li>1x 2-piece Grinder<\/li>\n<\/ul>\n","pi_tst":"Mais detalhes","pi_ts":"<ul>\n<li>Di\u00e2metro: \u00d8 59mm<\/li>\n<li>Fecho magn\u00e9tico<\/li>\n<li>Material: Pl\u00e1stico<\/li>\n<\/ul>\n","pi_t":177685,"pi_hd":false,"pi_hm":false,"smoking_product":false,"pi_dd":545826},"_links":{"self":[{"href":"https:\/\/www.tomhemps.com\/pt-pt\/wp-json\/wp\/v2\/product\/545828"}],"collection":[{"href":"https:\/\/www.tomhemps.com\/pt-pt\/wp-json\/wp\/v2\/product"}],"about":[{"href":"https:\/\/www.tomhemps.com\/pt-pt\/wp-json\/wp\/v2\/types\/product"}],"replies":[{"embeddable":true,"href":"https:\/\/www.tomhemps.com\/pt-pt\/wp-json\/wp\/v2\/comments?post=545828"}],"wp:featuredmedia":[{"embeddable":true,"href":"https:\/\/www.tomhemps.com\/pt-pt\/wp-json\/wp\/v2\/media\/545826"}],"wp:attachment":[{"href":"https:\/\/www.tomhemps.com\/pt-pt\/wp-json\/wp\/v2\/media?parent=545828"}],"wp:term":[{"taxonomy":"product_cat","embeddable":true,"href":"https:\/\/www.tomhemps.com\/pt-pt\/wp-json\/wp\/v2\/product_cat?post=545828"},{"taxonomy":"product_tag","embeddable":true,"href":"https:\/\/www.tomhemps.com\/pt-pt\/wp-json\/wp\/v2\/product_tag?post=545828"}],"curies":[{"name":"wp","href":"https:\/\/api.w.org\/{rel}","templated":true}]}}