{"id":545874,"date":"2022-12-13T17:39:35","date_gmt":"2022-12-13T16:39:36","guid":{"rendered":"https:\/\/www.tomhemps.com\/product\/lighter-holder-alien-space-out\/"},"modified":"2023-02-02T11:11:30","modified_gmt":"2023-02-02T10:11:30","slug":"suporte-de-isqueiro-alien-space-out","status":"publish","type":"product","link":"https:\/\/www.tomhemps.com\/pt-pt\/prp\/suporte-de-isqueiro-alien-space-out\/","title":{"rendered":"Suporte de isqueiro &#8211; Alien Space Out"},"content":{"rendered":"","protected":false},"excerpt":{"rendered":"<p>Out of space, mas o teu isqueiro sempre \u00e0 m\u00e3o. Este suporte de isqueiro extens\u00edvel adapta-se a todos os tamanhos padr\u00e3o e prende-se perfeitamente ao teu bolso, cinto ou casaco.<\/p>\n","protected":false},"featured_media":545864,"comment_status":"open","ping_status":"closed","template":"","meta":{"_acf_changed":false},"product_cat":[2577,5004,1163],"product_tag":[],"acf":[],"yoast_head":"<!-- This site is optimized with the Yoast SEO Premium plugin v22.8 (Yoast SEO v22.8) - https:\/\/yoast.com\/wordpress\/plugins\/seo\/ -->\n<title>Suporte de isqueiro - Alien Space Out | Tom Hemp&#039;s<\/title>\n<meta name=\"description\" content=\"Out of space but your lighter always at hand. This extendable lighter holder fits all standard sizes and attaches perfectly to your pocket, belt or jacket.\" \/>\n<meta name=\"robots\" content=\"index, follow, max-snippet:-1, max-image-preview:large, max-video-preview:-1\" \/>\n<link rel=\"canonical\" href=\"https:\/\/www.tomhemps.com\/pt-pt\/prp\/suporte-de-isqueiro-alien-space-out\/\" \/>\n<meta property=\"og:locale\" content=\"pt_PT\" \/>\n<meta property=\"og:type\" content=\"article\" \/>\n<meta property=\"og:title\" content=\"Suporte de isqueiro - Alien Space Out \ud83c\udf31 Tom Hemp&#039;s\" \/>\n<meta property=\"og:description\" content=\"Out of space but your lighter always at hand. This extendable lighter holder fits all standard sizes and attaches perfectly to your pocket, belt or jacket.\" \/>\n<meta property=\"og:url\" content=\"https:\/\/www.tomhemps.com\/pt-pt\/prp\/suporte-de-isqueiro-alien-space-out\/\" \/>\n<meta property=\"og:site_name\" content=\"Your CBD Shop | Your CBD Brand | born in Berlin\" \/>\n<meta property=\"article:publisher\" content=\"https:\/\/www.facebook.com\/tomhempsberlin\/\" \/>\n<meta property=\"article:modified_time\" content=\"2023-02-02T10:11:30+00:00\" \/>\n<meta property=\"og:image\" content=\"https:\/\/www.tomhemps.com\/wp-content\/uploads\/2022\/12\/TH-products-lifestyle-lighter-chain-without-lighter.png\" \/>\n\t<meta property=\"og:image:width\" content=\"680\" \/>\n\t<meta property=\"og:image:height\" content=\"850\" \/>\n\t<meta property=\"og:image:type\" content=\"image\/png\" \/>\n<meta name=\"twitter:card\" content=\"summary_large_image\" \/>\n<meta name=\"twitter:title\" content=\"Suporte de isqueiro - Alien Space Out\" \/>\n<script type=\"application\/ld+json\" class=\"yoast-schema-graph\">{\"@context\":\"https:\/\/schema.org\",\"@graph\":[{\"@type\":\"WebPage\",\"@id\":\"https:\/\/www.tomhemps.com\/pt-pt\/prp\/suporte-de-isqueiro-alien-space-out\/\",\"url\":\"https:\/\/www.tomhemps.com\/pt-pt\/prp\/suporte-de-isqueiro-alien-space-out\/\",\"name\":\"Suporte de isqueiro - Alien Space Out | Tom Hemp's\",\"isPartOf\":{\"@id\":\"https:\/\/www.tomhemps.com\/pt-pt\/#website\"},\"primaryImageOfPage\":{\"@id\":\"https:\/\/www.tomhemps.com\/pt-pt\/prp\/suporte-de-isqueiro-alien-space-out\/#primaryimage\"},\"image\":{\"@id\":\"https:\/\/www.tomhemps.com\/pt-pt\/prp\/suporte-de-isqueiro-alien-space-out\/#primaryimage\"},\"thumbnailUrl\":\"https:\/\/www.tomhemps.com\/wp-content\/uploads\/2022\/12\/TH-products-lifestyle-lighter-chain-without-lighter.png\",\"datePublished\":\"2022-12-13T16:39:36+00:00\",\"dateModified\":\"2023-02-02T10:11:30+00:00\",\"description\":\"Out of space but your lighter always at hand. This extendable lighter holder fits all standard sizes and attaches perfectly to your pocket, belt or jacket.\",\"breadcrumb\":{\"@id\":\"https:\/\/www.tomhemps.com\/pt-pt\/prp\/suporte-de-isqueiro-alien-space-out\/#breadcrumb\"},\"inLanguage\":\"pt-PT\",\"potentialAction\":[{\"@type\":\"ReadAction\",\"target\":[\"https:\/\/www.tomhemps.com\/pt-pt\/prp\/suporte-de-isqueiro-alien-space-out\/\"]}]},{\"@type\":\"ImageObject\",\"inLanguage\":\"pt-PT\",\"@id\":\"https:\/\/www.tomhemps.com\/pt-pt\/prp\/suporte-de-isqueiro-alien-space-out\/#primaryimage\",\"url\":\"https:\/\/www.tomhemps.com\/wp-content\/uploads\/2022\/12\/TH-products-lifestyle-lighter-chain-without-lighter.png\",\"contentUrl\":\"https:\/\/www.tomhemps.com\/wp-content\/uploads\/2022\/12\/TH-products-lifestyle-lighter-chain-without-lighter.png\",\"width\":680,\"height\":850},{\"@type\":\"BreadcrumbList\",\"@id\":\"https:\/\/www.tomhemps.com\/pt-pt\/prp\/suporte-de-isqueiro-alien-space-out\/#breadcrumb\",\"itemListElement\":[{\"@type\":\"ListItem\",\"position\":1,\"name\":\"Startseite\",\"item\":\"https:\/\/www.tomhemps.com\/pt-pt\/\"},{\"@type\":\"ListItem\",\"position\":2,\"name\":\"Shop\",\"item\":\"https:\/\/www.tomhemps.com\/pt-pt\/shop\/\"},{\"@type\":\"ListItem\",\"position\":3,\"name\":\"Suporte de isqueiro &#8211; Alien Space Out\"}]},{\"@type\":\"WebSite\",\"@id\":\"https:\/\/www.tomhemps.com\/pt-pt\/#website\",\"url\":\"https:\/\/www.tomhemps.com\/pt-pt\/\",\"name\":\"Your CBD Shop | Your CBD Brand | born in Berlin\",\"description\":\"CBD Shop Berlin\",\"publisher\":{\"@id\":\"https:\/\/www.tomhemps.com\/pt-pt\/#organization\"},\"potentialAction\":[{\"@type\":\"SearchAction\",\"target\":{\"@type\":\"EntryPoint\",\"urlTemplate\":\"https:\/\/www.tomhemps.com\/pt-pt\/?s={search_term_string}\"},\"query-input\":\"required name=search_term_string\"}],\"inLanguage\":\"pt-PT\"},{\"@type\":\"Organization\",\"@id\":\"https:\/\/www.tomhemps.com\/pt-pt\/#organization\",\"name\":\"Tom Hemp's CBD Shop\",\"alternateName\":\"Tom Hemp's Berlin\",\"url\":\"https:\/\/www.tomhemps.com\/pt-pt\/\",\"logo\":{\"@type\":\"ImageObject\",\"inLanguage\":\"pt-PT\",\"@id\":\"https:\/\/www.tomhemps.com\/pt-pt\/#\/schema\/logo\/image\/\",\"url\":\"https:\/\/www.tomhemps.com\/wp-content\/uploads\/2019\/04\/Logo-2019-e1581413011332.jpg\",\"contentUrl\":\"https:\/\/www.tomhemps.com\/wp-content\/uploads\/2019\/04\/Logo-2019-e1581413011332.jpg\",\"width\":460,\"height\":153,\"caption\":\"Tom Hemp's CBD Shop\"},\"image\":{\"@id\":\"https:\/\/www.tomhemps.com\/pt-pt\/#\/schema\/logo\/image\/\"},\"sameAs\":[\"https:\/\/www.facebook.com\/tomhempsberlin\/\",\"https:\/\/www.instagram.com\/tomhemps_cbd\/\",\"https:\/\/www.youtube.com\/channel\/UCbGxDacLx_DRKyder_zVoNw\"]}]}<\/script>\n<!-- \/ Yoast SEO Premium plugin. -->","yoast_head_json":{"title":"Suporte de isqueiro - Alien Space Out | Tom Hemp's","description":"Out of space but your lighter always at hand. This extendable lighter holder fits all standard sizes and attaches perfectly to your pocket, belt or jacket.","robots":{"index":"index","follow":"follow","max-snippet":"max-snippet:-1","max-image-preview":"max-image-preview:large","max-video-preview":"max-video-preview:-1"},"canonical":"https:\/\/www.tomhemps.com\/pt-pt\/prp\/suporte-de-isqueiro-alien-space-out\/","og_locale":"pt_PT","og_type":"article","og_title":"Suporte de isqueiro - Alien Space Out \ud83c\udf31 Tom Hemp's","og_description":"Out of space but your lighter always at hand. This extendable lighter holder fits all standard sizes and attaches perfectly to your pocket, belt or jacket.","og_url":"https:\/\/www.tomhemps.com\/pt-pt\/prp\/suporte-de-isqueiro-alien-space-out\/","og_site_name":"Your CBD Shop | Your CBD Brand | born in Berlin","article_publisher":"https:\/\/www.facebook.com\/tomhempsberlin\/","article_modified_time":"2023-02-02T10:11:30+00:00","og_image":[{"width":680,"height":850,"url":"https:\/\/www.tomhemps.com\/wp-content\/uploads\/2022\/12\/TH-products-lifestyle-lighter-chain-without-lighter.png","type":"image\/png"}],"twitter_card":"summary_large_image","twitter_title":"Suporte de isqueiro - Alien Space Out","schema":{"@context":"https:\/\/schema.org","@graph":[{"@type":"WebPage","@id":"https:\/\/www.tomhemps.com\/pt-pt\/prp\/suporte-de-isqueiro-alien-space-out\/","url":"https:\/\/www.tomhemps.com\/pt-pt\/prp\/suporte-de-isqueiro-alien-space-out\/","name":"Suporte de isqueiro - Alien Space Out | Tom Hemp's","isPartOf":{"@id":"https:\/\/www.tomhemps.com\/pt-pt\/#website"},"primaryImageOfPage":{"@id":"https:\/\/www.tomhemps.com\/pt-pt\/prp\/suporte-de-isqueiro-alien-space-out\/#primaryimage"},"image":{"@id":"https:\/\/www.tomhemps.com\/pt-pt\/prp\/suporte-de-isqueiro-alien-space-out\/#primaryimage"},"thumbnailUrl":"https:\/\/www.tomhemps.com\/wp-content\/uploads\/2022\/12\/TH-products-lifestyle-lighter-chain-without-lighter.png","datePublished":"2022-12-13T16:39:36+00:00","dateModified":"2023-02-02T10:11:30+00:00","description":"Out of space but your lighter always at hand. This extendable lighter holder fits all standard sizes and attaches perfectly to your pocket, belt or jacket.","breadcrumb":{"@id":"https:\/\/www.tomhemps.com\/pt-pt\/prp\/suporte-de-isqueiro-alien-space-out\/#breadcrumb"},"inLanguage":"pt-PT","potentialAction":[{"@type":"ReadAction","target":["https:\/\/www.tomhemps.com\/pt-pt\/prp\/suporte-de-isqueiro-alien-space-out\/"]}]},{"@type":"ImageObject","inLanguage":"pt-PT","@id":"https:\/\/www.tomhemps.com\/pt-pt\/prp\/suporte-de-isqueiro-alien-space-out\/#primaryimage","url":"https:\/\/www.tomhemps.com\/wp-content\/uploads\/2022\/12\/TH-products-lifestyle-lighter-chain-without-lighter.png","contentUrl":"https:\/\/www.tomhemps.com\/wp-content\/uploads\/2022\/12\/TH-products-lifestyle-lighter-chain-without-lighter.png","width":680,"height":850},{"@type":"BreadcrumbList","@id":"https:\/\/www.tomhemps.com\/pt-pt\/prp\/suporte-de-isqueiro-alien-space-out\/#breadcrumb","itemListElement":[{"@type":"ListItem","position":1,"name":"Startseite","item":"https:\/\/www.tomhemps.com\/pt-pt\/"},{"@type":"ListItem","position":2,"name":"Shop","item":"https:\/\/www.tomhemps.com\/pt-pt\/shop\/"},{"@type":"ListItem","position":3,"name":"Suporte de isqueiro &#8211; Alien Space Out"}]},{"@type":"WebSite","@id":"https:\/\/www.tomhemps.com\/pt-pt\/#website","url":"https:\/\/www.tomhemps.com\/pt-pt\/","name":"Your CBD Shop | Your CBD Brand | born in Berlin","description":"CBD Shop Berlin","publisher":{"@id":"https:\/\/www.tomhemps.com\/pt-pt\/#organization"},"potentialAction":[{"@type":"SearchAction","target":{"@type":"EntryPoint","urlTemplate":"https:\/\/www.tomhemps.com\/pt-pt\/?s={search_term_string}"},"query-input":"required name=search_term_string"}],"inLanguage":"pt-PT"},{"@type":"Organization","@id":"https:\/\/www.tomhemps.com\/pt-pt\/#organization","name":"Tom Hemp's CBD Shop","alternateName":"Tom Hemp's Berlin","url":"https:\/\/www.tomhemps.com\/pt-pt\/","logo":{"@type":"ImageObject","inLanguage":"pt-PT","@id":"https:\/\/www.tomhemps.com\/pt-pt\/#\/schema\/logo\/image\/","url":"https:\/\/www.tomhemps.com\/wp-content\/uploads\/2019\/04\/Logo-2019-e1581413011332.jpg","contentUrl":"https:\/\/www.tomhemps.com\/wp-content\/uploads\/2019\/04\/Logo-2019-e1581413011332.jpg","width":460,"height":153,"caption":"Tom Hemp's CBD Shop"},"image":{"@id":"https:\/\/www.tomhemps.com\/pt-pt\/#\/schema\/logo\/image\/"},"sameAs":["https:\/\/www.facebook.com\/tomhempsberlin\/","https:\/\/www.instagram.com\/tomhemps_cbd\/","https:\/\/www.youtube.com\/channel\/UCbGxDacLx_DRKyder_zVoNw"]}]}},"fields":{"pi_tot":"Conte\u00fado","pi_to":"<ul>\n<li>1x lighter holder<\/li>\n<\/ul>\n","pi_tst":"Mais detalhes","pi_ts":"<ul>\n<li>Length: 11,5 cm<\/li>\n<li>Material: Plastic Frame<\/li>\n<li>How to use: Can be secured to your Belt, Pocket, Pants, Shirt or Purse<\/li>\n<li>Color: Black with green print<\/li>\n<li>Lighter Not Included<\/li>\n<\/ul>\n","pi_hd":false,"pi_hm":false,"pi_t":164649,"smoking_product":false,"pi_dd":545864},"_links":{"self":[{"href":"https:\/\/www.tomhemps.com\/pt-pt\/wp-json\/wp\/v2\/product\/545874"}],"collection":[{"href":"https:\/\/www.tomhemps.com\/pt-pt\/wp-json\/wp\/v2\/product"}],"about":[{"href":"https:\/\/www.tomhemps.com\/pt-pt\/wp-json\/wp\/v2\/types\/product"}],"replies":[{"embeddable":true,"href":"https:\/\/www.tomhemps.com\/pt-pt\/wp-json\/wp\/v2\/comments?post=545874"}],"wp:featuredmedia":[{"embeddable":true,"href":"https:\/\/www.tomhemps.com\/pt-pt\/wp-json\/wp\/v2\/media\/545864"}],"wp:attachment":[{"href":"https:\/\/www.tomhemps.com\/pt-pt\/wp-json\/wp\/v2\/media?parent=545874"}],"wp:term":[{"taxonomy":"product_cat","embeddable":true,"href":"https:\/\/www.tomhemps.com\/pt-pt\/wp-json\/wp\/v2\/product_cat?post=545874"},{"taxonomy":"product_tag","embeddable":true,"href":"https:\/\/www.tomhemps.com\/pt-pt\/wp-json\/wp\/v2\/product_tag?post=545874"}],"curies":[{"name":"wp","href":"https:\/\/api.w.org\/{rel}","templated":true}]}}