{"id":555182,"date":"2023-02-14T10:41:37","date_gmt":"2023-02-14T09:41:37","guid":{"rendered":"https:\/\/www.tomhemps.com\/product\/ccell-510-battery-pen\/"},"modified":"2023-02-20T16:36:37","modified_gmt":"2023-02-20T15:36:37","slug":"ccell-510-battery-pen","status":"publish","type":"product","link":"https:\/\/www.tomhemps.com\/pt-pt\/prp\/ccell-510-battery-pen\/","title":{"rendered":"CCELL 510 Battery Pen"},"content":{"rendered":"","protected":false},"excerpt":{"rendered":"<p>A CCELL 510 Battery Pen \u00e9 uma caneta de bateria potente e fi\u00e1vel que foi concebida para te proporcionar uma experi\u00eancia de moldagem consistente e agrad\u00e1vel. Esta caneta de bateria 510 est\u00e1 equipada com tr\u00eas configura\u00e7\u00f5es de tens\u00e3o ajust\u00e1veis, permitindo-te personalizar a tua experi\u00eancia de moldagem de acordo com a tua prefer\u00eancia. Apresenta um design elegante e discreto que \u00e9 perfeito para a pr\u00e1tica de vaping em movimento. A caneta est\u00e1 equipada com uma bateria de longa dura\u00e7\u00e3o e \u00e9 compat\u00edvel com a maioria dos cartuchos de 510 roscados. Com o seu desempenho fi\u00e1vel e design conveniente, a CCELL 510 Battery Pen \u00e9 a escolha perfeita para qualquer amante do vaping!<\/p>\n","protected":false},"featured_media":555162,"comment_status":"open","ping_status":"closed","template":"","meta":{"_acf_changed":false},"product_cat":[5004,1163,1156],"product_tag":[],"acf":[],"yoast_head":"<!-- This site is optimized with the Yoast SEO Premium plugin v22.8 (Yoast SEO v22.8) - https:\/\/yoast.com\/wordpress\/plugins\/seo\/ -->\n<title>CCELL 510 Battery Pen<\/title>\n<meta name=\"description\" content=\"CCELL 510 Battery Pen - Your CBD Shop | Your CBD Brand | born in Berlin\" \/>\n<meta name=\"robots\" content=\"index, follow, max-snippet:-1, max-image-preview:large, max-video-preview:-1\" \/>\n<link rel=\"canonical\" href=\"https:\/\/www.tomhemps.com\/pt-pt\/prp\/ccell-510-battery-pen\/\" \/>\n<meta property=\"og:locale\" content=\"pt_PT\" \/>\n<meta property=\"og:type\" content=\"article\" \/>\n<meta property=\"og:title\" content=\"CCELL 510 Battery Pen\" \/>\n<meta property=\"og:description\" content=\"CCELL 510 Battery Pen - Your CBD Shop | Your CBD Brand | born in Berlin\" \/>\n<meta property=\"og:url\" content=\"https:\/\/www.tomhemps.com\/pt-pt\/prp\/ccell-510-battery-pen\/\" \/>\n<meta property=\"og:site_name\" content=\"Your CBD Shop | Your CBD Brand | born in Berlin\" \/>\n<meta property=\"article:publisher\" content=\"https:\/\/www.facebook.com\/tomhempsberlin\/\" \/>\n<meta property=\"article:modified_time\" content=\"2023-02-20T15:36:37+00:00\" \/>\n<meta property=\"og:image\" content=\"https:\/\/www.tomhemps.com\/wp-content\/uploads\/2023\/02\/TH-products-680x850-slimpen-package.png\" \/>\n\t<meta property=\"og:image:width\" content=\"680\" \/>\n\t<meta property=\"og:image:height\" content=\"850\" \/>\n\t<meta property=\"og:image:type\" content=\"image\/png\" \/>\n<meta name=\"twitter:card\" content=\"summary_large_image\" \/>\n<script type=\"application\/ld+json\" class=\"yoast-schema-graph\">{\"@context\":\"https:\/\/schema.org\",\"@graph\":[{\"@type\":\"WebPage\",\"@id\":\"https:\/\/www.tomhemps.com\/pt-pt\/prp\/ccell-510-battery-pen\/\",\"url\":\"https:\/\/www.tomhemps.com\/pt-pt\/prp\/ccell-510-battery-pen\/\",\"name\":\"CCELL 510 Battery Pen\",\"isPartOf\":{\"@id\":\"https:\/\/www.tomhemps.com\/pt-pt\/#website\"},\"primaryImageOfPage\":{\"@id\":\"https:\/\/www.tomhemps.com\/pt-pt\/prp\/ccell-510-battery-pen\/#primaryimage\"},\"image\":{\"@id\":\"https:\/\/www.tomhemps.com\/pt-pt\/prp\/ccell-510-battery-pen\/#primaryimage\"},\"thumbnailUrl\":\"https:\/\/www.tomhemps.com\/wp-content\/uploads\/2023\/02\/TH-products-680x850-slimpen-package.png\",\"datePublished\":\"2023-02-14T09:41:37+00:00\",\"dateModified\":\"2023-02-20T15:36:37+00:00\",\"description\":\"CCELL 510 Battery Pen - Your CBD Shop | Your CBD Brand | born in Berlin\",\"breadcrumb\":{\"@id\":\"https:\/\/www.tomhemps.com\/pt-pt\/prp\/ccell-510-battery-pen\/#breadcrumb\"},\"inLanguage\":\"pt-PT\",\"potentialAction\":[{\"@type\":\"ReadAction\",\"target\":[\"https:\/\/www.tomhemps.com\/pt-pt\/prp\/ccell-510-battery-pen\/\"]}]},{\"@type\":\"ImageObject\",\"inLanguage\":\"pt-PT\",\"@id\":\"https:\/\/www.tomhemps.com\/pt-pt\/prp\/ccell-510-battery-pen\/#primaryimage\",\"url\":\"https:\/\/www.tomhemps.com\/wp-content\/uploads\/2023\/02\/TH-products-680x850-slimpen-package.png\",\"contentUrl\":\"https:\/\/www.tomhemps.com\/wp-content\/uploads\/2023\/02\/TH-products-680x850-slimpen-package.png\",\"width\":680,\"height\":850},{\"@type\":\"BreadcrumbList\",\"@id\":\"https:\/\/www.tomhemps.com\/pt-pt\/prp\/ccell-510-battery-pen\/#breadcrumb\",\"itemListElement\":[{\"@type\":\"ListItem\",\"position\":1,\"name\":\"Startseite\",\"item\":\"https:\/\/www.tomhemps.com\/pt-pt\/\"},{\"@type\":\"ListItem\",\"position\":2,\"name\":\"Shop\",\"item\":\"https:\/\/www.tomhemps.com\/pt-pt\/shop\/\"},{\"@type\":\"ListItem\",\"position\":3,\"name\":\"CCELL 510 Battery Pen\"}]},{\"@type\":\"WebSite\",\"@id\":\"https:\/\/www.tomhemps.com\/pt-pt\/#website\",\"url\":\"https:\/\/www.tomhemps.com\/pt-pt\/\",\"name\":\"Your CBD Shop | Your CBD Brand | born in Berlin\",\"description\":\"CBD Shop Berlin\",\"publisher\":{\"@id\":\"https:\/\/www.tomhemps.com\/pt-pt\/#organization\"},\"potentialAction\":[{\"@type\":\"SearchAction\",\"target\":{\"@type\":\"EntryPoint\",\"urlTemplate\":\"https:\/\/www.tomhemps.com\/pt-pt\/?s={search_term_string}\"},\"query-input\":\"required name=search_term_string\"}],\"inLanguage\":\"pt-PT\"},{\"@type\":\"Organization\",\"@id\":\"https:\/\/www.tomhemps.com\/pt-pt\/#organization\",\"name\":\"Tom Hemp's CBD Shop\",\"alternateName\":\"Tom Hemp's Berlin\",\"url\":\"https:\/\/www.tomhemps.com\/pt-pt\/\",\"logo\":{\"@type\":\"ImageObject\",\"inLanguage\":\"pt-PT\",\"@id\":\"https:\/\/www.tomhemps.com\/pt-pt\/#\/schema\/logo\/image\/\",\"url\":\"https:\/\/www.tomhemps.com\/wp-content\/uploads\/2019\/04\/Logo-2019-e1581413011332.jpg\",\"contentUrl\":\"https:\/\/www.tomhemps.com\/wp-content\/uploads\/2019\/04\/Logo-2019-e1581413011332.jpg\",\"width\":460,\"height\":153,\"caption\":\"Tom Hemp's CBD Shop\"},\"image\":{\"@id\":\"https:\/\/www.tomhemps.com\/pt-pt\/#\/schema\/logo\/image\/\"},\"sameAs\":[\"https:\/\/www.facebook.com\/tomhempsberlin\/\",\"https:\/\/www.instagram.com\/tomhemps_cbd\/\",\"https:\/\/www.youtube.com\/channel\/UCbGxDacLx_DRKyder_zVoNw\"]}]}<\/script>\n<!-- \/ Yoast SEO Premium plugin. -->","yoast_head_json":{"title":"CCELL 510 Battery Pen","description":"CCELL 510 Battery Pen - Your CBD Shop | Your CBD Brand | born in Berlin","robots":{"index":"index","follow":"follow","max-snippet":"max-snippet:-1","max-image-preview":"max-image-preview:large","max-video-preview":"max-video-preview:-1"},"canonical":"https:\/\/www.tomhemps.com\/pt-pt\/prp\/ccell-510-battery-pen\/","og_locale":"pt_PT","og_type":"article","og_title":"CCELL 510 Battery Pen","og_description":"CCELL 510 Battery Pen - Your CBD Shop | Your CBD Brand | born in Berlin","og_url":"https:\/\/www.tomhemps.com\/pt-pt\/prp\/ccell-510-battery-pen\/","og_site_name":"Your CBD Shop | Your CBD Brand | born in Berlin","article_publisher":"https:\/\/www.facebook.com\/tomhempsberlin\/","article_modified_time":"2023-02-20T15:36:37+00:00","og_image":[{"width":680,"height":850,"url":"https:\/\/www.tomhemps.com\/wp-content\/uploads\/2023\/02\/TH-products-680x850-slimpen-package.png","type":"image\/png"}],"twitter_card":"summary_large_image","schema":{"@context":"https:\/\/schema.org","@graph":[{"@type":"WebPage","@id":"https:\/\/www.tomhemps.com\/pt-pt\/prp\/ccell-510-battery-pen\/","url":"https:\/\/www.tomhemps.com\/pt-pt\/prp\/ccell-510-battery-pen\/","name":"CCELL 510 Battery Pen","isPartOf":{"@id":"https:\/\/www.tomhemps.com\/pt-pt\/#website"},"primaryImageOfPage":{"@id":"https:\/\/www.tomhemps.com\/pt-pt\/prp\/ccell-510-battery-pen\/#primaryimage"},"image":{"@id":"https:\/\/www.tomhemps.com\/pt-pt\/prp\/ccell-510-battery-pen\/#primaryimage"},"thumbnailUrl":"https:\/\/www.tomhemps.com\/wp-content\/uploads\/2023\/02\/TH-products-680x850-slimpen-package.png","datePublished":"2023-02-14T09:41:37+00:00","dateModified":"2023-02-20T15:36:37+00:00","description":"CCELL 510 Battery Pen - Your CBD Shop | Your CBD Brand | born in Berlin","breadcrumb":{"@id":"https:\/\/www.tomhemps.com\/pt-pt\/prp\/ccell-510-battery-pen\/#breadcrumb"},"inLanguage":"pt-PT","potentialAction":[{"@type":"ReadAction","target":["https:\/\/www.tomhemps.com\/pt-pt\/prp\/ccell-510-battery-pen\/"]}]},{"@type":"ImageObject","inLanguage":"pt-PT","@id":"https:\/\/www.tomhemps.com\/pt-pt\/prp\/ccell-510-battery-pen\/#primaryimage","url":"https:\/\/www.tomhemps.com\/wp-content\/uploads\/2023\/02\/TH-products-680x850-slimpen-package.png","contentUrl":"https:\/\/www.tomhemps.com\/wp-content\/uploads\/2023\/02\/TH-products-680x850-slimpen-package.png","width":680,"height":850},{"@type":"BreadcrumbList","@id":"https:\/\/www.tomhemps.com\/pt-pt\/prp\/ccell-510-battery-pen\/#breadcrumb","itemListElement":[{"@type":"ListItem","position":1,"name":"Startseite","item":"https:\/\/www.tomhemps.com\/pt-pt\/"},{"@type":"ListItem","position":2,"name":"Shop","item":"https:\/\/www.tomhemps.com\/pt-pt\/shop\/"},{"@type":"ListItem","position":3,"name":"CCELL 510 Battery Pen"}]},{"@type":"WebSite","@id":"https:\/\/www.tomhemps.com\/pt-pt\/#website","url":"https:\/\/www.tomhemps.com\/pt-pt\/","name":"Your CBD Shop | Your CBD Brand | born in Berlin","description":"CBD Shop Berlin","publisher":{"@id":"https:\/\/www.tomhemps.com\/pt-pt\/#organization"},"potentialAction":[{"@type":"SearchAction","target":{"@type":"EntryPoint","urlTemplate":"https:\/\/www.tomhemps.com\/pt-pt\/?s={search_term_string}"},"query-input":"required name=search_term_string"}],"inLanguage":"pt-PT"},{"@type":"Organization","@id":"https:\/\/www.tomhemps.com\/pt-pt\/#organization","name":"Tom Hemp's CBD Shop","alternateName":"Tom Hemp's Berlin","url":"https:\/\/www.tomhemps.com\/pt-pt\/","logo":{"@type":"ImageObject","inLanguage":"pt-PT","@id":"https:\/\/www.tomhemps.com\/pt-pt\/#\/schema\/logo\/image\/","url":"https:\/\/www.tomhemps.com\/wp-content\/uploads\/2019\/04\/Logo-2019-e1581413011332.jpg","contentUrl":"https:\/\/www.tomhemps.com\/wp-content\/uploads\/2019\/04\/Logo-2019-e1581413011332.jpg","width":460,"height":153,"caption":"Tom Hemp's CBD Shop"},"image":{"@id":"https:\/\/www.tomhemps.com\/pt-pt\/#\/schema\/logo\/image\/"},"sameAs":["https:\/\/www.facebook.com\/tomhempsberlin\/","https:\/\/www.instagram.com\/tomhemps_cbd\/","https:\/\/www.youtube.com\/channel\/UCbGxDacLx_DRKyder_zVoNw"]}]}},"fields":{"smoking_product":true,"pi_hd":false,"pi_hm":false,"pi_dd":555162,"pi_tot":"MAIS DETALHES","pi_to":"<p>Especifica\u00e7\u00f5es el\u00e9tricas<br \/>\nCapacidade da pilha de bateria: 340 mAh<br \/>\nM\u00e1x. Power Out: 9,5 W<br \/>\nM\u00e1x. Sa\u00edda de corrente: 3 A<br \/>\nResist\u00eancia: 0.9 &#8211; 3.0 \u03a9<br \/>\nCorrente de carregamento: 500+- 50 mAh (2,5 W)<br \/>\nTempo de ativa\u00e7\u00e3o: 0-10 segundos<\/p>\n<p>Interface do utilizador<br \/>\nFixa\u00e7\u00e3o de cartuchos: liga\u00e7\u00e3o roscada 510<br \/>\nAtiva\u00e7\u00e3o: Respira\u00e7\u00e3o<br \/>\nNotifica\u00e7\u00e3o: LED<br \/>\nNotifica\u00e7\u00e3o de bateria fraca: Nenhuma<br \/>\nIndica\u00e7\u00e3o de carga: Luzes LED durante o carregamento, o LED pisca e apaga quando completamente carregado<\/p>\n","pi_tst":"USO","pi_ts":"<p>Inalar na boquilha do cartucho para ativar a fonte de alimenta\u00e7\u00e3o. Para a bateria 510, a ponta da luz ir\u00e1 acender para indicar a ativa\u00e7\u00e3o.<br \/>\nQuando o dispositivo estiver a carregar, a luz acender-se-\u00e1 e permanecer\u00e1 acesa. Quando o dispositivo atinge uma carga completa, a luz piscar\u00e1 20 vezes e depois desligar-se-\u00e1. Se o dispositivo estiver ligado a uma porta USB ativa e a ponta de luz n\u00e3o estiver acesa, tem uma carga completa.<\/p>\n","pi_t":164649},"_links":{"self":[{"href":"https:\/\/www.tomhemps.com\/pt-pt\/wp-json\/wp\/v2\/product\/555182"}],"collection":[{"href":"https:\/\/www.tomhemps.com\/pt-pt\/wp-json\/wp\/v2\/product"}],"about":[{"href":"https:\/\/www.tomhemps.com\/pt-pt\/wp-json\/wp\/v2\/types\/product"}],"replies":[{"embeddable":true,"href":"https:\/\/www.tomhemps.com\/pt-pt\/wp-json\/wp\/v2\/comments?post=555182"}],"wp:featuredmedia":[{"embeddable":true,"href":"https:\/\/www.tomhemps.com\/pt-pt\/wp-json\/wp\/v2\/media\/555162"}],"wp:attachment":[{"href":"https:\/\/www.tomhemps.com\/pt-pt\/wp-json\/wp\/v2\/media?parent=555182"}],"wp:term":[{"taxonomy":"product_cat","embeddable":true,"href":"https:\/\/www.tomhemps.com\/pt-pt\/wp-json\/wp\/v2\/product_cat?post=555182"},{"taxonomy":"product_tag","embeddable":true,"href":"https:\/\/www.tomhemps.com\/pt-pt\/wp-json\/wp\/v2\/product_tag?post=555182"}],"curies":[{"name":"wp","href":"https:\/\/api.w.org\/{rel}","templated":true}]}}