{"id":567418,"date":"2023-05-08T16:26:20","date_gmt":"2023-05-08T14:26:20","guid":{"rendered":"https:\/\/www.tomhemps.com\/?post_type=product&#038;p=567418"},"modified":"2026-02-09T23:00:03","modified_gmt":"2026-02-09T22:00:03","slug":"cbd-pre-roll-4er-pack-northern-lights","status":"publish","type":"product","link":"https:\/\/www.tomhemps.com\/pt-pt\/prp\/cbd-pre-roll-4er-pack-northern-lights\/","title":{"rendered":"CBD Pre-Roll Pack De 4 \/ Northern Lights"},"content":{"rendered":"","protected":false},"excerpt":{"rendered":"<p>Com o nosso conjunto de 4 PRE-ROLL de CBD da Tom Hemp\u2019s, j\u00e1 vem tudo pronto. Recebes 4 x 0,65 g do melhor Indoor-CBD, o que significa flor de CBD pura, sem aparas, sem folhas, sem caules, apenas a Cream of the Crop em cones salientes da tua variedade favorita de Tom Hemp&#8217;s CBD Northern Lights.<\/p>\n","protected":false},"featured_media":567222,"comment_status":"open","ping_status":"closed","template":"","meta":{"_acf_changed":false},"product_cat":[5004,1090,1151],"product_tag":[],"acf":[],"yoast_head":"<!-- This site is optimized with the Yoast SEO Premium plugin v22.8 (Yoast SEO v22.8) - https:\/\/yoast.com\/wordpress\/plugins\/seo\/ -->\n<title>CBD Pre-Roll Pack De 4 \/ Northern Lights<\/title>\n<meta name=\"description\" content=\"CBD Pre-Roll Pack De 4 \/ Northern Lights - Your CBD Shop | Your CBD Brand | born in Berlin\" \/>\n<meta name=\"robots\" content=\"index, follow, max-snippet:-1, max-image-preview:large, max-video-preview:-1\" \/>\n<link rel=\"canonical\" href=\"https:\/\/www.tomhemps.com\/pt-pt\/prp\/cbd-pre-roll-4er-pack-northern-lights\/\" \/>\n<meta property=\"og:locale\" content=\"pt_PT\" \/>\n<meta property=\"og:type\" content=\"article\" \/>\n<meta property=\"og:title\" content=\"CBD Pre-Roll Pack De 4 \/ Northern Lights\" \/>\n<meta property=\"og:description\" content=\"CBD Pre-Roll Pack De 4 \/ Northern Lights - Your CBD Shop | Your CBD Brand | born in Berlin\" \/>\n<meta property=\"og:url\" content=\"https:\/\/www.tomhemps.com\/pt-pt\/prp\/cbd-pre-roll-4er-pack-northern-lights\/\" \/>\n<meta property=\"og:site_name\" content=\"Your CBD Shop | Your CBD Brand | born in Berlin\" \/>\n<meta property=\"article:publisher\" content=\"https:\/\/www.facebook.com\/tomhempsberlin\/\" \/>\n<meta property=\"article:modified_time\" content=\"2026-02-09T22:00:03+00:00\" \/>\n<meta property=\"og:image\" content=\"https:\/\/www.tomhemps.com\/wp-content\/uploads\/2023\/05\/TH-products-680x850-Pre-roll-mini-northern-light.png\" \/>\n\t<meta property=\"og:image:width\" content=\"680\" \/>\n\t<meta property=\"og:image:height\" content=\"850\" \/>\n\t<meta property=\"og:image:type\" content=\"image\/png\" \/>\n<meta name=\"twitter:card\" content=\"summary_large_image\" \/>\n<script type=\"application\/ld+json\" class=\"yoast-schema-graph\">{\"@context\":\"https:\/\/schema.org\",\"@graph\":[{\"@type\":\"WebPage\",\"@id\":\"https:\/\/www.tomhemps.com\/pt-pt\/prp\/cbd-pre-roll-4er-pack-northern-lights\/\",\"url\":\"https:\/\/www.tomhemps.com\/pt-pt\/prp\/cbd-pre-roll-4er-pack-northern-lights\/\",\"name\":\"CBD Pre-Roll Pack De 4 \/ Northern Lights\",\"isPartOf\":{\"@id\":\"https:\/\/www.tomhemps.com\/pt-pt\/#website\"},\"primaryImageOfPage\":{\"@id\":\"https:\/\/www.tomhemps.com\/pt-pt\/prp\/cbd-pre-roll-4er-pack-northern-lights\/#primaryimage\"},\"image\":{\"@id\":\"https:\/\/www.tomhemps.com\/pt-pt\/prp\/cbd-pre-roll-4er-pack-northern-lights\/#primaryimage\"},\"thumbnailUrl\":\"https:\/\/www.tomhemps.com\/wp-content\/uploads\/2023\/05\/TH-products-680x850-Pre-roll-mini-northern-light.png\",\"datePublished\":\"2023-05-08T14:26:20+00:00\",\"dateModified\":\"2026-02-09T22:00:03+00:00\",\"description\":\"CBD Pre-Roll Pack De 4 \/ Northern Lights - Your CBD Shop | Your CBD Brand | born in Berlin\",\"breadcrumb\":{\"@id\":\"https:\/\/www.tomhemps.com\/pt-pt\/prp\/cbd-pre-roll-4er-pack-northern-lights\/#breadcrumb\"},\"inLanguage\":\"pt-PT\",\"potentialAction\":[{\"@type\":\"ReadAction\",\"target\":[\"https:\/\/www.tomhemps.com\/pt-pt\/prp\/cbd-pre-roll-4er-pack-northern-lights\/\"]}]},{\"@type\":\"ImageObject\",\"inLanguage\":\"pt-PT\",\"@id\":\"https:\/\/www.tomhemps.com\/pt-pt\/prp\/cbd-pre-roll-4er-pack-northern-lights\/#primaryimage\",\"url\":\"https:\/\/www.tomhemps.com\/wp-content\/uploads\/2023\/05\/TH-products-680x850-Pre-roll-mini-northern-light.png\",\"contentUrl\":\"https:\/\/www.tomhemps.com\/wp-content\/uploads\/2023\/05\/TH-products-680x850-Pre-roll-mini-northern-light.png\",\"width\":680,\"height\":850,\"caption\":\"CBD Pre Roll Northern Lights\"},{\"@type\":\"BreadcrumbList\",\"@id\":\"https:\/\/www.tomhemps.com\/pt-pt\/prp\/cbd-pre-roll-4er-pack-northern-lights\/#breadcrumb\",\"itemListElement\":[{\"@type\":\"ListItem\",\"position\":1,\"name\":\"Startseite\",\"item\":\"https:\/\/www.tomhemps.com\/pt-pt\/\"},{\"@type\":\"ListItem\",\"position\":2,\"name\":\"Shop\",\"item\":\"https:\/\/www.tomhemps.com\/pt-pt\/shop\/\"},{\"@type\":\"ListItem\",\"position\":3,\"name\":\"CBD Pre-Roll Pack De 4 \/ Northern Lights\"}]},{\"@type\":\"WebSite\",\"@id\":\"https:\/\/www.tomhemps.com\/pt-pt\/#website\",\"url\":\"https:\/\/www.tomhemps.com\/pt-pt\/\",\"name\":\"Your CBD Shop | Your CBD Brand | born in Berlin\",\"description\":\"CBD Shop Berlin\",\"publisher\":{\"@id\":\"https:\/\/www.tomhemps.com\/pt-pt\/#organization\"},\"potentialAction\":[{\"@type\":\"SearchAction\",\"target\":{\"@type\":\"EntryPoint\",\"urlTemplate\":\"https:\/\/www.tomhemps.com\/pt-pt\/?s={search_term_string}\"},\"query-input\":\"required name=search_term_string\"}],\"inLanguage\":\"pt-PT\"},{\"@type\":\"Organization\",\"@id\":\"https:\/\/www.tomhemps.com\/pt-pt\/#organization\",\"name\":\"Tom Hemp's CBD Shop\",\"alternateName\":\"Tom Hemp's Berlin\",\"url\":\"https:\/\/www.tomhemps.com\/pt-pt\/\",\"logo\":{\"@type\":\"ImageObject\",\"inLanguage\":\"pt-PT\",\"@id\":\"https:\/\/www.tomhemps.com\/pt-pt\/#\/schema\/logo\/image\/\",\"url\":\"https:\/\/www.tomhemps.com\/wp-content\/uploads\/2019\/04\/Logo-2019-e1581413011332.jpg\",\"contentUrl\":\"https:\/\/www.tomhemps.com\/wp-content\/uploads\/2019\/04\/Logo-2019-e1581413011332.jpg\",\"width\":460,\"height\":153,\"caption\":\"Tom Hemp's CBD Shop\"},\"image\":{\"@id\":\"https:\/\/www.tomhemps.com\/pt-pt\/#\/schema\/logo\/image\/\"},\"sameAs\":[\"https:\/\/www.facebook.com\/tomhempsberlin\/\",\"https:\/\/www.instagram.com\/tomhemps_cbd\/\",\"https:\/\/www.youtube.com\/channel\/UCbGxDacLx_DRKyder_zVoNw\"]}]}<\/script>\n<!-- \/ Yoast SEO Premium plugin. -->","yoast_head_json":{"title":"CBD Pre-Roll Pack De 4 \/ Northern Lights","description":"CBD Pre-Roll Pack De 4 \/ Northern Lights - Your CBD Shop | Your CBD Brand | born in Berlin","robots":{"index":"index","follow":"follow","max-snippet":"max-snippet:-1","max-image-preview":"max-image-preview:large","max-video-preview":"max-video-preview:-1"},"canonical":"https:\/\/www.tomhemps.com\/pt-pt\/prp\/cbd-pre-roll-4er-pack-northern-lights\/","og_locale":"pt_PT","og_type":"article","og_title":"CBD Pre-Roll Pack De 4 \/ Northern Lights","og_description":"CBD Pre-Roll Pack De 4 \/ Northern Lights - Your CBD Shop | Your CBD Brand | born in Berlin","og_url":"https:\/\/www.tomhemps.com\/pt-pt\/prp\/cbd-pre-roll-4er-pack-northern-lights\/","og_site_name":"Your CBD Shop | Your CBD Brand | born in Berlin","article_publisher":"https:\/\/www.facebook.com\/tomhempsberlin\/","article_modified_time":"2026-02-09T22:00:03+00:00","og_image":[{"width":680,"height":850,"url":"https:\/\/www.tomhemps.com\/wp-content\/uploads\/2023\/05\/TH-products-680x850-Pre-roll-mini-northern-light.png","type":"image\/png"}],"twitter_card":"summary_large_image","schema":{"@context":"https:\/\/schema.org","@graph":[{"@type":"WebPage","@id":"https:\/\/www.tomhemps.com\/pt-pt\/prp\/cbd-pre-roll-4er-pack-northern-lights\/","url":"https:\/\/www.tomhemps.com\/pt-pt\/prp\/cbd-pre-roll-4er-pack-northern-lights\/","name":"CBD Pre-Roll Pack De 4 \/ Northern Lights","isPartOf":{"@id":"https:\/\/www.tomhemps.com\/pt-pt\/#website"},"primaryImageOfPage":{"@id":"https:\/\/www.tomhemps.com\/pt-pt\/prp\/cbd-pre-roll-4er-pack-northern-lights\/#primaryimage"},"image":{"@id":"https:\/\/www.tomhemps.com\/pt-pt\/prp\/cbd-pre-roll-4er-pack-northern-lights\/#primaryimage"},"thumbnailUrl":"https:\/\/www.tomhemps.com\/wp-content\/uploads\/2023\/05\/TH-products-680x850-Pre-roll-mini-northern-light.png","datePublished":"2023-05-08T14:26:20+00:00","dateModified":"2026-02-09T22:00:03+00:00","description":"CBD Pre-Roll Pack De 4 \/ Northern Lights - Your CBD Shop | Your CBD Brand | born in Berlin","breadcrumb":{"@id":"https:\/\/www.tomhemps.com\/pt-pt\/prp\/cbd-pre-roll-4er-pack-northern-lights\/#breadcrumb"},"inLanguage":"pt-PT","potentialAction":[{"@type":"ReadAction","target":["https:\/\/www.tomhemps.com\/pt-pt\/prp\/cbd-pre-roll-4er-pack-northern-lights\/"]}]},{"@type":"ImageObject","inLanguage":"pt-PT","@id":"https:\/\/www.tomhemps.com\/pt-pt\/prp\/cbd-pre-roll-4er-pack-northern-lights\/#primaryimage","url":"https:\/\/www.tomhemps.com\/wp-content\/uploads\/2023\/05\/TH-products-680x850-Pre-roll-mini-northern-light.png","contentUrl":"https:\/\/www.tomhemps.com\/wp-content\/uploads\/2023\/05\/TH-products-680x850-Pre-roll-mini-northern-light.png","width":680,"height":850,"caption":"CBD Pre Roll Northern Lights"},{"@type":"BreadcrumbList","@id":"https:\/\/www.tomhemps.com\/pt-pt\/prp\/cbd-pre-roll-4er-pack-northern-lights\/#breadcrumb","itemListElement":[{"@type":"ListItem","position":1,"name":"Startseite","item":"https:\/\/www.tomhemps.com\/pt-pt\/"},{"@type":"ListItem","position":2,"name":"Shop","item":"https:\/\/www.tomhemps.com\/pt-pt\/shop\/"},{"@type":"ListItem","position":3,"name":"CBD Pre-Roll Pack De 4 \/ Northern Lights"}]},{"@type":"WebSite","@id":"https:\/\/www.tomhemps.com\/pt-pt\/#website","url":"https:\/\/www.tomhemps.com\/pt-pt\/","name":"Your CBD Shop | Your CBD Brand | born in Berlin","description":"CBD Shop Berlin","publisher":{"@id":"https:\/\/www.tomhemps.com\/pt-pt\/#organization"},"potentialAction":[{"@type":"SearchAction","target":{"@type":"EntryPoint","urlTemplate":"https:\/\/www.tomhemps.com\/pt-pt\/?s={search_term_string}"},"query-input":"required name=search_term_string"}],"inLanguage":"pt-PT"},{"@type":"Organization","@id":"https:\/\/www.tomhemps.com\/pt-pt\/#organization","name":"Tom Hemp's CBD Shop","alternateName":"Tom Hemp's Berlin","url":"https:\/\/www.tomhemps.com\/pt-pt\/","logo":{"@type":"ImageObject","inLanguage":"pt-PT","@id":"https:\/\/www.tomhemps.com\/pt-pt\/#\/schema\/logo\/image\/","url":"https:\/\/www.tomhemps.com\/wp-content\/uploads\/2019\/04\/Logo-2019-e1581413011332.jpg","contentUrl":"https:\/\/www.tomhemps.com\/wp-content\/uploads\/2019\/04\/Logo-2019-e1581413011332.jpg","width":460,"height":153,"caption":"Tom Hemp's CBD Shop"},"image":{"@id":"https:\/\/www.tomhemps.com\/pt-pt\/#\/schema\/logo\/image\/"},"sameAs":["https:\/\/www.facebook.com\/tomhempsberlin\/","https:\/\/www.instagram.com\/tomhemps_cbd\/","https:\/\/www.youtube.com\/channel\/UCbGxDacLx_DRKyder_zVoNw"]}]}},"fields":{"smoking_product":true,"pi_hd":false,"pi_hm":false,"pi_dd":567222,"pi_tot":"CONTE\u00daDO","pi_to":"<p>4x PRE-ROLL de 0,65 gramas de flores CBD puras Northern Lights<\/p>\n<p>CBD: 3 -6%<br \/>\nTHC: &lt; 0,2%<\/p>\n","pi_tst":"AVISO","pi_ts":"<p>Este produto destina-se apenas a uso comercial, t\u00e9cnico e cient\u00edfico. Manter fora do alcance das crian\u00e7as. O produto n\u00e3o pode ser transportado para o estrangeiro. \u00c9 estritamente proibida a ingest\u00e3o ou o consumo deste produto. Estas flores de cannabis industrial europeia cont\u00eam menos de 0,2% de THC. O nome do produto n\u00e3o tem qualquer significado ou liga\u00e7\u00e3o com outros produtos e \u00e9 utilizado apenas para fins de marketing. <\/p>\n<p>As cores das flores podem variar das fotografias, dependendo da colheita.<\/p>\n","pi_t":163931},"_links":{"self":[{"href":"https:\/\/www.tomhemps.com\/pt-pt\/wp-json\/wp\/v2\/product\/567418"}],"collection":[{"href":"https:\/\/www.tomhemps.com\/pt-pt\/wp-json\/wp\/v2\/product"}],"about":[{"href":"https:\/\/www.tomhemps.com\/pt-pt\/wp-json\/wp\/v2\/types\/product"}],"replies":[{"embeddable":true,"href":"https:\/\/www.tomhemps.com\/pt-pt\/wp-json\/wp\/v2\/comments?post=567418"}],"wp:featuredmedia":[{"embeddable":true,"href":"https:\/\/www.tomhemps.com\/pt-pt\/wp-json\/wp\/v2\/media\/567222"}],"wp:attachment":[{"href":"https:\/\/www.tomhemps.com\/pt-pt\/wp-json\/wp\/v2\/media?parent=567418"}],"wp:term":[{"taxonomy":"product_cat","embeddable":true,"href":"https:\/\/www.tomhemps.com\/pt-pt\/wp-json\/wp\/v2\/product_cat?post=567418"},{"taxonomy":"product_tag","embeddable":true,"href":"https:\/\/www.tomhemps.com\/pt-pt\/wp-json\/wp\/v2\/product_tag?post=567418"}],"curies":[{"name":"wp","href":"https:\/\/api.w.org\/{rel}","templated":true}]}}