{"id":570956,"date":"2023-06-01T12:04:48","date_gmt":"2023-06-01T10:04:48","guid":{"rendered":"https:\/\/www.tomhemps.com\/product\/pax-plus\/"},"modified":"2023-09-07T17:40:48","modified_gmt":"2023-09-07T15:40:48","slug":"pax-plus","status":"publish","type":"product","link":"https:\/\/www.tomhemps.com\/pt-pt\/prp\/pax-plus\/","title":{"rendered":"PAX PLUS"},"content":{"rendered":"","protected":false},"excerpt":{"rendered":"<p>O PAX PLUS re\u00fane uma tonelada de funcionalidades num design elegante, inteligente e simples. Os novos modos de experi\u00eancia incorporados permitem-te escolher diferentes combina\u00e7\u00f5es de sabor e vapor com o simples premir de um bot\u00e3o. As melhorias de design refinadas incluem um LED maior, um revestimento mate suave, novos bocais com cores a condizer e arestas arredondadas que tornam o PAX PLUS mais f\u00e1cil de segurar e de acertar. Um ecr\u00e3 de forno 3D redesenhado e uma multi-ferramenta melhorada tornam a limpeza mais f\u00e1cil do que nunca. E ir\u00e1s sempre tirar o m\u00e1ximo partido das suas ervas e concentrados com mais de 2 horas de dura\u00e7\u00e3o da bateria e um tempo de aquecimento de apenas 22 segundos.<\/p>\n","protected":false},"featured_media":570839,"comment_status":"open","ping_status":"closed","template":"","meta":{"_acf_changed":false},"product_cat":[1163,1156],"product_tag":[],"acf":[],"yoast_head":"<!-- This site is optimized with the Yoast SEO Premium plugin v22.8 (Yoast SEO v22.8) - https:\/\/yoast.com\/wordpress\/plugins\/seo\/ -->\n<title>PAX PLUS | Tom Hemp&#039;s<\/title>\n<meta name=\"description\" content=\"Unleash PAX Plus: Smart, sleek CBD vaporizer. Experience Modes, enhanced design, easy cleaning. 2+ hours battery, 22-second heating.\" \/>\n<meta name=\"robots\" content=\"index, follow, max-snippet:-1, max-image-preview:large, max-video-preview:-1\" \/>\n<link rel=\"canonical\" href=\"https:\/\/www.tomhemps.com\/pt-pt\/prp\/pax-plus\/\" \/>\n<meta property=\"og:locale\" content=\"pt_PT\" \/>\n<meta property=\"og:type\" content=\"article\" \/>\n<meta property=\"og:title\" content=\"PAX PLUS\" \/>\n<meta property=\"og:description\" content=\"Unleash PAX Plus: Smart, sleek CBD vaporizer. Experience Modes, enhanced design, easy cleaning. 2+ hours battery, 22-second heating.\" \/>\n<meta property=\"og:url\" content=\"https:\/\/www.tomhemps.com\/pt-pt\/prp\/pax-plus\/\" \/>\n<meta property=\"og:site_name\" content=\"Your CBD Shop | Your CBD Brand | born in Berlin\" \/>\n<meta property=\"article:publisher\" content=\"https:\/\/www.facebook.com\/tomhempsberlin\/\" \/>\n<meta property=\"article:modified_time\" content=\"2023-09-07T15:40:48+00:00\" \/>\n<meta property=\"og:image\" content=\"https:\/\/www.tomhemps.com\/wp-content\/uploads\/2023\/06\/PAX_PLUS_extra.png\" \/>\n\t<meta property=\"og:image:width\" content=\"680\" \/>\n\t<meta property=\"og:image:height\" content=\"850\" \/>\n\t<meta property=\"og:image:type\" content=\"image\/png\" \/>\n<meta name=\"twitter:card\" content=\"summary_large_image\" \/>\n<script type=\"application\/ld+json\" class=\"yoast-schema-graph\">{\"@context\":\"https:\/\/schema.org\",\"@graph\":[{\"@type\":\"WebPage\",\"@id\":\"https:\/\/www.tomhemps.com\/pt-pt\/prp\/pax-plus\/\",\"url\":\"https:\/\/www.tomhemps.com\/pt-pt\/prp\/pax-plus\/\",\"name\":\"PAX PLUS | Tom Hemp's\",\"isPartOf\":{\"@id\":\"https:\/\/www.tomhemps.com\/pt-pt\/#website\"},\"primaryImageOfPage\":{\"@id\":\"https:\/\/www.tomhemps.com\/pt-pt\/prp\/pax-plus\/#primaryimage\"},\"image\":{\"@id\":\"https:\/\/www.tomhemps.com\/pt-pt\/prp\/pax-plus\/#primaryimage\"},\"thumbnailUrl\":\"https:\/\/www.tomhemps.com\/wp-content\/uploads\/2023\/06\/PAX_PLUS_extra.png\",\"datePublished\":\"2023-06-01T10:04:48+00:00\",\"dateModified\":\"2023-09-07T15:40:48+00:00\",\"description\":\"Unleash PAX Plus: Smart, sleek CBD vaporizer. Experience Modes, enhanced design, easy cleaning. 2+ hours battery, 22-second heating.\",\"breadcrumb\":{\"@id\":\"https:\/\/www.tomhemps.com\/pt-pt\/prp\/pax-plus\/#breadcrumb\"},\"inLanguage\":\"pt-PT\",\"potentialAction\":[{\"@type\":\"ReadAction\",\"target\":[\"https:\/\/www.tomhemps.com\/pt-pt\/prp\/pax-plus\/\"]}]},{\"@type\":\"ImageObject\",\"inLanguage\":\"pt-PT\",\"@id\":\"https:\/\/www.tomhemps.com\/pt-pt\/prp\/pax-plus\/#primaryimage\",\"url\":\"https:\/\/www.tomhemps.com\/wp-content\/uploads\/2023\/06\/PAX_PLUS_extra.png\",\"contentUrl\":\"https:\/\/www.tomhemps.com\/wp-content\/uploads\/2023\/06\/PAX_PLUS_extra.png\",\"width\":680,\"height\":850},{\"@type\":\"BreadcrumbList\",\"@id\":\"https:\/\/www.tomhemps.com\/pt-pt\/prp\/pax-plus\/#breadcrumb\",\"itemListElement\":[{\"@type\":\"ListItem\",\"position\":1,\"name\":\"Startseite\",\"item\":\"https:\/\/www.tomhemps.com\/pt-pt\/\"},{\"@type\":\"ListItem\",\"position\":2,\"name\":\"Shop\",\"item\":\"https:\/\/www.tomhemps.com\/pt-pt\/shop\/\"},{\"@type\":\"ListItem\",\"position\":3,\"name\":\"PAX PLUS\"}]},{\"@type\":\"WebSite\",\"@id\":\"https:\/\/www.tomhemps.com\/pt-pt\/#website\",\"url\":\"https:\/\/www.tomhemps.com\/pt-pt\/\",\"name\":\"Your CBD Shop | Your CBD Brand | born in Berlin\",\"description\":\"CBD Shop Berlin\",\"publisher\":{\"@id\":\"https:\/\/www.tomhemps.com\/pt-pt\/#organization\"},\"potentialAction\":[{\"@type\":\"SearchAction\",\"target\":{\"@type\":\"EntryPoint\",\"urlTemplate\":\"https:\/\/www.tomhemps.com\/pt-pt\/?s={search_term_string}\"},\"query-input\":\"required name=search_term_string\"}],\"inLanguage\":\"pt-PT\"},{\"@type\":\"Organization\",\"@id\":\"https:\/\/www.tomhemps.com\/pt-pt\/#organization\",\"name\":\"Tom Hemp's CBD Shop\",\"alternateName\":\"Tom Hemp's Berlin\",\"url\":\"https:\/\/www.tomhemps.com\/pt-pt\/\",\"logo\":{\"@type\":\"ImageObject\",\"inLanguage\":\"pt-PT\",\"@id\":\"https:\/\/www.tomhemps.com\/pt-pt\/#\/schema\/logo\/image\/\",\"url\":\"https:\/\/www.tomhemps.com\/wp-content\/uploads\/2019\/04\/Logo-2019-e1581413011332.jpg\",\"contentUrl\":\"https:\/\/www.tomhemps.com\/wp-content\/uploads\/2019\/04\/Logo-2019-e1581413011332.jpg\",\"width\":460,\"height\":153,\"caption\":\"Tom Hemp's CBD Shop\"},\"image\":{\"@id\":\"https:\/\/www.tomhemps.com\/pt-pt\/#\/schema\/logo\/image\/\"},\"sameAs\":[\"https:\/\/www.facebook.com\/tomhempsberlin\/\",\"https:\/\/www.instagram.com\/tomhemps_cbd\/\",\"https:\/\/www.youtube.com\/channel\/UCbGxDacLx_DRKyder_zVoNw\"]}]}<\/script>\n<!-- \/ Yoast SEO Premium plugin. -->","yoast_head_json":{"title":"PAX PLUS | Tom Hemp's","description":"Unleash PAX Plus: Smart, sleek CBD vaporizer. Experience Modes, enhanced design, easy cleaning. 2+ hours battery, 22-second heating.","robots":{"index":"index","follow":"follow","max-snippet":"max-snippet:-1","max-image-preview":"max-image-preview:large","max-video-preview":"max-video-preview:-1"},"canonical":"https:\/\/www.tomhemps.com\/pt-pt\/prp\/pax-plus\/","og_locale":"pt_PT","og_type":"article","og_title":"PAX PLUS","og_description":"Unleash PAX Plus: Smart, sleek CBD vaporizer. Experience Modes, enhanced design, easy cleaning. 2+ hours battery, 22-second heating.","og_url":"https:\/\/www.tomhemps.com\/pt-pt\/prp\/pax-plus\/","og_site_name":"Your CBD Shop | Your CBD Brand | born in Berlin","article_publisher":"https:\/\/www.facebook.com\/tomhempsberlin\/","article_modified_time":"2023-09-07T15:40:48+00:00","og_image":[{"width":680,"height":850,"url":"https:\/\/www.tomhemps.com\/wp-content\/uploads\/2023\/06\/PAX_PLUS_extra.png","type":"image\/png"}],"twitter_card":"summary_large_image","schema":{"@context":"https:\/\/schema.org","@graph":[{"@type":"WebPage","@id":"https:\/\/www.tomhemps.com\/pt-pt\/prp\/pax-plus\/","url":"https:\/\/www.tomhemps.com\/pt-pt\/prp\/pax-plus\/","name":"PAX PLUS | Tom Hemp's","isPartOf":{"@id":"https:\/\/www.tomhemps.com\/pt-pt\/#website"},"primaryImageOfPage":{"@id":"https:\/\/www.tomhemps.com\/pt-pt\/prp\/pax-plus\/#primaryimage"},"image":{"@id":"https:\/\/www.tomhemps.com\/pt-pt\/prp\/pax-plus\/#primaryimage"},"thumbnailUrl":"https:\/\/www.tomhemps.com\/wp-content\/uploads\/2023\/06\/PAX_PLUS_extra.png","datePublished":"2023-06-01T10:04:48+00:00","dateModified":"2023-09-07T15:40:48+00:00","description":"Unleash PAX Plus: Smart, sleek CBD vaporizer. Experience Modes, enhanced design, easy cleaning. 2+ hours battery, 22-second heating.","breadcrumb":{"@id":"https:\/\/www.tomhemps.com\/pt-pt\/prp\/pax-plus\/#breadcrumb"},"inLanguage":"pt-PT","potentialAction":[{"@type":"ReadAction","target":["https:\/\/www.tomhemps.com\/pt-pt\/prp\/pax-plus\/"]}]},{"@type":"ImageObject","inLanguage":"pt-PT","@id":"https:\/\/www.tomhemps.com\/pt-pt\/prp\/pax-plus\/#primaryimage","url":"https:\/\/www.tomhemps.com\/wp-content\/uploads\/2023\/06\/PAX_PLUS_extra.png","contentUrl":"https:\/\/www.tomhemps.com\/wp-content\/uploads\/2023\/06\/PAX_PLUS_extra.png","width":680,"height":850},{"@type":"BreadcrumbList","@id":"https:\/\/www.tomhemps.com\/pt-pt\/prp\/pax-plus\/#breadcrumb","itemListElement":[{"@type":"ListItem","position":1,"name":"Startseite","item":"https:\/\/www.tomhemps.com\/pt-pt\/"},{"@type":"ListItem","position":2,"name":"Shop","item":"https:\/\/www.tomhemps.com\/pt-pt\/shop\/"},{"@type":"ListItem","position":3,"name":"PAX PLUS"}]},{"@type":"WebSite","@id":"https:\/\/www.tomhemps.com\/pt-pt\/#website","url":"https:\/\/www.tomhemps.com\/pt-pt\/","name":"Your CBD Shop | Your CBD Brand | born in Berlin","description":"CBD Shop Berlin","publisher":{"@id":"https:\/\/www.tomhemps.com\/pt-pt\/#organization"},"potentialAction":[{"@type":"SearchAction","target":{"@type":"EntryPoint","urlTemplate":"https:\/\/www.tomhemps.com\/pt-pt\/?s={search_term_string}"},"query-input":"required name=search_term_string"}],"inLanguage":"pt-PT"},{"@type":"Organization","@id":"https:\/\/www.tomhemps.com\/pt-pt\/#organization","name":"Tom Hemp's CBD Shop","alternateName":"Tom Hemp's Berlin","url":"https:\/\/www.tomhemps.com\/pt-pt\/","logo":{"@type":"ImageObject","inLanguage":"pt-PT","@id":"https:\/\/www.tomhemps.com\/pt-pt\/#\/schema\/logo\/image\/","url":"https:\/\/www.tomhemps.com\/wp-content\/uploads\/2019\/04\/Logo-2019-e1581413011332.jpg","contentUrl":"https:\/\/www.tomhemps.com\/wp-content\/uploads\/2019\/04\/Logo-2019-e1581413011332.jpg","width":460,"height":153,"caption":"Tom Hemp's CBD Shop"},"image":{"@id":"https:\/\/www.tomhemps.com\/pt-pt\/#\/schema\/logo\/image\/"},"sameAs":["https:\/\/www.facebook.com\/tomhempsberlin\/","https:\/\/www.instagram.com\/tomhemps_cbd\/","https:\/\/www.youtube.com\/channel\/UCbGxDacLx_DRKyder_zVoNw"]}]}},"fields":{"smoking_product":true,"pi_hd":false,"pi_dd":false,"pi_tot":"Conte\u00fado","pi_to":"<p><strong>Ecr\u00e3 3D<\/strong> &#8211; para uma limpeza e remo\u00e7\u00e3o f\u00e1ceis (NOVO)<br \/>\n<strong>Tampa de forno padr\u00e3o<\/strong> &#8211; para capacidade total (0,5g)<br \/>\n<strong>Bocal plano<\/strong> &#8211; para discri\u00e7\u00e3o<br \/>\n<strong>Boquilha elevada<\/strong> &#8211; para maior conforto<br \/>\n<strong>Tampa do forno em pacote m\u00e9dio<\/strong> &#8211; para sess\u00f5es mais pequenas (0,25g)<br \/>\n<strong>Inserto para concentrado<\/strong> &#8211; para utiliza\u00e7\u00e3o com concentrados cerosos\/s\u00f3lidos<br \/>\n<strong>Multi-ferramenta<\/strong> &#8211; para embalar e limpar o forno (NOVO)<br \/>\n<strong>Carregador<\/strong> &#8211; para carregamento f\u00e1cil com fixa\u00e7\u00e3o magn\u00e9tica<br \/>\n<strong>Escova de arame<\/strong> &#8211; para limpar o dispositivo<\/p>\n","pi_tst":"Mais detalhes","pi_ts":"<p><strong>Utilizar com:<\/strong> Ervas + Concentrados<br \/>\n<strong>Capacidade:<\/strong> 0,50g<br \/>\n<strong>Tempo de aquecimento:<\/strong> 22 segundos<br \/>\n<strong>Tempo de funcionamento:<\/strong> At\u00e9 2,5 horas (8 &#8211; 10 sess\u00f5es)<br \/>\n<strong>Garantia limitada:<\/strong> 10 anos<\/p>\n","pi_t":163931,"pi_hm":573307},"_links":{"self":[{"href":"https:\/\/www.tomhemps.com\/pt-pt\/wp-json\/wp\/v2\/product\/570956"}],"collection":[{"href":"https:\/\/www.tomhemps.com\/pt-pt\/wp-json\/wp\/v2\/product"}],"about":[{"href":"https:\/\/www.tomhemps.com\/pt-pt\/wp-json\/wp\/v2\/types\/product"}],"replies":[{"embeddable":true,"href":"https:\/\/www.tomhemps.com\/pt-pt\/wp-json\/wp\/v2\/comments?post=570956"}],"wp:featuredmedia":[{"embeddable":true,"href":"https:\/\/www.tomhemps.com\/pt-pt\/wp-json\/wp\/v2\/media\/570839"}],"wp:attachment":[{"href":"https:\/\/www.tomhemps.com\/pt-pt\/wp-json\/wp\/v2\/media?parent=570956"}],"wp:term":[{"taxonomy":"product_cat","embeddable":true,"href":"https:\/\/www.tomhemps.com\/pt-pt\/wp-json\/wp\/v2\/product_cat?post=570956"},{"taxonomy":"product_tag","embeddable":true,"href":"https:\/\/www.tomhemps.com\/pt-pt\/wp-json\/wp\/v2\/product_tag?post=570956"}],"curies":[{"name":"wp","href":"https:\/\/api.w.org\/{rel}","templated":true}]}}