{"id":592756,"date":"2023-10-18T18:10:38","date_gmt":"2023-10-18T16:10:38","guid":{"rendered":"https:\/\/www.tomhemps.com\/product\/cbd-blueten-pre-roll-4er-pack-420-mix\/"},"modified":"2023-11-14T13:19:02","modified_gmt":"2023-11-14T12:19:02","slug":"cbd-flower-pre-roll-pack-of-4-420-mix","status":"publish","type":"product","link":"https:\/\/www.tomhemps.com\/pt-pt\/prp\/cbd-flower-pre-roll-pack-of-4-420-mix\/","title":{"rendered":"CBD FLOWER PRE-ROLL Pack of 4 420 Mix"},"content":{"rendered":"","protected":false},"excerpt":{"rendered":"<p><span style=\"font-weight: 400;\">Roll up your sleeves, because with Tom Hemp&#8217;s CBD Pre-Roll Set of 4, the rest is already bagged and ready to go. Our 420 Mix is the rock star when it comes to variety, and with these 0.65g filled crones, you&#8217;ll experience the CBD flower extravaganza. Our buds have been handpicked, carefully sifted, and gently crushed. And the best part? They come in a reusable sleeve, ready to enhance your everyday life. Welcome to the world of 420 Mix, where convenience and quality go hand in hand &#8211; pure CBD flower magic in a pocket size.<\/span><\/p>\n","protected":false},"featured_media":591181,"comment_status":"open","ping_status":"closed","template":"","meta":{"_acf_changed":false},"product_cat":[5004,1090,1151],"product_tag":[],"acf":[],"yoast_head":"<!-- This site is optimized with the Yoast SEO Premium plugin v22.8 (Yoast SEO v22.8) - https:\/\/yoast.com\/wordpress\/plugins\/seo\/ -->\n<title>CBD BL\u00dcTEN PRE-ROLL Pack of 4 420 Mix | Tom Hemp&#039;s<\/title>\n<meta name=\"description\" content=\"CBD Bl\u00fcten Pre-Roll Packung 420 Mix, gemacht f\u00fcr Bequemlichkeit. Unser 420 Mix ist der Rockstar in Sachen Vielfalt und Klasse.\" \/>\n<meta name=\"robots\" content=\"index, follow, max-snippet:-1, max-image-preview:large, max-video-preview:-1\" \/>\n<link rel=\"canonical\" href=\"https:\/\/www.tomhemps.com\/pt-pt\/prp\/cbd-flower-pre-roll-pack-of-4-420-mix\/\" \/>\n<meta property=\"og:locale\" content=\"pt_PT\" \/>\n<meta property=\"og:type\" content=\"article\" \/>\n<meta property=\"og:title\" content=\"CBD FLOWER PRE-ROLL Pack of 4 420 Mix\" \/>\n<meta property=\"og:description\" content=\"CBD Bl\u00fcten Pre-Roll Packung 420 Mix, gemacht f\u00fcr Bequemlichkeit. Unser 420 Mix ist der Rockstar in Sachen Vielfalt und Klasse.\" \/>\n<meta property=\"og:url\" content=\"https:\/\/www.tomhemps.com\/pt-pt\/prp\/cbd-flower-pre-roll-pack-of-4-420-mix\/\" \/>\n<meta property=\"og:site_name\" content=\"Your CBD Shop | Your CBD Brand | born in Berlin\" \/>\n<meta property=\"article:publisher\" content=\"https:\/\/www.facebook.com\/tomhempsberlin\/\" \/>\n<meta property=\"article:modified_time\" content=\"2023-11-14T12:19:02+00:00\" \/>\n<meta property=\"og:image\" content=\"https:\/\/www.tomhemps.com\/wp-content\/uploads\/2022\/11\/TH-products-680x850-Pre-roll-mini-420-1.png\" \/>\n\t<meta property=\"og:image:width\" content=\"680\" \/>\n\t<meta property=\"og:image:height\" content=\"850\" \/>\n\t<meta property=\"og:image:type\" content=\"image\/png\" \/>\n<meta name=\"twitter:card\" content=\"summary_large_image\" \/>\n<script type=\"application\/ld+json\" class=\"yoast-schema-graph\">{\"@context\":\"https:\/\/schema.org\",\"@graph\":[{\"@type\":\"WebPage\",\"@id\":\"https:\/\/www.tomhemps.com\/pt-pt\/prp\/cbd-flower-pre-roll-pack-of-4-420-mix\/\",\"url\":\"https:\/\/www.tomhemps.com\/pt-pt\/prp\/cbd-flower-pre-roll-pack-of-4-420-mix\/\",\"name\":\"CBD BL\u00dcTEN PRE-ROLL Pack of 4 420 Mix | Tom Hemp's\",\"isPartOf\":{\"@id\":\"https:\/\/www.tomhemps.com\/pt-pt\/#website\"},\"primaryImageOfPage\":{\"@id\":\"https:\/\/www.tomhemps.com\/pt-pt\/prp\/cbd-flower-pre-roll-pack-of-4-420-mix\/#primaryimage\"},\"image\":{\"@id\":\"https:\/\/www.tomhemps.com\/pt-pt\/prp\/cbd-flower-pre-roll-pack-of-4-420-mix\/#primaryimage\"},\"thumbnailUrl\":\"https:\/\/www.tomhemps.com\/wp-content\/uploads\/2022\/11\/TH-products-680x850-Pre-roll-mini-420-1.png\",\"datePublished\":\"2023-10-18T16:10:38+00:00\",\"dateModified\":\"2023-11-14T12:19:02+00:00\",\"description\":\"CBD Bl\u00fcten Pre-Roll Packung 420 Mix, gemacht f\u00fcr Bequemlichkeit. Unser 420 Mix ist der Rockstar in Sachen Vielfalt und Klasse.\",\"breadcrumb\":{\"@id\":\"https:\/\/www.tomhemps.com\/pt-pt\/prp\/cbd-flower-pre-roll-pack-of-4-420-mix\/#breadcrumb\"},\"inLanguage\":\"pt-PT\",\"potentialAction\":[{\"@type\":\"ReadAction\",\"target\":[\"https:\/\/www.tomhemps.com\/pt-pt\/prp\/cbd-flower-pre-roll-pack-of-4-420-mix\/\"]}]},{\"@type\":\"ImageObject\",\"inLanguage\":\"pt-PT\",\"@id\":\"https:\/\/www.tomhemps.com\/pt-pt\/prp\/cbd-flower-pre-roll-pack-of-4-420-mix\/#primaryimage\",\"url\":\"https:\/\/www.tomhemps.com\/wp-content\/uploads\/2022\/11\/TH-products-680x850-Pre-roll-mini-420-1.png\",\"contentUrl\":\"https:\/\/www.tomhemps.com\/wp-content\/uploads\/2022\/11\/TH-products-680x850-Pre-roll-mini-420-1.png\",\"width\":680,\"height\":850,\"caption\":\"Teste die erlesenen Kompositionen von Tom Hemp's und finde deinen Favoriten!\"},{\"@type\":\"BreadcrumbList\",\"@id\":\"https:\/\/www.tomhemps.com\/pt-pt\/prp\/cbd-flower-pre-roll-pack-of-4-420-mix\/#breadcrumb\",\"itemListElement\":[{\"@type\":\"ListItem\",\"position\":1,\"name\":\"Startseite\",\"item\":\"https:\/\/www.tomhemps.com\/pt-pt\/\"},{\"@type\":\"ListItem\",\"position\":2,\"name\":\"Shop\",\"item\":\"https:\/\/www.tomhemps.com\/pt-pt\/shop\/\"},{\"@type\":\"ListItem\",\"position\":3,\"name\":\"CBD FLOWER PRE-ROLL Pack of 4 420 Mix\"}]},{\"@type\":\"WebSite\",\"@id\":\"https:\/\/www.tomhemps.com\/pt-pt\/#website\",\"url\":\"https:\/\/www.tomhemps.com\/pt-pt\/\",\"name\":\"Your CBD Shop | Your CBD Brand | born in Berlin\",\"description\":\"CBD Shop Berlin\",\"publisher\":{\"@id\":\"https:\/\/www.tomhemps.com\/pt-pt\/#organization\"},\"potentialAction\":[{\"@type\":\"SearchAction\",\"target\":{\"@type\":\"EntryPoint\",\"urlTemplate\":\"https:\/\/www.tomhemps.com\/pt-pt\/?s={search_term_string}\"},\"query-input\":\"required name=search_term_string\"}],\"inLanguage\":\"pt-PT\"},{\"@type\":\"Organization\",\"@id\":\"https:\/\/www.tomhemps.com\/pt-pt\/#organization\",\"name\":\"Tom Hemp's CBD Shop\",\"alternateName\":\"Tom Hemp's Berlin\",\"url\":\"https:\/\/www.tomhemps.com\/pt-pt\/\",\"logo\":{\"@type\":\"ImageObject\",\"inLanguage\":\"pt-PT\",\"@id\":\"https:\/\/www.tomhemps.com\/pt-pt\/#\/schema\/logo\/image\/\",\"url\":\"https:\/\/www.tomhemps.com\/wp-content\/uploads\/2019\/04\/Logo-2019-e1581413011332.jpg\",\"contentUrl\":\"https:\/\/www.tomhemps.com\/wp-content\/uploads\/2019\/04\/Logo-2019-e1581413011332.jpg\",\"width\":460,\"height\":153,\"caption\":\"Tom Hemp's CBD Shop\"},\"image\":{\"@id\":\"https:\/\/www.tomhemps.com\/pt-pt\/#\/schema\/logo\/image\/\"},\"sameAs\":[\"https:\/\/www.facebook.com\/tomhempsberlin\/\",\"https:\/\/www.instagram.com\/tomhemps_cbd\/\",\"https:\/\/www.youtube.com\/channel\/UCbGxDacLx_DRKyder_zVoNw\"]}]}<\/script>\n<!-- \/ Yoast SEO Premium plugin. -->","yoast_head_json":{"title":"CBD BL\u00dcTEN PRE-ROLL Pack of 4 420 Mix | Tom Hemp's","description":"CBD Bl\u00fcten Pre-Roll Packung 420 Mix, gemacht f\u00fcr Bequemlichkeit. Unser 420 Mix ist der Rockstar in Sachen Vielfalt und Klasse.","robots":{"index":"index","follow":"follow","max-snippet":"max-snippet:-1","max-image-preview":"max-image-preview:large","max-video-preview":"max-video-preview:-1"},"canonical":"https:\/\/www.tomhemps.com\/pt-pt\/prp\/cbd-flower-pre-roll-pack-of-4-420-mix\/","og_locale":"pt_PT","og_type":"article","og_title":"CBD FLOWER PRE-ROLL Pack of 4 420 Mix","og_description":"CBD Bl\u00fcten Pre-Roll Packung 420 Mix, gemacht f\u00fcr Bequemlichkeit. Unser 420 Mix ist der Rockstar in Sachen Vielfalt und Klasse.","og_url":"https:\/\/www.tomhemps.com\/pt-pt\/prp\/cbd-flower-pre-roll-pack-of-4-420-mix\/","og_site_name":"Your CBD Shop | Your CBD Brand | born in Berlin","article_publisher":"https:\/\/www.facebook.com\/tomhempsberlin\/","article_modified_time":"2023-11-14T12:19:02+00:00","og_image":[{"width":680,"height":850,"url":"https:\/\/www.tomhemps.com\/wp-content\/uploads\/2022\/11\/TH-products-680x850-Pre-roll-mini-420-1.png","type":"image\/png"}],"twitter_card":"summary_large_image","schema":{"@context":"https:\/\/schema.org","@graph":[{"@type":"WebPage","@id":"https:\/\/www.tomhemps.com\/pt-pt\/prp\/cbd-flower-pre-roll-pack-of-4-420-mix\/","url":"https:\/\/www.tomhemps.com\/pt-pt\/prp\/cbd-flower-pre-roll-pack-of-4-420-mix\/","name":"CBD BL\u00dcTEN PRE-ROLL Pack of 4 420 Mix | Tom Hemp's","isPartOf":{"@id":"https:\/\/www.tomhemps.com\/pt-pt\/#website"},"primaryImageOfPage":{"@id":"https:\/\/www.tomhemps.com\/pt-pt\/prp\/cbd-flower-pre-roll-pack-of-4-420-mix\/#primaryimage"},"image":{"@id":"https:\/\/www.tomhemps.com\/pt-pt\/prp\/cbd-flower-pre-roll-pack-of-4-420-mix\/#primaryimage"},"thumbnailUrl":"https:\/\/www.tomhemps.com\/wp-content\/uploads\/2022\/11\/TH-products-680x850-Pre-roll-mini-420-1.png","datePublished":"2023-10-18T16:10:38+00:00","dateModified":"2023-11-14T12:19:02+00:00","description":"CBD Bl\u00fcten Pre-Roll Packung 420 Mix, gemacht f\u00fcr Bequemlichkeit. Unser 420 Mix ist der Rockstar in Sachen Vielfalt und Klasse.","breadcrumb":{"@id":"https:\/\/www.tomhemps.com\/pt-pt\/prp\/cbd-flower-pre-roll-pack-of-4-420-mix\/#breadcrumb"},"inLanguage":"pt-PT","potentialAction":[{"@type":"ReadAction","target":["https:\/\/www.tomhemps.com\/pt-pt\/prp\/cbd-flower-pre-roll-pack-of-4-420-mix\/"]}]},{"@type":"ImageObject","inLanguage":"pt-PT","@id":"https:\/\/www.tomhemps.com\/pt-pt\/prp\/cbd-flower-pre-roll-pack-of-4-420-mix\/#primaryimage","url":"https:\/\/www.tomhemps.com\/wp-content\/uploads\/2022\/11\/TH-products-680x850-Pre-roll-mini-420-1.png","contentUrl":"https:\/\/www.tomhemps.com\/wp-content\/uploads\/2022\/11\/TH-products-680x850-Pre-roll-mini-420-1.png","width":680,"height":850,"caption":"Teste die erlesenen Kompositionen von Tom Hemp's und finde deinen Favoriten!"},{"@type":"BreadcrumbList","@id":"https:\/\/www.tomhemps.com\/pt-pt\/prp\/cbd-flower-pre-roll-pack-of-4-420-mix\/#breadcrumb","itemListElement":[{"@type":"ListItem","position":1,"name":"Startseite","item":"https:\/\/www.tomhemps.com\/pt-pt\/"},{"@type":"ListItem","position":2,"name":"Shop","item":"https:\/\/www.tomhemps.com\/pt-pt\/shop\/"},{"@type":"ListItem","position":3,"name":"CBD FLOWER PRE-ROLL Pack of 4 420 Mix"}]},{"@type":"WebSite","@id":"https:\/\/www.tomhemps.com\/pt-pt\/#website","url":"https:\/\/www.tomhemps.com\/pt-pt\/","name":"Your CBD Shop | Your CBD Brand | born in Berlin","description":"CBD Shop Berlin","publisher":{"@id":"https:\/\/www.tomhemps.com\/pt-pt\/#organization"},"potentialAction":[{"@type":"SearchAction","target":{"@type":"EntryPoint","urlTemplate":"https:\/\/www.tomhemps.com\/pt-pt\/?s={search_term_string}"},"query-input":"required name=search_term_string"}],"inLanguage":"pt-PT"},{"@type":"Organization","@id":"https:\/\/www.tomhemps.com\/pt-pt\/#organization","name":"Tom Hemp's CBD Shop","alternateName":"Tom Hemp's Berlin","url":"https:\/\/www.tomhemps.com\/pt-pt\/","logo":{"@type":"ImageObject","inLanguage":"pt-PT","@id":"https:\/\/www.tomhemps.com\/pt-pt\/#\/schema\/logo\/image\/","url":"https:\/\/www.tomhemps.com\/wp-content\/uploads\/2019\/04\/Logo-2019-e1581413011332.jpg","contentUrl":"https:\/\/www.tomhemps.com\/wp-content\/uploads\/2019\/04\/Logo-2019-e1581413011332.jpg","width":460,"height":153,"caption":"Tom Hemp's CBD Shop"},"image":{"@id":"https:\/\/www.tomhemps.com\/pt-pt\/#\/schema\/logo\/image\/"},"sameAs":["https:\/\/www.facebook.com\/tomhempsberlin\/","https:\/\/www.instagram.com\/tomhemps_cbd\/","https:\/\/www.youtube.com\/channel\/UCbGxDacLx_DRKyder_zVoNw"]}]}},"fields":{"smoking_product":true,"pi_hd":false,"pi_hm":false,"pi_dd":false,"pi_tot":"CONTE\u00daDO","pi_to":"<p>4 Pre-Roll Cones \u00e0 0.65g getrimmte CBD Bl\u00fcten 420 Mix.<\/p>\n<p>CBD 3 \u2013 6%<br \/>\nTHC &lt; 0,2 %<\/p>\n","pi_tst":"AVISO","pi_ts":"<p>The product is designated exclusively for commercial, technical and scientific use. Store out of reach of children. Product may not be transported abroad. The ingestion and smoking of this product are strictly prohibited. These processed European industrial hemp flowers contain less than 0,2% THC. The product name bears no significance or context to other products and is solely used for marketing purposes.<\/p>\n<p>The flowers may differ in color from the pictures shown, depending on the harvest.<\/p>\n","pi_t":530167},"_links":{"self":[{"href":"https:\/\/www.tomhemps.com\/pt-pt\/wp-json\/wp\/v2\/product\/592756"}],"collection":[{"href":"https:\/\/www.tomhemps.com\/pt-pt\/wp-json\/wp\/v2\/product"}],"about":[{"href":"https:\/\/www.tomhemps.com\/pt-pt\/wp-json\/wp\/v2\/types\/product"}],"replies":[{"embeddable":true,"href":"https:\/\/www.tomhemps.com\/pt-pt\/wp-json\/wp\/v2\/comments?post=592756"}],"wp:featuredmedia":[{"embeddable":true,"href":"https:\/\/www.tomhemps.com\/pt-pt\/wp-json\/wp\/v2\/media\/591181"}],"wp:attachment":[{"href":"https:\/\/www.tomhemps.com\/pt-pt\/wp-json\/wp\/v2\/media?parent=592756"}],"wp:term":[{"taxonomy":"product_cat","embeddable":true,"href":"https:\/\/www.tomhemps.com\/pt-pt\/wp-json\/wp\/v2\/product_cat?post=592756"},{"taxonomy":"product_tag","embeddable":true,"href":"https:\/\/www.tomhemps.com\/pt-pt\/wp-json\/wp\/v2\/product_tag?post=592756"}],"curies":[{"name":"wp","href":"https:\/\/api.w.org\/{rel}","templated":true}]}}