{"id":593666,"date":"2023-11-14T16:12:12","date_gmt":"2023-11-27T12:15:46","guid":{"rendered":"https:\/\/www.tomhemps.com\/?post_type=product&#038;p=593666"},"modified":"2023-11-27T14:37:37","modified_gmt":"2023-11-27T13:37:37","slug":"grove-terploc-opaque-pouch-pt","status":"publish","type":"product","link":"https:\/\/www.tomhemps.com\/pt-pt\/prp\/grove-terploc-opaque-pouch-pt\/","title":{"rendered":"Grove TerpLoc\u00ae Opaque Pouch"},"content":{"rendered":"","protected":false},"excerpt":{"rendered":"<p><span style=\"font-weight: 400;\">Especialmente desenvolvidadas paras as necessidades exigentes das ervas, estas bolsas o conte\u00fado afastado do bolor e protegem os terpenos. Assim a erva mantem-se na sua melhor forma. Fecha bem a bolsa e v\u00ea com os teus pr\u00f3prios olhos a magia a acontecer. Estas bolsas filtram os gases e a humidade indesejados a asseguram uma humidade \u00f3tima entre 58 e 62%. Aqui n\u00e3o se trata apenas de frescura, mas tamb\u00e9m de prevenir a oxida\u00e7\u00e3o e otimizar a prote\u00e7\u00e3o UV.<\/span><\/p>\n","protected":false},"featured_media":593648,"comment_status":"open","ping_status":"closed","template":"","meta":{"_acf_changed":false},"product_cat":[2839],"product_tag":[],"acf":[],"yoast_head":"<!-- This site is optimized with the Yoast SEO Premium plugin v22.8 (Yoast SEO v22.8) - https:\/\/yoast.com\/wordpress\/plugins\/seo\/ -->\n<title>Grove TerpLoc\u00ae Opaque Pouch<\/title>\n<meta name=\"description\" content=\"Bolsas Grove com tecnologia TerpLoc para armazenar ervas\" \/>\n<meta name=\"robots\" content=\"index, follow, max-snippet:-1, max-image-preview:large, max-video-preview:-1\" \/>\n<link rel=\"canonical\" href=\"https:\/\/www.tomhemps.com\/pt-pt\/prp\/grove-terploc-opaque-pouch-pt\/\" \/>\n<meta property=\"og:locale\" content=\"pt_PT\" \/>\n<meta property=\"og:type\" content=\"article\" \/>\n<meta property=\"og:title\" content=\"Grove TerpLoc\u00ae Opaque Pouch\" \/>\n<meta property=\"og:description\" content=\"Bolsas Grove com tecnologia TerpLoc para armazenar ervas\" \/>\n<meta property=\"og:url\" content=\"https:\/\/www.tomhemps.com\/pt-pt\/prp\/grove-terploc-opaque-pouch-pt\/\" \/>\n<meta property=\"og:site_name\" content=\"Your CBD Shop | Your CBD Brand | born in Berlin\" \/>\n<meta property=\"article:publisher\" content=\"https:\/\/www.facebook.com\/tomhempsberlin\/\" \/>\n<meta property=\"article:modified_time\" content=\"2023-11-27T13:37:37+00:00\" \/>\n<meta property=\"og:image\" content=\"https:\/\/www.tomhemps.com\/wp-content\/uploads\/2023\/11\/Opaque-250g-Mockup-FRONT-60025_1.png\" \/>\n\t<meta property=\"og:image:width\" content=\"2387\" \/>\n\t<meta property=\"og:image:height\" content=\"1875\" \/>\n\t<meta property=\"og:image:type\" content=\"image\/png\" \/>\n<meta name=\"twitter:card\" content=\"summary_large_image\" \/>\n<script type=\"application\/ld+json\" class=\"yoast-schema-graph\">{\"@context\":\"https:\/\/schema.org\",\"@graph\":[{\"@type\":\"WebPage\",\"@id\":\"https:\/\/www.tomhemps.com\/pt-pt\/prp\/grove-terploc-opaque-pouch-pt\/\",\"url\":\"https:\/\/www.tomhemps.com\/pt-pt\/prp\/grove-terploc-opaque-pouch-pt\/\",\"name\":\"Grove TerpLoc\u00ae Opaque Pouch\",\"isPartOf\":{\"@id\":\"https:\/\/www.tomhemps.com\/pt-pt\/#website\"},\"primaryImageOfPage\":{\"@id\":\"https:\/\/www.tomhemps.com\/pt-pt\/prp\/grove-terploc-opaque-pouch-pt\/#primaryimage\"},\"image\":{\"@id\":\"https:\/\/www.tomhemps.com\/pt-pt\/prp\/grove-terploc-opaque-pouch-pt\/#primaryimage\"},\"thumbnailUrl\":\"https:\/\/www.tomhemps.com\/wp-content\/uploads\/2023\/11\/Opaque-250g-Mockup-FRONT-60025_1.png\",\"datePublished\":\"2023-11-27T12:15:46+00:00\",\"dateModified\":\"2023-11-27T13:37:37+00:00\",\"description\":\"Bolsas Grove com tecnologia TerpLoc para armazenar ervas\",\"breadcrumb\":{\"@id\":\"https:\/\/www.tomhemps.com\/pt-pt\/prp\/grove-terploc-opaque-pouch-pt\/#breadcrumb\"},\"inLanguage\":\"pt-PT\",\"potentialAction\":[{\"@type\":\"ReadAction\",\"target\":[\"https:\/\/www.tomhemps.com\/pt-pt\/prp\/grove-terploc-opaque-pouch-pt\/\"]}]},{\"@type\":\"ImageObject\",\"inLanguage\":\"pt-PT\",\"@id\":\"https:\/\/www.tomhemps.com\/pt-pt\/prp\/grove-terploc-opaque-pouch-pt\/#primaryimage\",\"url\":\"https:\/\/www.tomhemps.com\/wp-content\/uploads\/2023\/11\/Opaque-250g-Mockup-FRONT-60025_1.png\",\"contentUrl\":\"https:\/\/www.tomhemps.com\/wp-content\/uploads\/2023\/11\/Opaque-250g-Mockup-FRONT-60025_1.png\",\"width\":2387,\"height\":1875,\"caption\":\"Opaque 250g Mockup Front (60025 1)\"},{\"@type\":\"BreadcrumbList\",\"@id\":\"https:\/\/www.tomhemps.com\/pt-pt\/prp\/grove-terploc-opaque-pouch-pt\/#breadcrumb\",\"itemListElement\":[{\"@type\":\"ListItem\",\"position\":1,\"name\":\"Startseite\",\"item\":\"https:\/\/www.tomhemps.com\/pt-pt\/\"},{\"@type\":\"ListItem\",\"position\":2,\"name\":\"Shop\",\"item\":\"https:\/\/www.tomhemps.com\/pt-pt\/shop\/\"},{\"@type\":\"ListItem\",\"position\":3,\"name\":\"Grove TerpLoc\u00ae Opaque Pouch\"}]},{\"@type\":\"WebSite\",\"@id\":\"https:\/\/www.tomhemps.com\/pt-pt\/#website\",\"url\":\"https:\/\/www.tomhemps.com\/pt-pt\/\",\"name\":\"Your CBD Shop | Your CBD Brand | born in Berlin\",\"description\":\"CBD Shop Berlin\",\"publisher\":{\"@id\":\"https:\/\/www.tomhemps.com\/pt-pt\/#organization\"},\"potentialAction\":[{\"@type\":\"SearchAction\",\"target\":{\"@type\":\"EntryPoint\",\"urlTemplate\":\"https:\/\/www.tomhemps.com\/pt-pt\/?s={search_term_string}\"},\"query-input\":\"required name=search_term_string\"}],\"inLanguage\":\"pt-PT\"},{\"@type\":\"Organization\",\"@id\":\"https:\/\/www.tomhemps.com\/pt-pt\/#organization\",\"name\":\"Tom Hemp's CBD Shop\",\"alternateName\":\"Tom Hemp's Berlin\",\"url\":\"https:\/\/www.tomhemps.com\/pt-pt\/\",\"logo\":{\"@type\":\"ImageObject\",\"inLanguage\":\"pt-PT\",\"@id\":\"https:\/\/www.tomhemps.com\/pt-pt\/#\/schema\/logo\/image\/\",\"url\":\"https:\/\/www.tomhemps.com\/wp-content\/uploads\/2019\/04\/Logo-2019-e1581413011332.jpg\",\"contentUrl\":\"https:\/\/www.tomhemps.com\/wp-content\/uploads\/2019\/04\/Logo-2019-e1581413011332.jpg\",\"width\":460,\"height\":153,\"caption\":\"Tom Hemp's CBD Shop\"},\"image\":{\"@id\":\"https:\/\/www.tomhemps.com\/pt-pt\/#\/schema\/logo\/image\/\"},\"sameAs\":[\"https:\/\/www.facebook.com\/tomhempsberlin\/\",\"https:\/\/www.instagram.com\/tomhemps_cbd\/\",\"https:\/\/www.youtube.com\/channel\/UCbGxDacLx_DRKyder_zVoNw\"]}]}<\/script>\n<!-- \/ Yoast SEO Premium plugin. -->","yoast_head_json":{"title":"Grove TerpLoc\u00ae Opaque Pouch","description":"Bolsas Grove com tecnologia TerpLoc para armazenar ervas","robots":{"index":"index","follow":"follow","max-snippet":"max-snippet:-1","max-image-preview":"max-image-preview:large","max-video-preview":"max-video-preview:-1"},"canonical":"https:\/\/www.tomhemps.com\/pt-pt\/prp\/grove-terploc-opaque-pouch-pt\/","og_locale":"pt_PT","og_type":"article","og_title":"Grove TerpLoc\u00ae Opaque Pouch","og_description":"Bolsas Grove com tecnologia TerpLoc para armazenar ervas","og_url":"https:\/\/www.tomhemps.com\/pt-pt\/prp\/grove-terploc-opaque-pouch-pt\/","og_site_name":"Your CBD Shop | Your CBD Brand | born in Berlin","article_publisher":"https:\/\/www.facebook.com\/tomhempsberlin\/","article_modified_time":"2023-11-27T13:37:37+00:00","og_image":[{"width":2387,"height":1875,"url":"https:\/\/www.tomhemps.com\/wp-content\/uploads\/2023\/11\/Opaque-250g-Mockup-FRONT-60025_1.png","type":"image\/png"}],"twitter_card":"summary_large_image","schema":{"@context":"https:\/\/schema.org","@graph":[{"@type":"WebPage","@id":"https:\/\/www.tomhemps.com\/pt-pt\/prp\/grove-terploc-opaque-pouch-pt\/","url":"https:\/\/www.tomhemps.com\/pt-pt\/prp\/grove-terploc-opaque-pouch-pt\/","name":"Grove TerpLoc\u00ae Opaque Pouch","isPartOf":{"@id":"https:\/\/www.tomhemps.com\/pt-pt\/#website"},"primaryImageOfPage":{"@id":"https:\/\/www.tomhemps.com\/pt-pt\/prp\/grove-terploc-opaque-pouch-pt\/#primaryimage"},"image":{"@id":"https:\/\/www.tomhemps.com\/pt-pt\/prp\/grove-terploc-opaque-pouch-pt\/#primaryimage"},"thumbnailUrl":"https:\/\/www.tomhemps.com\/wp-content\/uploads\/2023\/11\/Opaque-250g-Mockup-FRONT-60025_1.png","datePublished":"2023-11-27T12:15:46+00:00","dateModified":"2023-11-27T13:37:37+00:00","description":"Bolsas Grove com tecnologia TerpLoc para armazenar ervas","breadcrumb":{"@id":"https:\/\/www.tomhemps.com\/pt-pt\/prp\/grove-terploc-opaque-pouch-pt\/#breadcrumb"},"inLanguage":"pt-PT","potentialAction":[{"@type":"ReadAction","target":["https:\/\/www.tomhemps.com\/pt-pt\/prp\/grove-terploc-opaque-pouch-pt\/"]}]},{"@type":"ImageObject","inLanguage":"pt-PT","@id":"https:\/\/www.tomhemps.com\/pt-pt\/prp\/grove-terploc-opaque-pouch-pt\/#primaryimage","url":"https:\/\/www.tomhemps.com\/wp-content\/uploads\/2023\/11\/Opaque-250g-Mockup-FRONT-60025_1.png","contentUrl":"https:\/\/www.tomhemps.com\/wp-content\/uploads\/2023\/11\/Opaque-250g-Mockup-FRONT-60025_1.png","width":2387,"height":1875,"caption":"Opaque 250g Mockup Front (60025 1)"},{"@type":"BreadcrumbList","@id":"https:\/\/www.tomhemps.com\/pt-pt\/prp\/grove-terploc-opaque-pouch-pt\/#breadcrumb","itemListElement":[{"@type":"ListItem","position":1,"name":"Startseite","item":"https:\/\/www.tomhemps.com\/pt-pt\/"},{"@type":"ListItem","position":2,"name":"Shop","item":"https:\/\/www.tomhemps.com\/pt-pt\/shop\/"},{"@type":"ListItem","position":3,"name":"Grove TerpLoc\u00ae Opaque Pouch"}]},{"@type":"WebSite","@id":"https:\/\/www.tomhemps.com\/pt-pt\/#website","url":"https:\/\/www.tomhemps.com\/pt-pt\/","name":"Your CBD Shop | Your CBD Brand | born in Berlin","description":"CBD Shop Berlin","publisher":{"@id":"https:\/\/www.tomhemps.com\/pt-pt\/#organization"},"potentialAction":[{"@type":"SearchAction","target":{"@type":"EntryPoint","urlTemplate":"https:\/\/www.tomhemps.com\/pt-pt\/?s={search_term_string}"},"query-input":"required name=search_term_string"}],"inLanguage":"pt-PT"},{"@type":"Organization","@id":"https:\/\/www.tomhemps.com\/pt-pt\/#organization","name":"Tom Hemp's CBD Shop","alternateName":"Tom Hemp's Berlin","url":"https:\/\/www.tomhemps.com\/pt-pt\/","logo":{"@type":"ImageObject","inLanguage":"pt-PT","@id":"https:\/\/www.tomhemps.com\/pt-pt\/#\/schema\/logo\/image\/","url":"https:\/\/www.tomhemps.com\/wp-content\/uploads\/2019\/04\/Logo-2019-e1581413011332.jpg","contentUrl":"https:\/\/www.tomhemps.com\/wp-content\/uploads\/2019\/04\/Logo-2019-e1581413011332.jpg","width":460,"height":153,"caption":"Tom Hemp's CBD Shop"},"image":{"@id":"https:\/\/www.tomhemps.com\/pt-pt\/#\/schema\/logo\/image\/"},"sameAs":["https:\/\/www.facebook.com\/tomhempsberlin\/","https:\/\/www.instagram.com\/tomhemps_cbd\/","https:\/\/www.youtube.com\/channel\/UCbGxDacLx_DRKyder_zVoNw"]}]}},"fields":{"pi_t":false,"pi_hd":false,"pi_hm":false,"smoking_product":false,"pi_tot":"O QUE CONT\u00c9M","pi_to":"<ul>\n<li><span style=\"font-weight: 400;\">Bolsa preta Grove 30g 19 x 14 cm<\/span><\/li>\n<li><span style=\"font-weight: 400;\">M\u00e1xima prote\u00e7\u00e3o TerpLoc\u00ae\u00a0<\/span><\/li>\n<li><span style=\"font-weight: 400;\">Fecho dur\u00e1vel OU resistente a crian\u00e7as<\/span><\/li>\n<li><span style=\"font-weight: 400;\">Cura sem entupir o ar\u00a0<\/span><\/li>\n<li><span style=\"font-weight: 400;\">Fundo largo e refor\u00e7ado para evitar deforma\u00e7\u00e3o dos produtos\u00a0<\/span><\/li>\n<li><span style=\"font-weight: 400;\">Design reutiliz\u00e1vel e recicl\u00e1vel<\/span><\/li>\n<\/ul>\n","pi_tst":"COMO FUNCIONA","pi_ts":"<p><span style=\"font-weight: 400;\">No momento em que o teu produto entra na bolsa, a pel\u00edcula TerpLoc\u00ae entra em a\u00e7\u00e3o e regula a humidade, levando o teu produto a atingir o seu potencial. J\u00e1 n\u00e3o te tens que preocupar com a frescura durante o armazenamento. As bolsas tem tudo controlado. TerpLoc\u00ae &#8211; o verdadeiro protetor dos teus produtos.<\/span><\/p>\n","pi_dd":593648},"_links":{"self":[{"href":"https:\/\/www.tomhemps.com\/pt-pt\/wp-json\/wp\/v2\/product\/593666"}],"collection":[{"href":"https:\/\/www.tomhemps.com\/pt-pt\/wp-json\/wp\/v2\/product"}],"about":[{"href":"https:\/\/www.tomhemps.com\/pt-pt\/wp-json\/wp\/v2\/types\/product"}],"replies":[{"embeddable":true,"href":"https:\/\/www.tomhemps.com\/pt-pt\/wp-json\/wp\/v2\/comments?post=593666"}],"wp:featuredmedia":[{"embeddable":true,"href":"https:\/\/www.tomhemps.com\/pt-pt\/wp-json\/wp\/v2\/media\/593648"}],"wp:attachment":[{"href":"https:\/\/www.tomhemps.com\/pt-pt\/wp-json\/wp\/v2\/media?parent=593666"}],"wp:term":[{"taxonomy":"product_cat","embeddable":true,"href":"https:\/\/www.tomhemps.com\/pt-pt\/wp-json\/wp\/v2\/product_cat?post=593666"},{"taxonomy":"product_tag","embeddable":true,"href":"https:\/\/www.tomhemps.com\/pt-pt\/wp-json\/wp\/v2\/product_tag?post=593666"}],"curies":[{"name":"wp","href":"https:\/\/api.w.org\/{rel}","templated":true}]}}