{"id":628925,"date":"2025-01-20T22:47:32","date_gmt":"2025-01-20T21:47:34","guid":{"rendered":"https:\/\/www.tomhemps.com\/?post_type=product&#038;p=628925"},"modified":"2026-03-31T14:50:44","modified_gmt":"2026-03-31T12:50:44","slug":"cbd-wax-vape-purpleberry","status":"publish","type":"product","link":"https:\/\/www.tomhemps.com\/pt-pt\/prp\/cbd-wax-vape-purpleberry\/","title":{"rendered":"Caneta de cera CBD Purpleberry"},"content":{"rendered":"","protected":false},"excerpt":{"rendered":"<p>O <strong>CBD Wax Vape Pen Purpleberry<\/strong> \u00e9 um vaporizador tudo-em-um pr\u00e9-carregado com extrato puro de cera de CBD no sabor Purpleberry. Apresenta um design minimalista, complementado por um pr\u00e1tico cartucho de vidro que preserva a pureza da cera de CBD. Este dispositivo oferece uma experi\u00eancia de CBD elegante e simples. Al\u00e9m do sabor doce de frutas vermelhas do Purpleberry, o CBD Wax Vape Pen tamb\u00e9m est\u00e1 dispon\u00edvel nos aromas resinosos <a href=\"https:\/\/www.tomhemps.com\/pt-pt\/prp\/cbd-wax-filled-vape-pen\/\">Natural Wax<\/a> e Alien Haze com notas picantes de lim\u00e3o.<\/p>\n","protected":false},"featured_media":628931,"comment_status":"open","ping_status":"closed","template":"","meta":{"_acf_changed":false},"product_cat":[2541,5004,1090],"product_tag":[],"acf":[],"yoast_head":"<!-- This site is optimized with the Yoast SEO Premium plugin v22.8 (Yoast SEO v22.8) - https:\/\/yoast.com\/wordpress\/plugins\/seo\/ -->\n<title>Caneta de cera CBD Purpleberry x Tom Hemp&#039;s<\/title>\n<meta name=\"description\" content=\"All-in-One CBD Wax Vape Pen Purpleberry: Caneta recarreg\u00e1vel com bateria 510 e cera CBD de alta qualidade. F\u00e1cil de utilizar e com um design perfeito.\" \/>\n<meta name=\"robots\" content=\"index, follow, max-snippet:-1, max-image-preview:large, max-video-preview:-1\" \/>\n<link rel=\"canonical\" href=\"https:\/\/www.tomhemps.com\/pt-pt\/prp\/cbd-wax-vape-purpleberry\/\" \/>\n<meta property=\"og:locale\" content=\"pt_PT\" \/>\n<meta property=\"og:type\" content=\"article\" \/>\n<meta property=\"og:title\" content=\"Caneta de cera CBD Purpleberry\" \/>\n<meta property=\"og:description\" content=\"All-in-One CBD Wax Vape Pen Purpleberry: Caneta recarreg\u00e1vel com bateria 510 e cera CBD de alta qualidade. F\u00e1cil de utilizar e com um design perfeito.\" \/>\n<meta property=\"og:url\" content=\"https:\/\/www.tomhemps.com\/pt-pt\/prp\/cbd-wax-vape-purpleberry\/\" \/>\n<meta property=\"og:site_name\" content=\"Your CBD Shop | Your CBD Brand | born in Berlin\" \/>\n<meta property=\"article:publisher\" content=\"https:\/\/www.facebook.com\/tomhempsberlin\/\" \/>\n<meta property=\"article:modified_time\" content=\"2026-03-31T12:50:44+00:00\" \/>\n<meta property=\"og:image\" content=\"https:\/\/www.tomhemps.com\/wp-content\/uploads\/2025\/01\/Tom_Hemps_product_slim_pen_box_purpleberry_3-min.png\" \/>\n\t<meta property=\"og:image:width\" content=\"1780\" \/>\n\t<meta property=\"og:image:height\" content=\"1600\" \/>\n\t<meta property=\"og:image:type\" content=\"image\/png\" \/>\n<meta name=\"twitter:card\" content=\"summary_large_image\" \/>\n<meta name=\"twitter:label1\" content=\"Tempo estimado de leitura\" \/>\n\t<meta name=\"twitter:data1\" content=\"2 minutos\" \/>\n<script type=\"application\/ld+json\" class=\"yoast-schema-graph\">{\"@context\":\"https:\/\/schema.org\",\"@graph\":[{\"@type\":\"WebPage\",\"@id\":\"https:\/\/www.tomhemps.com\/pt-pt\/prp\/cbd-wax-vape-purpleberry\/\",\"url\":\"https:\/\/www.tomhemps.com\/pt-pt\/prp\/cbd-wax-vape-purpleberry\/\",\"name\":\"Caneta de cera CBD Purpleberry x Tom Hemp's\",\"isPartOf\":{\"@id\":\"https:\/\/www.tomhemps.com\/pt-pt\/#website\"},\"primaryImageOfPage\":{\"@id\":\"https:\/\/www.tomhemps.com\/pt-pt\/prp\/cbd-wax-vape-purpleberry\/#primaryimage\"},\"image\":{\"@id\":\"https:\/\/www.tomhemps.com\/pt-pt\/prp\/cbd-wax-vape-purpleberry\/#primaryimage\"},\"thumbnailUrl\":\"https:\/\/www.tomhemps.com\/wp-content\/uploads\/2025\/01\/Tom_Hemps_product_slim_pen_box_purpleberry_3-min.png\",\"datePublished\":\"2025-01-20T21:47:34+00:00\",\"dateModified\":\"2026-03-31T12:50:44+00:00\",\"description\":\"All-in-One CBD Wax Vape Pen Purpleberry: Caneta recarreg\u00e1vel com bateria 510 e cera CBD de alta qualidade. F\u00e1cil de utilizar e com um design perfeito.\",\"breadcrumb\":{\"@id\":\"https:\/\/www.tomhemps.com\/pt-pt\/prp\/cbd-wax-vape-purpleberry\/#breadcrumb\"},\"inLanguage\":\"pt-PT\",\"potentialAction\":[{\"@type\":\"ReadAction\",\"target\":[\"https:\/\/www.tomhemps.com\/pt-pt\/prp\/cbd-wax-vape-purpleberry\/\"]}]},{\"@type\":\"ImageObject\",\"inLanguage\":\"pt-PT\",\"@id\":\"https:\/\/www.tomhemps.com\/pt-pt\/prp\/cbd-wax-vape-purpleberry\/#primaryimage\",\"url\":\"https:\/\/www.tomhemps.com\/wp-content\/uploads\/2025\/01\/Tom_Hemps_product_slim_pen_box_purpleberry_3-min.png\",\"contentUrl\":\"https:\/\/www.tomhemps.com\/wp-content\/uploads\/2025\/01\/Tom_Hemps_product_slim_pen_box_purpleberry_3-min.png\",\"width\":1780,\"height\":1600},{\"@type\":\"BreadcrumbList\",\"@id\":\"https:\/\/www.tomhemps.com\/pt-pt\/prp\/cbd-wax-vape-purpleberry\/#breadcrumb\",\"itemListElement\":[{\"@type\":\"ListItem\",\"position\":1,\"name\":\"Startseite\",\"item\":\"https:\/\/www.tomhemps.com\/pt-pt\/\"},{\"@type\":\"ListItem\",\"position\":2,\"name\":\"Shop\",\"item\":\"https:\/\/www.tomhemps.com\/pt-pt\/shop\/\"},{\"@type\":\"ListItem\",\"position\":3,\"name\":\"Caneta de cera CBD Purpleberry\"}]},{\"@type\":\"WebSite\",\"@id\":\"https:\/\/www.tomhemps.com\/pt-pt\/#website\",\"url\":\"https:\/\/www.tomhemps.com\/pt-pt\/\",\"name\":\"Your CBD Shop | Your CBD Brand | born in Berlin\",\"description\":\"CBD Shop Berlin\",\"publisher\":{\"@id\":\"https:\/\/www.tomhemps.com\/pt-pt\/#organization\"},\"potentialAction\":[{\"@type\":\"SearchAction\",\"target\":{\"@type\":\"EntryPoint\",\"urlTemplate\":\"https:\/\/www.tomhemps.com\/pt-pt\/?s={search_term_string}\"},\"query-input\":\"required name=search_term_string\"}],\"inLanguage\":\"pt-PT\"},{\"@type\":\"Organization\",\"@id\":\"https:\/\/www.tomhemps.com\/pt-pt\/#organization\",\"name\":\"Tom Hemp's CBD Shop\",\"alternateName\":\"Tom Hemp's Berlin\",\"url\":\"https:\/\/www.tomhemps.com\/pt-pt\/\",\"logo\":{\"@type\":\"ImageObject\",\"inLanguage\":\"pt-PT\",\"@id\":\"https:\/\/www.tomhemps.com\/pt-pt\/#\/schema\/logo\/image\/\",\"url\":\"https:\/\/www.tomhemps.com\/wp-content\/uploads\/2019\/04\/Logo-2019-e1581413011332.jpg\",\"contentUrl\":\"https:\/\/www.tomhemps.com\/wp-content\/uploads\/2019\/04\/Logo-2019-e1581413011332.jpg\",\"width\":460,\"height\":153,\"caption\":\"Tom Hemp's CBD Shop\"},\"image\":{\"@id\":\"https:\/\/www.tomhemps.com\/pt-pt\/#\/schema\/logo\/image\/\"},\"sameAs\":[\"https:\/\/www.facebook.com\/tomhempsberlin\/\",\"https:\/\/www.instagram.com\/tomhemps_cbd\/\",\"https:\/\/www.youtube.com\/channel\/UCbGxDacLx_DRKyder_zVoNw\"]}]}<\/script>\n<!-- \/ Yoast SEO Premium plugin. -->","yoast_head_json":{"title":"Caneta de cera CBD Purpleberry x Tom Hemp's","description":"All-in-One CBD Wax Vape Pen Purpleberry: Caneta recarreg\u00e1vel com bateria 510 e cera CBD de alta qualidade. F\u00e1cil de utilizar e com um design perfeito.","robots":{"index":"index","follow":"follow","max-snippet":"max-snippet:-1","max-image-preview":"max-image-preview:large","max-video-preview":"max-video-preview:-1"},"canonical":"https:\/\/www.tomhemps.com\/pt-pt\/prp\/cbd-wax-vape-purpleberry\/","og_locale":"pt_PT","og_type":"article","og_title":"Caneta de cera CBD Purpleberry","og_description":"All-in-One CBD Wax Vape Pen Purpleberry: Caneta recarreg\u00e1vel com bateria 510 e cera CBD de alta qualidade. F\u00e1cil de utilizar e com um design perfeito.","og_url":"https:\/\/www.tomhemps.com\/pt-pt\/prp\/cbd-wax-vape-purpleberry\/","og_site_name":"Your CBD Shop | Your CBD Brand | born in Berlin","article_publisher":"https:\/\/www.facebook.com\/tomhempsberlin\/","article_modified_time":"2026-03-31T12:50:44+00:00","og_image":[{"width":1780,"height":1600,"url":"https:\/\/www.tomhemps.com\/wp-content\/uploads\/2025\/01\/Tom_Hemps_product_slim_pen_box_purpleberry_3-min.png","type":"image\/png"}],"twitter_card":"summary_large_image","twitter_misc":{"Tempo estimado de leitura":"2 minutos"},"schema":{"@context":"https:\/\/schema.org","@graph":[{"@type":"WebPage","@id":"https:\/\/www.tomhemps.com\/pt-pt\/prp\/cbd-wax-vape-purpleberry\/","url":"https:\/\/www.tomhemps.com\/pt-pt\/prp\/cbd-wax-vape-purpleberry\/","name":"Caneta de cera CBD Purpleberry x Tom Hemp's","isPartOf":{"@id":"https:\/\/www.tomhemps.com\/pt-pt\/#website"},"primaryImageOfPage":{"@id":"https:\/\/www.tomhemps.com\/pt-pt\/prp\/cbd-wax-vape-purpleberry\/#primaryimage"},"image":{"@id":"https:\/\/www.tomhemps.com\/pt-pt\/prp\/cbd-wax-vape-purpleberry\/#primaryimage"},"thumbnailUrl":"https:\/\/www.tomhemps.com\/wp-content\/uploads\/2025\/01\/Tom_Hemps_product_slim_pen_box_purpleberry_3-min.png","datePublished":"2025-01-20T21:47:34+00:00","dateModified":"2026-03-31T12:50:44+00:00","description":"All-in-One CBD Wax Vape Pen Purpleberry: Caneta recarreg\u00e1vel com bateria 510 e cera CBD de alta qualidade. F\u00e1cil de utilizar e com um design perfeito.","breadcrumb":{"@id":"https:\/\/www.tomhemps.com\/pt-pt\/prp\/cbd-wax-vape-purpleberry\/#breadcrumb"},"inLanguage":"pt-PT","potentialAction":[{"@type":"ReadAction","target":["https:\/\/www.tomhemps.com\/pt-pt\/prp\/cbd-wax-vape-purpleberry\/"]}]},{"@type":"ImageObject","inLanguage":"pt-PT","@id":"https:\/\/www.tomhemps.com\/pt-pt\/prp\/cbd-wax-vape-purpleberry\/#primaryimage","url":"https:\/\/www.tomhemps.com\/wp-content\/uploads\/2025\/01\/Tom_Hemps_product_slim_pen_box_purpleberry_3-min.png","contentUrl":"https:\/\/www.tomhemps.com\/wp-content\/uploads\/2025\/01\/Tom_Hemps_product_slim_pen_box_purpleberry_3-min.png","width":1780,"height":1600},{"@type":"BreadcrumbList","@id":"https:\/\/www.tomhemps.com\/pt-pt\/prp\/cbd-wax-vape-purpleberry\/#breadcrumb","itemListElement":[{"@type":"ListItem","position":1,"name":"Startseite","item":"https:\/\/www.tomhemps.com\/pt-pt\/"},{"@type":"ListItem","position":2,"name":"Shop","item":"https:\/\/www.tomhemps.com\/pt-pt\/shop\/"},{"@type":"ListItem","position":3,"name":"Caneta de cera CBD Purpleberry"}]},{"@type":"WebSite","@id":"https:\/\/www.tomhemps.com\/pt-pt\/#website","url":"https:\/\/www.tomhemps.com\/pt-pt\/","name":"Your CBD Shop | Your CBD Brand | born in Berlin","description":"CBD Shop Berlin","publisher":{"@id":"https:\/\/www.tomhemps.com\/pt-pt\/#organization"},"potentialAction":[{"@type":"SearchAction","target":{"@type":"EntryPoint","urlTemplate":"https:\/\/www.tomhemps.com\/pt-pt\/?s={search_term_string}"},"query-input":"required name=search_term_string"}],"inLanguage":"pt-PT"},{"@type":"Organization","@id":"https:\/\/www.tomhemps.com\/pt-pt\/#organization","name":"Tom Hemp's CBD Shop","alternateName":"Tom Hemp's Berlin","url":"https:\/\/www.tomhemps.com\/pt-pt\/","logo":{"@type":"ImageObject","inLanguage":"pt-PT","@id":"https:\/\/www.tomhemps.com\/pt-pt\/#\/schema\/logo\/image\/","url":"https:\/\/www.tomhemps.com\/wp-content\/uploads\/2019\/04\/Logo-2019-e1581413011332.jpg","contentUrl":"https:\/\/www.tomhemps.com\/wp-content\/uploads\/2019\/04\/Logo-2019-e1581413011332.jpg","width":460,"height":153,"caption":"Tom Hemp's CBD Shop"},"image":{"@id":"https:\/\/www.tomhemps.com\/pt-pt\/#\/schema\/logo\/image\/"},"sameAs":["https:\/\/www.facebook.com\/tomhempsberlin\/","https:\/\/www.instagram.com\/tomhemps_cbd\/","https:\/\/www.youtube.com\/channel\/UCbGxDacLx_DRKyder_zVoNw"]}]}},"fields":{"pi_tot":"Mais detalhes","pi_to":"<p><strong>Instru\u00e7\u00f5es de uso:<\/strong><\/p>\n<ol>\n<li><strong>Montagem:<\/strong> Anexe o cartucho \u00e0 bateria do vape pen.<\/li>\n<li><strong>Ativa\u00e7\u00e3o e inala\u00e7\u00e3o:<\/strong> Ligue o dispositivo e inale simultaneamente atrav\u00e9s do bocal.<\/li>\n<li><strong>Controle de consumo:<\/strong> Comece com pequenas tragadas, inalando por cerca de 5 a 8 segundos na primeira vez.<\/li>\n<\/ol>\n<p><strong>Por que escolher o CBD Wax Vape Pen tudo-em-um?<\/strong><\/p>\n<ul>\n<li><strong>Facilidade de uso:<\/strong> Basta montar, carregar e inalar.<\/li>\n<li><strong>Variedade de sabores:<\/strong> Cepas de alta qualidade como Purpleberry, Alien Haze e Natural oferecem experi\u00eancias diversificadas.<\/li>\n<li><strong>Design pr\u00e1tico:<\/strong> Tamanho compacto, f\u00e1cil de transportar, com um bocal elegante.<\/li>\n<li><strong>Sustent\u00e1vel e recarreg\u00e1vel:<\/strong> Equipado com uma bateria de rosca 510 que \u00e9 f\u00e1cil de recarregar e oferece uso duradouro.<\/li>\n<\/ul>\n<p>&nbsp;<\/p>\n","pi_tst":"Carater\u00edsticas","pi_ts":"<p><strong>Caracter\u00edsticas principais:<\/strong><\/p>\n<ul>\n<li><strong>Ingredientes:<\/strong> Extrato de c\u00e2nhamo, terpenos<\/li>\n<li><strong>Espectro amplo:<\/strong> Cont\u00e9m uma variedade de canabinoides<\/li>\n<li><strong>Conte\u00fado de canabinoides:<\/strong> 850 mg\n<ul>\n<li><strong>CBD:<\/strong> 70%<\/li>\n<li><strong>CBG:<\/strong> 15%<\/li>\n<li><strong>CBDV:<\/strong> 0,2-0,5%<\/li>\n<li><strong>THC:<\/strong> Menos de 0,2%<\/li>\n<\/ul>\n<\/li>\n<li><strong>Perfil de sabor:<\/strong> Frutado, tropical, ameixa<\/li>\n<\/ul>\n<p><strong>O conjunto do Vape Pen inclui:<\/strong><\/p>\n<ul>\n<li>Atomizador com tecnologia CCELL e elemento de aquecimento de cer\u00e2mica porosa<\/li>\n<li>Ativa\u00e7\u00e3o por inala\u00e7\u00e3o<\/li>\n<li>Bateria Li-ion de 200 mAh<\/li>\n<li>Cartucho de vidro de 1 ml<\/li>\n<li>Carregador USB<\/li>\n<li>Bocal de rosca<\/li>\n<li>Adequado para viscosidades de at\u00e9 110.000 cPs<\/li>\n<\/ul>\n","smoking_product":true,"pi_dd":false,"pi_t":164649,"pi_hd":561737,"pi_hm":561737},"_links":{"self":[{"href":"https:\/\/www.tomhemps.com\/pt-pt\/wp-json\/wp\/v2\/product\/628925"}],"collection":[{"href":"https:\/\/www.tomhemps.com\/pt-pt\/wp-json\/wp\/v2\/product"}],"about":[{"href":"https:\/\/www.tomhemps.com\/pt-pt\/wp-json\/wp\/v2\/types\/product"}],"replies":[{"embeddable":true,"href":"https:\/\/www.tomhemps.com\/pt-pt\/wp-json\/wp\/v2\/comments?post=628925"}],"wp:featuredmedia":[{"embeddable":true,"href":"https:\/\/www.tomhemps.com\/pt-pt\/wp-json\/wp\/v2\/media\/628931"}],"wp:attachment":[{"href":"https:\/\/www.tomhemps.com\/pt-pt\/wp-json\/wp\/v2\/media?parent=628925"}],"wp:term":[{"taxonomy":"product_cat","embeddable":true,"href":"https:\/\/www.tomhemps.com\/pt-pt\/wp-json\/wp\/v2\/product_cat?post=628925"},{"taxonomy":"product_tag","embeddable":true,"href":"https:\/\/www.tomhemps.com\/pt-pt\/wp-json\/wp\/v2\/product_tag?post=628925"}],"curies":[{"name":"wp","href":"https:\/\/api.w.org\/{rel}","templated":true}]}}