{"id":629516,"date":"2025-02-06T17:57:16","date_gmt":"2025-02-06T16:57:17","guid":{"rendered":"https:\/\/www.tomhemps.com\/?post_type=product&#038;p=629516"},"modified":"2025-02-06T18:38:48","modified_gmt":"2025-02-06T17:38:48","slug":"cbd-wax-cartucho-purpleberry","status":"publish","type":"product","link":"https:\/\/www.tomhemps.com\/pt-pt\/prp\/cbd-wax-cartucho-purpleberry\/","title":{"rendered":"CBD Wax Cartucho Purpleberry"},"content":{"rendered":"","protected":false},"excerpt":{"rendered":"<p><strong>A Cartucho de Cera de CBD Purpleberry da Tom Hemp\u2019s<\/strong> \u00e9 a escolha modesta, mas impressionante, para aqueles que valorizam produtos de CBD de alta qualidade. Feito com <strong>c\u00e2nhamo industrial europeu premium<\/strong>, nosso cartucho de vidro cont\u00e9m <strong>70% de CBD puro<\/strong> e utiliza a <strong>tecnologia avan\u00e7ada de aquecimento cer\u00e2mico CCELL<\/strong>. Essa tecnologia garante a <strong>preserva\u00e7\u00e3o de todo o espectro de canabinoides e terpenos<\/strong>, proporcionando uma experi\u00eancia de vaporiza\u00e7\u00e3o suave e agrad\u00e1vel. Acreditamos que a qualidade est\u00e1 na simplicidade \u2013 assim como o <strong>Cartucho de Cera de CBD<\/strong>, que oferece um prazer discreto sem compromissos. \u00c0s vezes, s\u00e3o os pequenos detalhes que fazem a diferen\u00e7a&#8230; <strong>Compat\u00edvel de forma ideal com a <a href=\"https:\/\/www.tomhemps.com\/pt-pt\/prp\/cbd-wax-vape-purpleberry\/\">Vape Pen da Tom Hemp\u2019s<\/a><\/strong>. Dispon\u00edvel tamb\u00e9m nas vers\u00f5es<a href=\"https:\/\/www.tomhemps.com\/pt-pt\/prp\/cbd-wax-cartucho\/\"> <strong>Natural<\/strong> <\/a>e <strong>Alien Haze.<\/strong><\/p>\n","protected":false},"featured_media":461115,"comment_status":"open","ping_status":"closed","template":"","meta":{"_acf_changed":false},"product_cat":[2541,5004,1090],"product_tag":[],"acf":[],"yoast_head":"<!-- This site is optimized with the Yoast SEO Premium plugin v22.8 (Yoast SEO v22.8) - https:\/\/yoast.com\/wordpress\/plugins\/seo\/ -->\n<title>CBD Wax CartuchoCBD Wax Cartucho Purpleberry<\/title>\n<meta name=\"description\" content=\"CBD Wax Cartucho Purpleberry s\u00e3o um m\u00e9todo popular de consumo de canabidiol (CBD) devido \u00e0 sua pot\u00eancia e ao r\u00e1pido in\u00edcio dos efeitos.\" \/>\n<meta name=\"robots\" content=\"index, follow, max-snippet:-1, max-image-preview:large, max-video-preview:-1\" \/>\n<link rel=\"canonical\" href=\"https:\/\/www.tomhemps.com\/pt-pt\/prp\/cbd-wax-cartucho-purpleberry\/\" \/>\n<meta property=\"og:locale\" content=\"pt_PT\" \/>\n<meta property=\"og:type\" content=\"article\" \/>\n<meta property=\"og:title\" content=\"CBD Wax Cartucho Purpleberry\" \/>\n<meta property=\"og:description\" content=\"CBD Wax Cartucho Purpleberry s\u00e3o um m\u00e9todo popular de consumo de canabidiol (CBD) devido \u00e0 sua pot\u00eancia e ao r\u00e1pido in\u00edcio dos efeitos.\" \/>\n<meta property=\"og:url\" content=\"https:\/\/www.tomhemps.com\/pt-pt\/prp\/cbd-wax-cartucho-purpleberry\/\" \/>\n<meta property=\"og:site_name\" content=\"Your CBD Shop | Your CBD Brand | born in Berlin\" \/>\n<meta property=\"article:publisher\" content=\"https:\/\/www.facebook.com\/tomhempsberlin\/\" \/>\n<meta property=\"article:modified_time\" content=\"2025-02-06T17:38:48+00:00\" \/>\n<meta property=\"og:image\" content=\"https:\/\/www.tomhemps.com\/wp-content\/uploads\/2021\/08\/Tom_Hemps_product_wax_cartridge_purple_berry_small_box_product-1.png\" \/>\n\t<meta property=\"og:image:width\" content=\"1780\" \/>\n\t<meta property=\"og:image:height\" content=\"1600\" \/>\n\t<meta property=\"og:image:type\" content=\"image\/png\" \/>\n<meta name=\"twitter:card\" content=\"summary_large_image\" \/>\n<meta name=\"twitter:label1\" content=\"Tempo estimado de leitura\" \/>\n\t<meta name=\"twitter:data1\" content=\"2 minutos\" \/>\n<script type=\"application\/ld+json\" class=\"yoast-schema-graph\">{\"@context\":\"https:\/\/schema.org\",\"@graph\":[{\"@type\":\"WebPage\",\"@id\":\"https:\/\/www.tomhemps.com\/pt-pt\/prp\/cbd-wax-cartucho-purpleberry\/\",\"url\":\"https:\/\/www.tomhemps.com\/pt-pt\/prp\/cbd-wax-cartucho-purpleberry\/\",\"name\":\"CBD Wax CartuchoCBD Wax Cartucho Purpleberry\",\"isPartOf\":{\"@id\":\"https:\/\/www.tomhemps.com\/pt-pt\/#website\"},\"primaryImageOfPage\":{\"@id\":\"https:\/\/www.tomhemps.com\/pt-pt\/prp\/cbd-wax-cartucho-purpleberry\/#primaryimage\"},\"image\":{\"@id\":\"https:\/\/www.tomhemps.com\/pt-pt\/prp\/cbd-wax-cartucho-purpleberry\/#primaryimage\"},\"thumbnailUrl\":\"https:\/\/www.tomhemps.com\/wp-content\/uploads\/2021\/08\/Tom_Hemps_product_wax_cartridge_purple_berry_small_box_product-1.png\",\"datePublished\":\"2025-02-06T16:57:17+00:00\",\"dateModified\":\"2025-02-06T17:38:48+00:00\",\"description\":\"CBD Wax Cartucho Purpleberry s\u00e3o um m\u00e9todo popular de consumo de canabidiol (CBD) devido \u00e0 sua pot\u00eancia e ao r\u00e1pido in\u00edcio dos efeitos.\",\"breadcrumb\":{\"@id\":\"https:\/\/www.tomhemps.com\/pt-pt\/prp\/cbd-wax-cartucho-purpleberry\/#breadcrumb\"},\"inLanguage\":\"pt-PT\",\"potentialAction\":[{\"@type\":\"ReadAction\",\"target\":[\"https:\/\/www.tomhemps.com\/pt-pt\/prp\/cbd-wax-cartucho-purpleberry\/\"]}]},{\"@type\":\"ImageObject\",\"inLanguage\":\"pt-PT\",\"@id\":\"https:\/\/www.tomhemps.com\/pt-pt\/prp\/cbd-wax-cartucho-purpleberry\/#primaryimage\",\"url\":\"https:\/\/www.tomhemps.com\/wp-content\/uploads\/2021\/08\/Tom_Hemps_product_wax_cartridge_purple_berry_small_box_product-1.png\",\"contentUrl\":\"https:\/\/www.tomhemps.com\/wp-content\/uploads\/2021\/08\/Tom_Hemps_product_wax_cartridge_purple_berry_small_box_product-1.png\",\"width\":1780,\"height\":1600},{\"@type\":\"BreadcrumbList\",\"@id\":\"https:\/\/www.tomhemps.com\/pt-pt\/prp\/cbd-wax-cartucho-purpleberry\/#breadcrumb\",\"itemListElement\":[{\"@type\":\"ListItem\",\"position\":1,\"name\":\"Startseite\",\"item\":\"https:\/\/www.tomhemps.com\/pt-pt\/\"},{\"@type\":\"ListItem\",\"position\":2,\"name\":\"Shop\",\"item\":\"https:\/\/www.tomhemps.com\/pt-pt\/shop\/\"},{\"@type\":\"ListItem\",\"position\":3,\"name\":\"CBD Wax Cartucho Purpleberry\"}]},{\"@type\":\"WebSite\",\"@id\":\"https:\/\/www.tomhemps.com\/pt-pt\/#website\",\"url\":\"https:\/\/www.tomhemps.com\/pt-pt\/\",\"name\":\"Your CBD Shop | Your CBD Brand | born in Berlin\",\"description\":\"CBD Shop Berlin\",\"publisher\":{\"@id\":\"https:\/\/www.tomhemps.com\/pt-pt\/#organization\"},\"potentialAction\":[{\"@type\":\"SearchAction\",\"target\":{\"@type\":\"EntryPoint\",\"urlTemplate\":\"https:\/\/www.tomhemps.com\/pt-pt\/?s={search_term_string}\"},\"query-input\":\"required name=search_term_string\"}],\"inLanguage\":\"pt-PT\"},{\"@type\":\"Organization\",\"@id\":\"https:\/\/www.tomhemps.com\/pt-pt\/#organization\",\"name\":\"Tom Hemp's CBD Shop\",\"alternateName\":\"Tom Hemp's Berlin\",\"url\":\"https:\/\/www.tomhemps.com\/pt-pt\/\",\"logo\":{\"@type\":\"ImageObject\",\"inLanguage\":\"pt-PT\",\"@id\":\"https:\/\/www.tomhemps.com\/pt-pt\/#\/schema\/logo\/image\/\",\"url\":\"https:\/\/www.tomhemps.com\/wp-content\/uploads\/2019\/04\/Logo-2019-e1581413011332.jpg\",\"contentUrl\":\"https:\/\/www.tomhemps.com\/wp-content\/uploads\/2019\/04\/Logo-2019-e1581413011332.jpg\",\"width\":460,\"height\":153,\"caption\":\"Tom Hemp's CBD Shop\"},\"image\":{\"@id\":\"https:\/\/www.tomhemps.com\/pt-pt\/#\/schema\/logo\/image\/\"},\"sameAs\":[\"https:\/\/www.facebook.com\/tomhempsberlin\/\",\"https:\/\/www.instagram.com\/tomhemps_cbd\/\",\"https:\/\/www.youtube.com\/channel\/UCbGxDacLx_DRKyder_zVoNw\"]}]}<\/script>\n<!-- \/ Yoast SEO Premium plugin. -->","yoast_head_json":{"title":"CBD Wax CartuchoCBD Wax Cartucho Purpleberry","description":"CBD Wax Cartucho Purpleberry s\u00e3o um m\u00e9todo popular de consumo de canabidiol (CBD) devido \u00e0 sua pot\u00eancia e ao r\u00e1pido in\u00edcio dos efeitos.","robots":{"index":"index","follow":"follow","max-snippet":"max-snippet:-1","max-image-preview":"max-image-preview:large","max-video-preview":"max-video-preview:-1"},"canonical":"https:\/\/www.tomhemps.com\/pt-pt\/prp\/cbd-wax-cartucho-purpleberry\/","og_locale":"pt_PT","og_type":"article","og_title":"CBD Wax Cartucho Purpleberry","og_description":"CBD Wax Cartucho Purpleberry s\u00e3o um m\u00e9todo popular de consumo de canabidiol (CBD) devido \u00e0 sua pot\u00eancia e ao r\u00e1pido in\u00edcio dos efeitos.","og_url":"https:\/\/www.tomhemps.com\/pt-pt\/prp\/cbd-wax-cartucho-purpleberry\/","og_site_name":"Your CBD Shop | Your CBD Brand | born in Berlin","article_publisher":"https:\/\/www.facebook.com\/tomhempsberlin\/","article_modified_time":"2025-02-06T17:38:48+00:00","og_image":[{"width":1780,"height":1600,"url":"https:\/\/www.tomhemps.com\/wp-content\/uploads\/2021\/08\/Tom_Hemps_product_wax_cartridge_purple_berry_small_box_product-1.png","type":"image\/png"}],"twitter_card":"summary_large_image","twitter_misc":{"Tempo estimado de leitura":"2 minutos"},"schema":{"@context":"https:\/\/schema.org","@graph":[{"@type":"WebPage","@id":"https:\/\/www.tomhemps.com\/pt-pt\/prp\/cbd-wax-cartucho-purpleberry\/","url":"https:\/\/www.tomhemps.com\/pt-pt\/prp\/cbd-wax-cartucho-purpleberry\/","name":"CBD Wax CartuchoCBD Wax Cartucho Purpleberry","isPartOf":{"@id":"https:\/\/www.tomhemps.com\/pt-pt\/#website"},"primaryImageOfPage":{"@id":"https:\/\/www.tomhemps.com\/pt-pt\/prp\/cbd-wax-cartucho-purpleberry\/#primaryimage"},"image":{"@id":"https:\/\/www.tomhemps.com\/pt-pt\/prp\/cbd-wax-cartucho-purpleberry\/#primaryimage"},"thumbnailUrl":"https:\/\/www.tomhemps.com\/wp-content\/uploads\/2021\/08\/Tom_Hemps_product_wax_cartridge_purple_berry_small_box_product-1.png","datePublished":"2025-02-06T16:57:17+00:00","dateModified":"2025-02-06T17:38:48+00:00","description":"CBD Wax Cartucho Purpleberry s\u00e3o um m\u00e9todo popular de consumo de canabidiol (CBD) devido \u00e0 sua pot\u00eancia e ao r\u00e1pido in\u00edcio dos efeitos.","breadcrumb":{"@id":"https:\/\/www.tomhemps.com\/pt-pt\/prp\/cbd-wax-cartucho-purpleberry\/#breadcrumb"},"inLanguage":"pt-PT","potentialAction":[{"@type":"ReadAction","target":["https:\/\/www.tomhemps.com\/pt-pt\/prp\/cbd-wax-cartucho-purpleberry\/"]}]},{"@type":"ImageObject","inLanguage":"pt-PT","@id":"https:\/\/www.tomhemps.com\/pt-pt\/prp\/cbd-wax-cartucho-purpleberry\/#primaryimage","url":"https:\/\/www.tomhemps.com\/wp-content\/uploads\/2021\/08\/Tom_Hemps_product_wax_cartridge_purple_berry_small_box_product-1.png","contentUrl":"https:\/\/www.tomhemps.com\/wp-content\/uploads\/2021\/08\/Tom_Hemps_product_wax_cartridge_purple_berry_small_box_product-1.png","width":1780,"height":1600},{"@type":"BreadcrumbList","@id":"https:\/\/www.tomhemps.com\/pt-pt\/prp\/cbd-wax-cartucho-purpleberry\/#breadcrumb","itemListElement":[{"@type":"ListItem","position":1,"name":"Startseite","item":"https:\/\/www.tomhemps.com\/pt-pt\/"},{"@type":"ListItem","position":2,"name":"Shop","item":"https:\/\/www.tomhemps.com\/pt-pt\/shop\/"},{"@type":"ListItem","position":3,"name":"CBD Wax Cartucho Purpleberry"}]},{"@type":"WebSite","@id":"https:\/\/www.tomhemps.com\/pt-pt\/#website","url":"https:\/\/www.tomhemps.com\/pt-pt\/","name":"Your CBD Shop | Your CBD Brand | born in Berlin","description":"CBD Shop Berlin","publisher":{"@id":"https:\/\/www.tomhemps.com\/pt-pt\/#organization"},"potentialAction":[{"@type":"SearchAction","target":{"@type":"EntryPoint","urlTemplate":"https:\/\/www.tomhemps.com\/pt-pt\/?s={search_term_string}"},"query-input":"required name=search_term_string"}],"inLanguage":"pt-PT"},{"@type":"Organization","@id":"https:\/\/www.tomhemps.com\/pt-pt\/#organization","name":"Tom Hemp's CBD Shop","alternateName":"Tom Hemp's Berlin","url":"https:\/\/www.tomhemps.com\/pt-pt\/","logo":{"@type":"ImageObject","inLanguage":"pt-PT","@id":"https:\/\/www.tomhemps.com\/pt-pt\/#\/schema\/logo\/image\/","url":"https:\/\/www.tomhemps.com\/wp-content\/uploads\/2019\/04\/Logo-2019-e1581413011332.jpg","contentUrl":"https:\/\/www.tomhemps.com\/wp-content\/uploads\/2019\/04\/Logo-2019-e1581413011332.jpg","width":460,"height":153,"caption":"Tom Hemp's CBD Shop"},"image":{"@id":"https:\/\/www.tomhemps.com\/pt-pt\/#\/schema\/logo\/image\/"},"sameAs":["https:\/\/www.facebook.com\/tomhempsberlin\/","https:\/\/www.instagram.com\/tomhemps_cbd\/","https:\/\/www.youtube.com\/channel\/UCbGxDacLx_DRKyder_zVoNw"]}]}},"fields":{"pi_tot":"Conte\u00fado","pi_to":"<p><strong>Modo de uso:<\/strong><\/p>\n<ul>\n<li>Rosqueie o <strong>cartucho de cera de CBD Purpleberry<\/strong> com a <strong>rosca 510<\/strong> no seu dispositivo de vaporiza\u00e7\u00e3o (de prefer\u00eancia com a <strong>Vape Pen da Tom Hemp\u2019s<\/strong>).<\/li>\n<li>Fixe o cartucho com cuidado at\u00e9 que esteja bem preso.<\/li>\n<li>Inspire por <strong>3 a 5 segundos<\/strong>.<\/li>\n<\/ul>\n<p><strong>Armazenamento e seguran\u00e7a:<\/strong><\/p>\n<ul>\n<li><strong>Apenas para uso \u00fanico.<\/strong><\/li>\n<li>Armazene <strong>na posi\u00e7\u00e3o vertical<\/strong>, em um <strong>local seco<\/strong> e \u00e0 <strong>temperatura ambiente<\/strong>.<\/li>\n<li>Mantenha <strong>fora do alcance de crian\u00e7as<\/strong>.<\/li>\n<\/ul>\n<h3><strong>O que s\u00e3o Cartuchos de Cera de CBD?<\/strong><\/h3>\n<p>Os <strong>Cartuchos de Cera de CBD Purpleberry<\/strong> s\u00e3o recipientes pr\u00e9-preenchidos com <strong>cera de CBD altamente concentrada<\/strong>, desenvolvidos especialmente para o <strong>uso com canetas de vaporiza\u00e7\u00e3o<\/strong>. Eles permitem uma <strong>absor\u00e7\u00e3o r\u00e1pida e eficaz<\/strong> do <strong>canabidiol (CBD)<\/strong> por inala\u00e7\u00e3o.<\/p>\n<p><strong>Principais caracter\u00edsticas:<\/strong><\/p>\n<ul>\n<li><strong>Alta concentra\u00e7\u00e3o de CBD<\/strong>: normalmente entre <strong>66% e 95%<\/strong>, garantindo um efeito potente.<\/li>\n<li><strong>Diferentes sabores<\/strong>: Dispon\u00edvel em <strong>Natural, Purpleberry e Alien Haze<\/strong>.<\/li>\n<li><strong>Compatibilidade<\/strong>: Adequado para <strong>cigarros eletr\u00f4nicos com rosca 510<\/strong>.<\/li>\n<li><strong>Terpenos naturais<\/strong>: Feito com <strong>100% de terpenos naturais<\/strong> para sabores aut\u00eanticos.<\/li>\n<\/ul>\n","pi_tst":"Carater\u00edsticas","pi_ts":"<p><strong>Propriedades do Cartucho de Cera de CBD Purpleberry:<\/strong><\/p>\n<ul>\n<li><strong>Ingredientes<\/strong>: Extrato de c\u00e2nhamo, terpenos naturais.<\/li>\n<li><strong>Teor de canabinoides<\/strong>: 850 mg.<\/li>\n<li><strong>CBD<\/strong>: 70%.<\/li>\n<li><strong>CBG<\/strong>: 15%.<\/li>\n<li><strong>CBDV<\/strong>: 0,2\u20130,5%.<\/li>\n<li><strong>THC<\/strong>: &lt;0,2%.<\/li>\n<li><strong>Aroma<\/strong>: Frutado, ameixa, tropical, doce.<\/li>\n<\/ul>\n<p><strong>Detalhes do produto:<\/strong><\/p>\n<ul>\n<li><strong>Design<\/strong>: Bobina cer\u00e2mica de alta qualidade com cartucho de vidro.<\/li>\n<li><strong>Capacidade<\/strong>: 1 ml.<\/li>\n<li><strong>Rosca<\/strong>: 510.<\/li>\n<\/ul>\n<p><strong>Conte\u00fado da embalagem:<\/strong><\/p>\n<ul>\n<li><strong>1x cartucho de cera de CBD Purpleberry pr\u00e9-preenchido<\/strong><\/li>\n<li><strong>Cartucho de vidro e cer\u00e2mica de 1 ml<\/strong><\/li>\n<li><strong>Rosca 510<\/strong><\/li>\n<\/ul>\n","pi_hd":false,"pi_hm":false,"smoking_product":true,"pi_dd":false,"pi_t":164649},"_links":{"self":[{"href":"https:\/\/www.tomhemps.com\/pt-pt\/wp-json\/wp\/v2\/product\/629516"}],"collection":[{"href":"https:\/\/www.tomhemps.com\/pt-pt\/wp-json\/wp\/v2\/product"}],"about":[{"href":"https:\/\/www.tomhemps.com\/pt-pt\/wp-json\/wp\/v2\/types\/product"}],"replies":[{"embeddable":true,"href":"https:\/\/www.tomhemps.com\/pt-pt\/wp-json\/wp\/v2\/comments?post=629516"}],"wp:featuredmedia":[{"embeddable":true,"href":"https:\/\/www.tomhemps.com\/pt-pt\/wp-json\/wp\/v2\/media\/461115"}],"wp:attachment":[{"href":"https:\/\/www.tomhemps.com\/pt-pt\/wp-json\/wp\/v2\/media?parent=629516"}],"wp:term":[{"taxonomy":"product_cat","embeddable":true,"href":"https:\/\/www.tomhemps.com\/pt-pt\/wp-json\/wp\/v2\/product_cat?post=629516"},{"taxonomy":"product_tag","embeddable":true,"href":"https:\/\/www.tomhemps.com\/pt-pt\/wp-json\/wp\/v2\/product_tag?post=629516"}],"curies":[{"name":"wp","href":"https:\/\/api.w.org\/{rel}","templated":true}]}}