{"id":635636,"date":"2025-07-23T20:05:03","date_gmt":"2025-07-23T18:05:04","guid":{"rendered":"https:\/\/www.tomhemps.com\/?post_type=product&#038;p=635636"},"modified":"2025-12-08T23:00:06","modified_gmt":"2025-12-08T22:00:06","slug":"cinzeiro-small-friends-sativa","status":"publish","type":"product","link":"https:\/\/www.tomhemps.com\/pt-pt\/prp\/cinzeiro-small-friends-sativa\/","title":{"rendered":"Cinzeiro Small Friends Sativa"},"content":{"rendered":"","protected":false},"excerpt":{"rendered":"<p>Com <strong>Small Friends Indica<\/strong>, grandes coisas tornam-se realidade! O elegante cinzeiro em verde brilhante d\u00e1 cor \u00e0 sua mesa \u2013 e eleva cada pausa para fumar a um novo n\u00edvel. Fabricado em material robusto, f\u00e1cil de limpar e, gra\u00e7as ao seu tamanho compacto, cabe em qualquer lugar, mesmo na varanda ou na sala de descanso. Amigos com Small Friends Indica para sempre&#8230;<\/p>\n","protected":false},"featured_media":635647,"comment_status":"open","ping_status":"closed","template":"","meta":{"_acf_changed":false},"product_cat":[2594,1163],"product_tag":[],"acf":[],"yoast_head":"<!-- This site is optimized with the Yoast SEO Premium plugin v22.8 (Yoast SEO v22.8) - https:\/\/yoast.com\/wordpress\/plugins\/seo\/ -->\n<title>Cinzeiro Small Friends Sativa<\/title>\n<meta name=\"description\" content=\"Cinzeiro elegante em metal com design Small Friends \u2013 robusto, resistente ao calor e perfeito para verdadeiros f\u00e3s. Descubra e encomende online agora!\" \/>\n<meta name=\"robots\" content=\"index, follow, max-snippet:-1, max-image-preview:large, max-video-preview:-1\" \/>\n<link rel=\"canonical\" href=\"https:\/\/www.tomhemps.com\/pt-pt\/prp\/cinzeiro-small-friends-sativa\/\" \/>\n<meta property=\"og:locale\" content=\"pt_PT\" \/>\n<meta property=\"og:type\" content=\"article\" \/>\n<meta property=\"og:title\" content=\"Cinzeiro Small Friends Sativa\" \/>\n<meta property=\"og:description\" content=\"Cinzeiro elegante em metal com design Small Friends \u2013 robusto, resistente ao calor e perfeito para verdadeiros f\u00e3s. Descubra e encomende online agora!\" \/>\n<meta property=\"og:url\" content=\"https:\/\/www.tomhemps.com\/pt-pt\/prp\/cinzeiro-small-friends-sativa\/\" \/>\n<meta property=\"og:site_name\" content=\"Your CBD Shop | Your CBD Brand | born in Berlin\" \/>\n<meta property=\"article:publisher\" content=\"https:\/\/www.facebook.com\/tomhempsberlin\/\" \/>\n<meta property=\"article:modified_time\" content=\"2025-12-08T22:00:06+00:00\" \/>\n<meta property=\"og:image\" content=\"https:\/\/www.tomhemps.com\/wp-content\/uploads\/2025\/07\/Ashtray_Metal_Small_Friends_Sativa_bg_removed.png.png\" \/>\n\t<meta property=\"og:image:width\" content=\"680\" \/>\n\t<meta property=\"og:image:height\" content=\"850\" \/>\n\t<meta property=\"og:image:type\" content=\"image\/png\" \/>\n<meta name=\"twitter:card\" content=\"summary_large_image\" \/>\n<meta name=\"twitter:label1\" content=\"Tempo estimado de leitura\" \/>\n\t<meta name=\"twitter:data1\" content=\"1 minuto\" \/>\n<script type=\"application\/ld+json\" class=\"yoast-schema-graph\">{\"@context\":\"https:\/\/schema.org\",\"@graph\":[{\"@type\":\"WebPage\",\"@id\":\"https:\/\/www.tomhemps.com\/pt-pt\/prp\/cinzeiro-small-friends-sativa\/\",\"url\":\"https:\/\/www.tomhemps.com\/pt-pt\/prp\/cinzeiro-small-friends-sativa\/\",\"name\":\"Cinzeiro Small Friends Sativa\",\"isPartOf\":{\"@id\":\"https:\/\/www.tomhemps.com\/pt-pt\/#website\"},\"primaryImageOfPage\":{\"@id\":\"https:\/\/www.tomhemps.com\/pt-pt\/prp\/cinzeiro-small-friends-sativa\/#primaryimage\"},\"image\":{\"@id\":\"https:\/\/www.tomhemps.com\/pt-pt\/prp\/cinzeiro-small-friends-sativa\/#primaryimage\"},\"thumbnailUrl\":\"https:\/\/www.tomhemps.com\/wp-content\/uploads\/2025\/07\/Ashtray_Metal_Small_Friends_Sativa_bg_removed.png.png\",\"datePublished\":\"2025-07-23T18:05:04+00:00\",\"dateModified\":\"2025-12-08T22:00:06+00:00\",\"description\":\"Cinzeiro elegante em metal com design Small Friends \u2013 robusto, resistente ao calor e perfeito para verdadeiros f\u00e3s. Descubra e encomende online agora!\",\"breadcrumb\":{\"@id\":\"https:\/\/www.tomhemps.com\/pt-pt\/prp\/cinzeiro-small-friends-sativa\/#breadcrumb\"},\"inLanguage\":\"pt-PT\",\"potentialAction\":[{\"@type\":\"ReadAction\",\"target\":[\"https:\/\/www.tomhemps.com\/pt-pt\/prp\/cinzeiro-small-friends-sativa\/\"]}]},{\"@type\":\"ImageObject\",\"inLanguage\":\"pt-PT\",\"@id\":\"https:\/\/www.tomhemps.com\/pt-pt\/prp\/cinzeiro-small-friends-sativa\/#primaryimage\",\"url\":\"https:\/\/www.tomhemps.com\/wp-content\/uploads\/2025\/07\/Ashtray_Metal_Small_Friends_Sativa_bg_removed.png.png\",\"contentUrl\":\"https:\/\/www.tomhemps.com\/wp-content\/uploads\/2025\/07\/Ashtray_Metal_Small_Friends_Sativa_bg_removed.png.png\",\"width\":680,\"height\":850},{\"@type\":\"BreadcrumbList\",\"@id\":\"https:\/\/www.tomhemps.com\/pt-pt\/prp\/cinzeiro-small-friends-sativa\/#breadcrumb\",\"itemListElement\":[{\"@type\":\"ListItem\",\"position\":1,\"name\":\"Startseite\",\"item\":\"https:\/\/www.tomhemps.com\/pt-pt\/\"},{\"@type\":\"ListItem\",\"position\":2,\"name\":\"Shop\",\"item\":\"https:\/\/www.tomhemps.com\/pt-pt\/shop\/\"},{\"@type\":\"ListItem\",\"position\":3,\"name\":\"Cinzeiro Small Friends Sativa\"}]},{\"@type\":\"WebSite\",\"@id\":\"https:\/\/www.tomhemps.com\/pt-pt\/#website\",\"url\":\"https:\/\/www.tomhemps.com\/pt-pt\/\",\"name\":\"Your CBD Shop | Your CBD Brand | born in Berlin\",\"description\":\"CBD Shop Berlin\",\"publisher\":{\"@id\":\"https:\/\/www.tomhemps.com\/pt-pt\/#organization\"},\"potentialAction\":[{\"@type\":\"SearchAction\",\"target\":{\"@type\":\"EntryPoint\",\"urlTemplate\":\"https:\/\/www.tomhemps.com\/pt-pt\/?s={search_term_string}\"},\"query-input\":\"required name=search_term_string\"}],\"inLanguage\":\"pt-PT\"},{\"@type\":\"Organization\",\"@id\":\"https:\/\/www.tomhemps.com\/pt-pt\/#organization\",\"name\":\"Tom Hemp's CBD Shop\",\"alternateName\":\"Tom Hemp's Berlin\",\"url\":\"https:\/\/www.tomhemps.com\/pt-pt\/\",\"logo\":{\"@type\":\"ImageObject\",\"inLanguage\":\"pt-PT\",\"@id\":\"https:\/\/www.tomhemps.com\/pt-pt\/#\/schema\/logo\/image\/\",\"url\":\"https:\/\/www.tomhemps.com\/wp-content\/uploads\/2019\/04\/Logo-2019-e1581413011332.jpg\",\"contentUrl\":\"https:\/\/www.tomhemps.com\/wp-content\/uploads\/2019\/04\/Logo-2019-e1581413011332.jpg\",\"width\":460,\"height\":153,\"caption\":\"Tom Hemp's CBD Shop\"},\"image\":{\"@id\":\"https:\/\/www.tomhemps.com\/pt-pt\/#\/schema\/logo\/image\/\"},\"sameAs\":[\"https:\/\/www.facebook.com\/tomhempsberlin\/\",\"https:\/\/www.instagram.com\/tomhemps_cbd\/\",\"https:\/\/www.youtube.com\/channel\/UCbGxDacLx_DRKyder_zVoNw\"]}]}<\/script>\n<!-- \/ Yoast SEO Premium plugin. -->","yoast_head_json":{"title":"Cinzeiro Small Friends Sativa","description":"Cinzeiro elegante em metal com design Small Friends \u2013 robusto, resistente ao calor e perfeito para verdadeiros f\u00e3s. Descubra e encomende online agora!","robots":{"index":"index","follow":"follow","max-snippet":"max-snippet:-1","max-image-preview":"max-image-preview:large","max-video-preview":"max-video-preview:-1"},"canonical":"https:\/\/www.tomhemps.com\/pt-pt\/prp\/cinzeiro-small-friends-sativa\/","og_locale":"pt_PT","og_type":"article","og_title":"Cinzeiro Small Friends Sativa","og_description":"Cinzeiro elegante em metal com design Small Friends \u2013 robusto, resistente ao calor e perfeito para verdadeiros f\u00e3s. Descubra e encomende online agora!","og_url":"https:\/\/www.tomhemps.com\/pt-pt\/prp\/cinzeiro-small-friends-sativa\/","og_site_name":"Your CBD Shop | Your CBD Brand | born in Berlin","article_publisher":"https:\/\/www.facebook.com\/tomhempsberlin\/","article_modified_time":"2025-12-08T22:00:06+00:00","og_image":[{"width":680,"height":850,"url":"https:\/\/www.tomhemps.com\/wp-content\/uploads\/2025\/07\/Ashtray_Metal_Small_Friends_Sativa_bg_removed.png.png","type":"image\/png"}],"twitter_card":"summary_large_image","twitter_misc":{"Tempo estimado de leitura":"1 minuto"},"schema":{"@context":"https:\/\/schema.org","@graph":[{"@type":"WebPage","@id":"https:\/\/www.tomhemps.com\/pt-pt\/prp\/cinzeiro-small-friends-sativa\/","url":"https:\/\/www.tomhemps.com\/pt-pt\/prp\/cinzeiro-small-friends-sativa\/","name":"Cinzeiro Small Friends Sativa","isPartOf":{"@id":"https:\/\/www.tomhemps.com\/pt-pt\/#website"},"primaryImageOfPage":{"@id":"https:\/\/www.tomhemps.com\/pt-pt\/prp\/cinzeiro-small-friends-sativa\/#primaryimage"},"image":{"@id":"https:\/\/www.tomhemps.com\/pt-pt\/prp\/cinzeiro-small-friends-sativa\/#primaryimage"},"thumbnailUrl":"https:\/\/www.tomhemps.com\/wp-content\/uploads\/2025\/07\/Ashtray_Metal_Small_Friends_Sativa_bg_removed.png.png","datePublished":"2025-07-23T18:05:04+00:00","dateModified":"2025-12-08T22:00:06+00:00","description":"Cinzeiro elegante em metal com design Small Friends \u2013 robusto, resistente ao calor e perfeito para verdadeiros f\u00e3s. Descubra e encomende online agora!","breadcrumb":{"@id":"https:\/\/www.tomhemps.com\/pt-pt\/prp\/cinzeiro-small-friends-sativa\/#breadcrumb"},"inLanguage":"pt-PT","potentialAction":[{"@type":"ReadAction","target":["https:\/\/www.tomhemps.com\/pt-pt\/prp\/cinzeiro-small-friends-sativa\/"]}]},{"@type":"ImageObject","inLanguage":"pt-PT","@id":"https:\/\/www.tomhemps.com\/pt-pt\/prp\/cinzeiro-small-friends-sativa\/#primaryimage","url":"https:\/\/www.tomhemps.com\/wp-content\/uploads\/2025\/07\/Ashtray_Metal_Small_Friends_Sativa_bg_removed.png.png","contentUrl":"https:\/\/www.tomhemps.com\/wp-content\/uploads\/2025\/07\/Ashtray_Metal_Small_Friends_Sativa_bg_removed.png.png","width":680,"height":850},{"@type":"BreadcrumbList","@id":"https:\/\/www.tomhemps.com\/pt-pt\/prp\/cinzeiro-small-friends-sativa\/#breadcrumb","itemListElement":[{"@type":"ListItem","position":1,"name":"Startseite","item":"https:\/\/www.tomhemps.com\/pt-pt\/"},{"@type":"ListItem","position":2,"name":"Shop","item":"https:\/\/www.tomhemps.com\/pt-pt\/shop\/"},{"@type":"ListItem","position":3,"name":"Cinzeiro Small Friends Sativa"}]},{"@type":"WebSite","@id":"https:\/\/www.tomhemps.com\/pt-pt\/#website","url":"https:\/\/www.tomhemps.com\/pt-pt\/","name":"Your CBD Shop | Your CBD Brand | born in Berlin","description":"CBD Shop Berlin","publisher":{"@id":"https:\/\/www.tomhemps.com\/pt-pt\/#organization"},"potentialAction":[{"@type":"SearchAction","target":{"@type":"EntryPoint","urlTemplate":"https:\/\/www.tomhemps.com\/pt-pt\/?s={search_term_string}"},"query-input":"required name=search_term_string"}],"inLanguage":"pt-PT"},{"@type":"Organization","@id":"https:\/\/www.tomhemps.com\/pt-pt\/#organization","name":"Tom Hemp's CBD Shop","alternateName":"Tom Hemp's Berlin","url":"https:\/\/www.tomhemps.com\/pt-pt\/","logo":{"@type":"ImageObject","inLanguage":"pt-PT","@id":"https:\/\/www.tomhemps.com\/pt-pt\/#\/schema\/logo\/image\/","url":"https:\/\/www.tomhemps.com\/wp-content\/uploads\/2019\/04\/Logo-2019-e1581413011332.jpg","contentUrl":"https:\/\/www.tomhemps.com\/wp-content\/uploads\/2019\/04\/Logo-2019-e1581413011332.jpg","width":460,"height":153,"caption":"Tom Hemp's CBD Shop"},"image":{"@id":"https:\/\/www.tomhemps.com\/pt-pt\/#\/schema\/logo\/image\/"},"sameAs":["https:\/\/www.facebook.com\/tomhempsberlin\/","https:\/\/www.instagram.com\/tomhemps_cbd\/","https:\/\/www.youtube.com\/channel\/UCbGxDacLx_DRKyder_zVoNw"]}]}},"fields":{"smoking_product":false,"pi_hd":false,"pi_hm":false,"pi_tot":"Conte\u00fado","pi_to":"<p>1x Cinzeiro De Metal<\/p>\n","pi_tst":"Mais detalhes","pi_ts":"<p>Di\u00e2metro: \u00d8 168mm<br \/>\nPeso: 34g<\/p>\n","pi_dd":635637,"pi_t":164649},"_links":{"self":[{"href":"https:\/\/www.tomhemps.com\/pt-pt\/wp-json\/wp\/v2\/product\/635636"}],"collection":[{"href":"https:\/\/www.tomhemps.com\/pt-pt\/wp-json\/wp\/v2\/product"}],"about":[{"href":"https:\/\/www.tomhemps.com\/pt-pt\/wp-json\/wp\/v2\/types\/product"}],"replies":[{"embeddable":true,"href":"https:\/\/www.tomhemps.com\/pt-pt\/wp-json\/wp\/v2\/comments?post=635636"}],"wp:featuredmedia":[{"embeddable":true,"href":"https:\/\/www.tomhemps.com\/pt-pt\/wp-json\/wp\/v2\/media\/635647"}],"wp:attachment":[{"href":"https:\/\/www.tomhemps.com\/pt-pt\/wp-json\/wp\/v2\/media?parent=635636"}],"wp:term":[{"taxonomy":"product_cat","embeddable":true,"href":"https:\/\/www.tomhemps.com\/pt-pt\/wp-json\/wp\/v2\/product_cat?post=635636"},{"taxonomy":"product_tag","embeddable":true,"href":"https:\/\/www.tomhemps.com\/pt-pt\/wp-json\/wp\/v2\/product_tag?post=635636"}],"curies":[{"name":"wp","href":"https:\/\/api.w.org\/{rel}","templated":true}]}}